{"id":12,"date":"2010-12-09T12:08:50","date_gmt":"2010-12-09T12:08:50","guid":{"rendered":"https:\/\/blogs.ua.es\/carlosv\/"},"modified":"2010-12-11T07:20:17","modified_gmt":"2010-12-11T07:20:17","slug":"descendientes","status":"publish","type":"page","link":"https:\/\/blogs.ua.es\/carlosv\/descendientes\/","title":{"rendered":"Descendientes"},"content":{"rendered":"<p>La \u00fanica mujer (algo extra\u00f1o en esta \u00e9poca, s\u00f3lo hay que ver a Enrique VIII, con sus seis esposas) de Carlos I de Espa\u00f1a y V de Alemania fue:<\/p>\n<p><strong>Isabel de Portugal.<\/strong><\/p>\n<p><strong><a href=\"https:\/\/blogs.ua.es\/carlosv\/files\/2010\/12\/Isabel-de-Portugal-1.jpg\"><img loading=\"lazy\" decoding=\"async\" class=\"alignleft size-full wp-image-112\" src=\"https:\/\/blogs.ua.es\/carlosv\/files\/2010\/12\/Isabel-de-Portugal-1.jpg\" alt=\"\" width=\"146\" height=\"180\" \/><\/a><br \/>\n<\/strong><\/p>\n<p>Nacida en Lisboa en el a\u00f1o 1503. Era la segunda hija de Manuel I de Portugal y de su segunda esposa Mar\u00eda de Arag\u00f3n y Castilla (t\u00eda de Carlos V, por lo tanto Carlos e Isabel eran primos).<\/p>\n<p>Se cas\u00f3 con Carlos V en 1526, este enlace fue muy importante para la monarqu\u00eda hispana desde el punto de vista econ\u00f3mico, ya que Isabel aport\u00f3 una cuantiosa dote. A pesar de que el matrimonio se realiz\u00f3 por motivos pol\u00edticos, se dice que fue una pareja feliz, y tras la muerte de Isabel en 1539 por el parto de su \u00faltimo hijo, que tambi\u00e9n muri\u00f3, Carlos no volvi\u00f3 a contraer matrimonio.<\/p>\n<p>Isabel no fue Reina de Espa\u00f1a, ya que la titular y propietaria todav\u00eda viv\u00eda, Juana la Loca (morir\u00eda en 1555). Sin embargo, actu\u00f3 como gobernadora de los reinos espa\u00f1oles durante los viajes por Europa de su marido.<\/p>\n<p>Carlos e Isabel, tuvieron un total de seis hijos:<\/p>\n<p><strong>Felipe II de Espa\u00f1a:<\/strong><\/p>\n<p><strong><a href=\"https:\/\/blogs.ua.es\/carlosv\/files\/2010\/12\/42_felipeII.jpg\"><img loading=\"lazy\" decoding=\"async\" class=\"alignleft size-full wp-image-113\" src=\"https:\/\/blogs.ua.es\/carlosv\/files\/2010\/12\/42_felipeII.jpg\" alt=\"\" width=\"200\" height=\"213\" \/><\/a><br \/>\n<\/strong><\/p>\n<p>Su primog\u00e9nito y heredero naci\u00f3 en Valladolid en 1527. Fue Rey de Espa\u00f1a desde 1556, de N\u00e1poles y Sicilia desde 1554 y de Portugal y los Algarves desde 1580, realizando una ansiada uni\u00f3n din\u00e1stica con Portugal, que dur\u00f3 60 a\u00f1os. Fue tambi\u00e9n rey de Inglaterra por su matrimonio con Mar\u00eda I (hija de Enrique VIII), entre 1554 y 1558.<\/p>\n<p>Muri\u00f3 a los 78 a\u00f1os de edad en 1598. Durante sus \u00faltimos a\u00f1os de vida la gota le tuvo postrado, incluso lleg\u00f3 a perder la movilidad de la mano derecha\u00a0impidi\u00e9ndole\u00a0firmar los documentos. Despu\u00e9s de sufrir durante sus \u00faltimos d\u00edas una gran cantidad de enfermedades: gota, artrosis, fiebres tercianas, hidropesia, etc. muri\u00f3 y fue enterrado en el Monasterio de el Escorial que el mismo hab\u00eda mandado construir.<\/p>\n<p>Era llamado como el Rey Prudente, puesto que se neg\u00f3 a que escribieran biograf\u00edas suyas en vida y orden\u00f3 la destrucci\u00f3n de su correspondencia.<\/p>\n<p>Es conocido por sus enemigos por su Leyenda Negra, en la que Felipe II aparece como un ser fan\u00e1tico, desp\u00f3tico, criminal, monstruo imperialista y genocida. Adem\u00e1s sus victorias fueron minimizadas hasta lo anecd\u00f3tico y sus derrotas magnificadas en exceso, como el desastre de la Armada Invencible.<\/p>\n<p><strong>Mar\u00eda de Austria y Portugal.<\/strong><\/p>\n<p><strong><a href=\"https:\/\/blogs.ua.es\/carlosv\/files\/2010\/12\/200px-Infanta_Maria_of_Spain.jpg\"><img loading=\"lazy\" decoding=\"async\" class=\"alignleft size-medium wp-image-114\" src=\"https:\/\/blogs.ua.es\/carlosv\/files\/2010\/12\/200px-Infanta_Maria_of_Spain-169x300.jpg\" alt=\"\" width=\"118\" height=\"210\" srcset=\"https:\/\/blogs.ua.es\/carlosv\/files\/2010\/12\/200px-Infanta_Maria_of_Spain-169x300.jpg 169w, https:\/\/blogs.ua.es\/carlosv\/files\/2010\/12\/200px-Infanta_Maria_of_Spain.jpg 200w\" sizes=\"auto, (max-width: 118px) 100vw, 118px\" \/><\/a><br \/>\n<\/strong><\/p>\n<p>Nacida en Madrid en 1528. Creci\u00f3 y fue criada entre Toledo y Valladolid junto a sus otros hermanos, as\u00ed pese a la ausencia de su padre y la temprana muerte de su madre, tuvieron una fuerte base familiar con igual entendimiento y puntos de visi\u00f3n cuando les llegara la hora de gobernar.<\/p>\n<p>Por orden de su padre se cas\u00f3 con su primo, Maximiliano II, siendo regentes durante alg\u00fan tiempo en las frecuentes ausencias del emperador en Espa\u00f1a.<\/p>\n<p>Desde 1552 vivi\u00f3 permanentemente en Viena.<\/p>\n<p>Tuvo una gran influencia entre sus hijos, un total de 15!!, entre los que destacan los futuros emperadores Rodolfo II y Mat\u00edas.<\/p>\n<p>Tras la muerte de su esposo, regres\u00f3 a Espa\u00f1a en 1582 retir\u00e1ndose a un convento junto a su hija Margarita hasta el d\u00eda de su muerte en 1603.<\/p>\n<p><strong>Fernando.<\/strong><\/p>\n<p>Nacido en marzo de 1529, muri\u00f3 apenas un a\u00f1o despu\u00e9s.<\/p>\n<p><strong>Juana de Austria.<\/strong><\/p>\n<p><strong><a href=\"https:\/\/blogs.ua.es\/carlosv\/files\/2010\/12\/juana.jpg\"><img loading=\"lazy\" decoding=\"async\" class=\"alignleft size-medium wp-image-115\" src=\"https:\/\/blogs.ua.es\/carlosv\/files\/2010\/12\/juana-193x300.jpg\" alt=\"\" width=\"135\" height=\"210\" srcset=\"https:\/\/blogs.ua.es\/carlosv\/files\/2010\/12\/juana-193x300.jpg 193w, https:\/\/blogs.ua.es\/carlosv\/files\/2010\/12\/juana.jpg 296w\" sizes=\"auto, (max-width: 135px) 100vw, 135px\" \/><\/a><br \/>\n<\/strong><\/p>\n<p>Nacida en 1535 en Madrid, fue llamada as\u00ed en honor de su abuela paterna Juana de Castilla. A los ocho a\u00f1os ya entend\u00eda el lat\u00edn y sab\u00eda tocar instrumentos musicales.<\/p>\n<p>En 1552 se cas\u00f3 con su primo hermano, el pr\u00edncipe heredero de Portugal, Juan Manuel de Portugal. Este enlace fue crucial para la historia de los pa\u00edses ib\u00e9ricos ya que supuso el motivo suficiente para la subida al trono portugu\u00e9s de Felipe II con el nombre de Felipe I de Portugal.<\/p>\n<p>Pero su marido muri\u00f3 en 1554 debido a la tuberculosis, pero eso s\u00ed, dejando un futuro heredero, Sebasti\u00e1n I.<\/p>\n<p>A petici\u00f3n de su padre, Carlos V, que ya en estos momentos (1554) ten\u00eda intenci\u00f3n de abdicar regres\u00f3 a Espa\u00f1a, asumiendo por un tiempo la regencia del pa\u00eds, debido a la ausencia de su padre y de su hermano y sucesor al trono, Felipe II, que se encontraba en Inglaterra para casarse con Mar\u00eda Tudor.<\/p>\n<p>En 1559, a la vuelta de Felipe II, se retir\u00f3 de la vida pol\u00edtica para dedicarse a\u00fan m\u00e1s a la vida religiosa, tuvo un papel dentro de la<a href=\"http:\/\/es.wikipedia.org\/wiki\/Compa%C3%B1%C3%ADa_de_Jes%C3%BAs\" target=\"_blank\"> Compa\u00f1\u00eda de Jes\u00fas<\/a>, siendo la \u00fanica mujer que ingresar\u00e1 en dicha orden religiosa masculina.<\/p>\n<p>Finalmente muri\u00f3 en 1573.<\/p>\n<p><strong>Juan.<\/strong><\/p>\n<p>Naci\u00f3 en octubre de 1537 y muri\u00f3 sin llegar al a\u00f1o de vida.<\/p>\n<p><strong>Juan.<\/strong><\/p>\n<p>Nacido el 30 de abril de 1539 y muerto ese mismo d\u00eda, a consecuencia de su parto muri\u00f3 tambi\u00e9n su madre Isabel.<\/p>\n","protected":false},"excerpt":{"rendered":"<p>La \u00fanica mujer (algo extra\u00f1o en esta \u00e9poca, s\u00f3lo hay que ver a Enrique VIII, con sus seis esposas) de Carlos I de Espa\u00f1a y V de Alemania fue: Isabel de Portugal. Nacida en Lisboa en el a\u00f1o 1503. Era la segunda hija de Manuel I de Portugal y de su segunda esposa Mar\u00eda de [&hellip;]<\/p>\n","protected":false},"author":1876,"featured_media":0,"parent":0,"menu_order":0,"comment_status":"open","ping_status":"open","template":"","meta":{"footnotes":""},"class_list":["post-12","page","type-page","status-publish","hentry"],"_links":{"self":[{"href":"https:\/\/blogs.ua.es\/carlosv\/wp-json\/wp\/v2\/pages\/12","targetHints":{"allow":["GET"]}}],"collection":[{"href":"https:\/\/blogs.ua.es\/carlosv\/wp-json\/wp\/v2\/pages"}],"about":[{"href":"https:\/\/blogs.ua.es\/carlosv\/wp-json\/wp\/v2\/types\/page"}],"author":[{"embeddable":true,"href":"https:\/\/blogs.ua.es\/carlosv\/wp-json\/wp\/v2\/users\/1876"}],"replies":[{"embeddable":true,"href":"https:\/\/blogs.ua.es\/carlosv\/wp-json\/wp\/v2\/comments?post=12"}],"version-history":[{"count":5,"href":"https:\/\/blogs.ua.es\/carlosv\/wp-json\/wp\/v2\/pages\/12\/revisions"}],"predecessor-version":[{"id":40,"href":"https:\/\/blogs.ua.es\/carlosv\/wp-json\/wp\/v2\/pages\/12\/revisions\/40"}],"wp:attachment":[{"href":"https:\/\/blogs.ua.es\/carlosv\/wp-json\/wp\/v2\/media?parent=12"}],"curies":[{"name":"wp","href":"https:\/\/api.w.org\/{rel}","templated":true}]}}