{"id":26,"date":"2010-11-21T15:33:57","date_gmt":"2010-11-21T15:33:57","guid":{"rendered":"https:\/\/blogs.ua.es\/carlosv\/"},"modified":"2010-12-09T20:49:38","modified_gmt":"2010-12-09T20:49:38","slug":"hermanos","status":"publish","type":"page","link":"https:\/\/blogs.ua.es\/carlosv\/hermanos\/","title":{"rendered":"Hermanos"},"content":{"rendered":"<p>Para profundizar m\u00e1s en la estructura familiar de Carlos, voy a hablar a continuaci\u00f3n de sus cinco hermanos.<\/p>\n<p><strong>Leonor de Austria.<\/strong><\/p>\n<p><a href=\"https:\/\/blogs.ua.es\/carlosv\/files\/2010\/12\/Joos_van_Cleve_003.jpg\"><img loading=\"lazy\" decoding=\"async\" class=\"alignleft size-thumbnail wp-image-43\" src=\"https:\/\/blogs.ua.es\/carlosv\/files\/2010\/12\/Joos_van_Cleve_003-150x150.jpg\" alt=\"\" width=\"150\" height=\"150\" \/><\/a><\/p>\n<p>La hermana mayor de Carlos fue Leonor de Austria, nacida en 1498 en Lovaina, dos a\u00f1os antes del nacimiento de Carlos. Fue reina consorte de Portugal y de Francia.<\/p>\n<p>Fue conocida por su belleza, por lo que fue pretendida por m\u00faltiples monarcas. Su primer matrimonio fruto de la pol\u00edtica matrimonial de los Habsburgo se produjo con su t\u00edo, Manuel I de Portugal en el a\u00f1o 1519. De \u00e9l nacieron Carlos y Mar\u00eda. Pero pronto su marido muri\u00f3 y Leonor con 23 a\u00f1os decidi\u00f3 volver junto a su hermano Carlos, dejando en Portugal a su hija Mar\u00eda, ya que su otro hijo Carlos muri\u00f3 al poco de nacer.<\/p>\n<p>Su segundo matrimonio se produjo con Francisco I de Francia que manten\u00eda una gran rivalidad con Carlos V, pero con la firma del<a href=\"http:\/\/es.wikipedia.org\/wiki\/Paz_de_Cambrai\" target=\"_blank\"> tratado de las Damas<\/a> se acord\u00f3 el matrimonio. Leonor llegaba a este matrimonio muy desmejorada, con elefantiasis, una enfermedad que hincha las piernas, dej\u00e1ndolas amoratadas, por estos motivos su esposo la rechazaba y despreciaba y se marchaba con otras mujeres. El matrimonio no tuvo hijos y tras la muerte de Francisco, Leonor volvi\u00f3 al lado de su hermano.<\/p>\n<p>Muestra de la gran uni\u00f3n entre hermanos fue, que tras abdicar Carlos V y retirarse al monasterio de Yuste, su hermana lo acompa\u00f1o.<\/p>\n<p>Finalmente Leonor morir\u00e1 en 1558, tras haber sufrido el rechazo de su hija Mar\u00eda por abandonarla en Portugal.<\/p>\n<p><strong>Isabel de Austria.<\/strong><\/p>\n<p><a href=\"https:\/\/blogs.ua.es\/carlosv\/files\/2010\/11\/isabel-de-austria1.jpg\"><img loading=\"lazy\" decoding=\"async\" class=\"alignright size-thumbnail wp-image-52\" src=\"https:\/\/blogs.ua.es\/carlosv\/files\/2010\/11\/isabel-de-austria1-150x150.jpg\" alt=\"\" width=\"150\" height=\"150\" \/><\/a><\/p>\n<p>Tras el nacimiento de Carlos V en el a\u00f1o 1500, la siguiente fue su hermana Isabel, nacida en 1501.<\/p>\n<p>Se cas\u00f3 con Cristi\u00e1n II de Dinamarca y Noruega, quien tambi\u00e9n era aspirante a la corona de Suecia por herencia de la <a href=\"http:\/\/es.wikipedia.org\/wiki\/Uni%C3%B3n_de_Kalmar\" target=\"_blank\">Uni\u00f3n de Kalmar<\/a>. Al principio su relaci\u00f3n fue complicada puesto que Isabel no sab\u00eda dan\u00e9s y deb\u00eda comunicarse con el rey mediante traductores, pero pronto aprender\u00eda el idioma de su esposo ganando su cari\u00f1o y el de sus s\u00fabditos. Del matrimonio nacer\u00e1n un total de seis hijos.<\/p>\n<p>En 1519, se convirti\u00f3 en la reina de Suecia pero los problemas no tardaran en llegar y tanto en Suecia, como posteriormente en Dinamarca hay sublevaciones contra los monarcas y Cristi\u00e1n e Isabel deciden abandonar Dinamarca rumbo a los Pa\u00edses Bajos, donde ser\u00edan recibidos por Margarita de Austria.<\/p>\n<p>Tras los intentos fallidos de recuperar su reinado, Isabel falleci\u00f3 en 1526, no sin antes pedir a su t\u00eda Margarita que apoye a sus hijos y a su esposo para recuperar el trono de Dinamarca.<\/p>\n<p><strong>Fernando I de Habsburgo.<\/strong><\/p>\n<p><a href=\"https:\/\/blogs.ua.es\/carlosv\/files\/2010\/11\/FER6.png\"><img loading=\"lazy\" decoding=\"async\" class=\"alignleft size-thumbnail wp-image-55\" src=\"https:\/\/blogs.ua.es\/carlosv\/files\/2010\/11\/FER6-150x150.png\" alt=\"\" width=\"150\" height=\"150\" \/><\/a><\/p>\n<p>El \u00fanico hermano var\u00f3n de Carlos V fue Fernando I de Habsburgo. Fue el nieto preferido de Fernando el Cat\u00f3lico, fue educado a la espa\u00f1ola lo que conllevar\u00e1 muchos conflictos ya que en Espa\u00f1a prefer\u00edan a un rey educado en su propio pa\u00eds que a un rey educado en el extranjero como era Carlos V. As\u00ed que Carlos para evitar problemas lo env\u00eda a Flandes, donde le concede el t\u00edtulo de archiduque de Austria, tras la muerte de su abuelo Maximiliano.<\/p>\n<p>Se cas\u00f3 con Ana de Bohemia y Hungr\u00eda, con la que tuvo la asombrosa cantidad de 15 hijos!!, lo que le proporcion\u00f3 tras la muerte del padre de \u00e9sta, el t\u00edtulo de rey de Hungr\u00eda y Bohemia. Durante su reinado se\u00a0vio\u00a0continuamente amenazado por los turcos y por otros candidatos al trono h\u00fangaro.<\/p>\n<p>Fernando fue elegido como Rey de Romanos, condici\u00f3n previa para ser nombrado emperador en 1531. Inicialmente sigui\u00f3 la pol\u00edtica de Carlos casi incondicionalmente pero el plan de Carlos de dejar a su hijo Felipe la corona imperial los distanci\u00f3. Finalmente Carlos acept\u00f3 excluir a Felipe de la sucesi\u00f3n alemana, la cual paso al hijo de Fernando, el futuro Maximiliano II. Tras la abdicaci\u00f3n de Carlos V , Fernando fue nombrado emperador del Sacro Imperio Romano Germ\u00e1nico en 1558.<\/p>\n<p>En el conflicto con los protestantes, Fernando se mostr\u00f3 m\u00e1s flexible que su hermano, durante su reinado aument\u00f3 las posesiones hereditarias de los Habsburgo austriacos y restaur\u00f3 la paz del imperio despu\u00e9s de d\u00e9cadas de guerras religiosas.<\/p>\n<p>Finalmente muri\u00f3 en 1564.<\/p>\n<p><strong>Mar\u00eda de Habsburgo.<\/strong><\/p>\n<p><strong><a href=\"https:\/\/blogs.ua.es\/carlosv\/files\/2010\/11\/1291470405_mariadeaustria.jpg\"><img loading=\"lazy\" decoding=\"async\" class=\"alignleft size-thumbnail wp-image-58\" src=\"https:\/\/blogs.ua.es\/carlosv\/files\/2010\/11\/1291470405_mariadeaustria-150x150.jpg\" alt=\"\" width=\"150\" height=\"150\" srcset=\"https:\/\/blogs.ua.es\/carlosv\/files\/2010\/11\/1291470405_mariadeaustria-150x150.jpg 150w, https:\/\/blogs.ua.es\/carlosv\/files\/2010\/11\/1291470405_mariadeaustria.jpg 250w\" sizes=\"auto, (max-width: 150px) 100vw, 150px\" \/><\/a><br \/>\n<\/strong><\/p>\n<p>La siguiente en nacer fue Mar\u00eda de Austria, nacida en el a\u00f1o 1505 en Bruselas. Se la conoce como una mujer de gran inteligencia y notable habilidad tanto pol\u00edtica como administrativa. Adem\u00e1s fue mediadora entre sus hermanos Carlos V y Fernando y evit\u00f3 la ruina de la dinast\u00eda al mantener vivo el v\u00ednculo entre ambos.<\/p>\n<p>Carlos V al necesitar el apoyo de la nobleza centroeuropea contra el avance de los turcos, propici\u00f3 el enlace de su hermana Mar\u00eda con Luis II, rey de Hungr\u00eda, Bohemia y Croacia. Pero el rey Luis II morir\u00e1 (en una batalla contra los turcos) dejando a su esposa viuda y sin hijos a los 21 a\u00f1os.<\/p>\n<p>En 1530, tras la muerte de Margarita de Austria el cargo de gobernador de los Pa\u00edses Bajos queda vacante, y Carlos se lo concede a su hermana Mar\u00eda.<\/p>\n<p>Adem\u00e1s en 1548, por la ausencia de su hermano Carlos y su sobrino Felipe, se encarga de la regencia de la corona de Espa\u00f1a por dos a\u00f1os.<\/p>\n<p>Tras la abdicaci\u00f3n de su hermano y su retiro a Yuste, Mar\u00eda decide acompa\u00f1arlo al igual que su otra hermana Leonor, dejando el cargo de gobernadora de los Pa\u00edses Bajos. Pero pronto la muerte llamar\u00e1 a sus puertas y los tres hermanos morir\u00e1n el mismo a\u00f1o, 1558, Leonor en febrero, Carlos en septiembre y Mar\u00eda en octubre.<\/p>\n<p><strong>Catalina de Austria.<\/strong><\/p>\n<p><strong><a href=\"https:\/\/blogs.ua.es\/carlosv\/files\/2010\/11\/images.jpg\"><img loading=\"lazy\" decoding=\"async\" class=\"alignleft size-thumbnail wp-image-60\" src=\"https:\/\/blogs.ua.es\/carlosv\/files\/2010\/11\/images-150x150.jpg\" alt=\"\" width=\"150\" height=\"150\" \/><\/a><br \/>\n<\/strong><\/p>\n<p>Y por \u00faltimo, la \u00faltima hermana de Carlos fue Catalina de Austria, nacida en 1507 en Torquemada.<\/p>\n<p>Creci\u00f3 junto a su madre, Juana encerrada en el castillo de Tordesillas, donde sufri\u00f3 privaciones y maltratos por parte de los marqueses de Denia. Al llegar su hermano Carlos I, por primera vez a Espa\u00f1a la libera y como compensaci\u00f3n decide casarla con su primo, Juan III de Portugal con el que tuvo nueve hijos.<\/p>\n<p>Pero todos sus hijos murieron y tras la muerte de Juan III de Portugal, el siguiente en la lista de sucesi\u00f3n era su nieto Sebasti\u00e1n que en ese momento s\u00f3lo ten\u00eda tres a\u00f1os y su abuela Catalina se convirti\u00f3 en regente.<\/p>\n<p>Catalina se opuso al deseo de Carlos V de la uni\u00f3n de Portugal y de Espa\u00f1a, sintiendose plenamente portuguesa y apoyando a su nieto como futuro rey. Finalmente decidi\u00f3 cederle su regencia a su cu\u00f1ado Enrique, que tras la muerte de Sebasti\u00e1n ser\u00eda coronado rey.<\/p>\n<p>Finalmente Catalina morir\u00eda en Lisboa a los 71 a\u00f1os de edad.<\/p>\n","protected":false},"excerpt":{"rendered":"<p>Para profundizar m\u00e1s en la estructura familiar de Carlos, voy a hablar a continuaci\u00f3n de sus cinco hermanos. Leonor de Austria. La hermana mayor de Carlos fue Leonor de Austria, nacida en 1498 en Lovaina, dos a\u00f1os antes del nacimiento de Carlos. Fue reina consorte de Portugal y de Francia. Fue conocida por su belleza, [&hellip;]<\/p>\n","protected":false},"author":1876,"featured_media":0,"parent":0,"menu_order":0,"comment_status":"open","ping_status":"open","template":"","meta":{"footnotes":""},"class_list":["post-26","page","type-page","status-publish","hentry"],"_links":{"self":[{"href":"https:\/\/blogs.ua.es\/carlosv\/wp-json\/wp\/v2\/pages\/26","targetHints":{"allow":["GET"]}}],"collection":[{"href":"https:\/\/blogs.ua.es\/carlosv\/wp-json\/wp\/v2\/pages"}],"about":[{"href":"https:\/\/blogs.ua.es\/carlosv\/wp-json\/wp\/v2\/types\/page"}],"author":[{"embeddable":true,"href":"https:\/\/blogs.ua.es\/carlosv\/wp-json\/wp\/v2\/users\/1876"}],"replies":[{"embeddable":true,"href":"https:\/\/blogs.ua.es\/carlosv\/wp-json\/wp\/v2\/comments?post=26"}],"version-history":[{"count":16,"href":"https:\/\/blogs.ua.es\/carlosv\/wp-json\/wp\/v2\/pages\/26\/revisions"}],"predecessor-version":[{"id":41,"href":"https:\/\/blogs.ua.es\/carlosv\/wp-json\/wp\/v2\/pages\/26\/revisions\/41"}],"wp:attachment":[{"href":"https:\/\/blogs.ua.es\/carlosv\/wp-json\/wp\/v2\/media?parent=26"}],"curies":[{"name":"wp","href":"https:\/\/api.w.org\/{rel}","templated":true}]}}