{"id":6,"date":"2010-11-16T12:07:55","date_gmt":"2010-11-16T12:07:55","guid":{"rendered":"https:\/\/blogs.ua.es\/carlosv\/"},"modified":"2010-12-09T14:54:25","modified_gmt":"2010-12-09T14:54:25","slug":"presentacion","status":"publish","type":"page","link":"https:\/\/blogs.ua.es\/carlosv\/presentacion\/","title":{"rendered":"Presentaci\u00f3n"},"content":{"rendered":"<p>Hola a todos!!!!<\/p>\n<p>Antes que nada me voy a presentar, soy una alumna de la Licenciatura de Historia de la Universidad de Alicante, y este blog es un trabajo propuesto en la asignatura de Historia Moderna de Espa\u00f1a cuyo profesor es Cayetano Mas Galvan.<\/p>\n<p>El trabajo consiste en crear un blog con cualquier tema a elegir de la historia moderna de Espa\u00f1a, pero que se encuentre dentro de los par\u00e1metros de la asignatura, es decir, durante el reinado de los Reyes Cat\u00f3licos y de los monarcas de la casa de Austria.<\/p>\n<p>Yo he elegido como tema a desarrollar a Carlos I de Espa\u00f1a y V de Alemania, por ser un personaje muy destacado de la \u00e9poca, al tener bajo su mando un gran imperio. En este blog desarrollar\u00e9 su vida, desde su nacimiento en Gantes en el 1500 hasta su muerte en el monasterio de Yuste, 58 a\u00f1os despu\u00e9s, pasando por los momentos m\u00e1s importantes de su existencia, su matrimonio, las guerras que libr\u00f3, los motivos de su abdicaci\u00f3n, etc.<\/p>\n<p>Por \u00faltimo s\u00f3lo me cabe esperar que\u00a0disfrut\u00e9is\u00a0de este blog tanto como yo\u00a0haci\u00e9ndolo\u00a0y os animo a participar con cualquier tipo de sugerencia,\u00a0opini\u00f3n o comentario para que el blog mejore y termine siendo un detallado viaje por la vida de &#8220;El emperador&#8221;.<\/p>\n","protected":false},"excerpt":{"rendered":"<p>Hola a todos!!!! Antes que nada me voy a presentar, soy una alumna de la Licenciatura de Historia de la Universidad de Alicante, y este blog es un trabajo propuesto en la asignatura de Historia Moderna de Espa\u00f1a cuyo profesor es Cayetano Mas Galvan. El trabajo consiste en crear un blog con cualquier tema a [&hellip;]<\/p>\n","protected":false},"author":1876,"featured_media":0,"parent":0,"menu_order":0,"comment_status":"open","ping_status":"open","template":"","meta":{"footnotes":""},"class_list":["post-6","page","type-page","status-publish","hentry"],"_links":{"self":[{"href":"https:\/\/blogs.ua.es\/carlosv\/wp-json\/wp\/v2\/pages\/6","targetHints":{"allow":["GET"]}}],"collection":[{"href":"https:\/\/blogs.ua.es\/carlosv\/wp-json\/wp\/v2\/pages"}],"about":[{"href":"https:\/\/blogs.ua.es\/carlosv\/wp-json\/wp\/v2\/types\/page"}],"author":[{"embeddable":true,"href":"https:\/\/blogs.ua.es\/carlosv\/wp-json\/wp\/v2\/users\/1876"}],"replies":[{"embeddable":true,"href":"https:\/\/blogs.ua.es\/carlosv\/wp-json\/wp\/v2\/comments?post=6"}],"version-history":[{"count":4,"href":"https:\/\/blogs.ua.es\/carlosv\/wp-json\/wp\/v2\/pages\/6\/revisions"}],"predecessor-version":[{"id":19,"href":"https:\/\/blogs.ua.es\/carlosv\/wp-json\/wp\/v2\/pages\/6\/revisions\/19"}],"wp:attachment":[{"href":"https:\/\/blogs.ua.es\/carlosv\/wp-json\/wp\/v2\/media?parent=6"}],"curies":[{"name":"wp","href":"https:\/\/api.w.org\/{rel}","templated":true}]}}