{"id":8,"date":"2010-11-19T12:08:13","date_gmt":"2010-11-19T12:08:13","guid":{"rendered":"https:\/\/blogs.ua.es\/carlosv\/"},"modified":"2010-12-11T07:21:09","modified_gmt":"2010-12-11T07:21:09","slug":"antepasados","status":"publish","type":"page","link":"https:\/\/blogs.ua.es\/carlosv\/antepasados\/","title":{"rendered":"Antepasados"},"content":{"rendered":"<p>Carlos V era nieto de los Reyes Cat\u00f3licos, Isabel I de Castilla y Fernando II de Arag\u00f3n por parte de su madre y por v\u00eda paterna, nieto de Maximiliano de Austria y de Mar\u00eda de Borgo\u00f1a, lo que le permiti\u00f3 tener una amplia herencia, en cuanto a extensi\u00f3n territorial y adem\u00e1s de rey de Espa\u00f1a, convertirse en emperador del Sacro Imperio Romano Germ\u00e1nico.<\/p>\n<p><strong><span style=\"color: #000000\">LA MADRE DE CARLOS V.<\/span><\/strong><\/p>\n<p style=\"text-align: center\"><span style=\"color: #000000\"><a href=\"https:\/\/blogs.ua.es\/carlosv\/files\/2010\/11\/2juanaloca.jpg\"><img loading=\"lazy\" decoding=\"async\" class=\"size-thumbnail wp-image-29 aligncenter\" src=\"https:\/\/blogs.ua.es\/carlosv\/files\/2010\/11\/2juanaloca-150x150.jpg\" alt=\"\" width=\"150\" height=\"150\" \/><\/a><\/span><\/p>\n<p style=\"text-align: left\">La madre de Carlos fue Juana I de Castilla, que es mundialmente conocida como Juana la Loca. Fue la tercera hija de los Reyes Cat\u00f3licos, nacida el 6 de noviembre de 1479 en Toledo.<\/p>\n<p style=\"text-align: left\">Tuvo una selecta educaci\u00f3n y siguiendo con la pol\u00edtica matrimonial que los Reyes Cat\u00f3licos hicieron con todos sus hijos, fue prometida con Felipe para reforzar los lazos con el Sacro Imperio Romano Germ\u00e1nico. Anecd\u00f3ticamente, Juana ya hab\u00eda sido considerada por el Delf\u00edn Carlos, heredero del trono franc\u00e9s, de la Dinast\u00eda Valois, y en 1489 pedida en matrimonio por el rey de los escoceses, Jacobo IV, de la Dinast\u00eda Estuardo.<\/p>\n<p style=\"text-align: left\">Finalmente en 1496 se fue a tierras flamencas para reunirse con su esposo, aunque el ambiente que se encontr\u00f3 no fue muy festivo por la oposici\u00f3n de algunos nobles a este matrimonio, pese a todo se casaron y tuvieron un total de seis hijos.<\/p>\n<p style=\"text-align: left\">Muertos sus hermanos mayores Juan e Isabel, y el hijo de \u00e9sta Miguel, Juana se convirti\u00f3 en heredera de Castilla y Arag\u00f3n, siendo jurada junto a su esposo en las cortes castellanas. En estos momentos es cuando se empieza a hablar de su posible enfermedad mental, aunque quiz\u00e1s s\u00f3lo se debiera a los posibles celos que le provocaba su marido con sus continuas infidelidades.<\/p>\n<p style=\"text-align: left\">Tras la muerte de Isabel de Castilla, Juana fue nombrada reina de Castilla aunque Fernando fue quien tom\u00f3 las riendas de la gobernaci\u00f3n del reino, algo que no gusto a Felipe y tras la Concordancia de Salamanca se acord\u00f3 el gobierno conjunto de Felipe, Fernando y Juana.<\/p>\n<p style=\"text-align: left\">Pero las malas relaciones entre yerno y suegro llevaron a otro acuerdo en el que Fernando se marchaba a Arag\u00f3n y Felipe era coronado rey de Castilla. Pero en 1506, Felipe muere y los rumores sobre la locura de Juana aumentan, as\u00ed que su padre vuelve a ser regente de Castilla y decide encerrarla en Tordesillas donde permaneci\u00f3 desde 1509 hasta su muerte en 1555. Esto es visto por muchos como una treta tanto de Fernando como de Carlos V por asegurarse el gobierno y evitar que los partidarios de Juana la apoyaran por su estado mental.<\/p>\n<p style=\"text-align: left\"><strong>EL PADRE DE CARLOS V.<\/strong><\/p>\n<p style=\"text-align: center\"><a href=\"https:\/\/blogs.ua.es\/carlosv\/files\/2010\/11\/juana_felipe02.jpg\"><img loading=\"lazy\" decoding=\"async\" class=\"aligncenter size-thumbnail wp-image-37\" src=\"https:\/\/blogs.ua.es\/carlosv\/files\/2010\/11\/juana_felipe02-150x150.jpg\" alt=\"\" width=\"150\" height=\"150\" \/><\/a><\/p>\n<p style=\"text-align: left\">El padre de Carlos V fue Felipe I de Castilla y IV de Borgo\u00f1a, m\u00e1s conocido como Felipe el Hermoso. Se dice que este nombre se lo puso el rey de Francia, Luis XII, que al verle exclam\u00f3 &#8220;He aqu\u00ed un hermoso pr\u00edncipe&#8221;.<\/p>\n<p style=\"text-align: left\">Fue quien introdujo la casa de los Habsburgo en Espa\u00f1a, con su matrimonio con Juana I de Castilla. Era hijo de Maximiliano I, Sacro Emperador Romano y de Mar\u00eda de Borgo\u00f1a.<\/p>\n<p style=\"text-align: left\">Se dice que tanto \u00e9l como su esposa se enamoraron locamente en cuando se vieron, pero Felipe se cans\u00f3 pronto de ella y le fue infiel en m\u00faltiples ocasiones, lo que se dice, provoc\u00f3 la locura de Juana.<\/p>\n<p style=\"text-align: left\">Felipe durante su reinado en los Paises Bajos fue un soberano popular y amado que fue capaz de llevar la paz y la tranquilidad a su territorio tras muchos a\u00f1os de convulsiones pol\u00edticas. M\u00e1s tarde se coronar\u00e1 rey de Castilla en 1506 aunque muri\u00f3 ese mismo a\u00f1o.<\/p>\n<p style=\"text-align: left\">Su muerte no est\u00e1 del todo clara, se lleg\u00f3 a pensar que su suegro lo hab\u00eda envenenado. Aunque seg\u00fan parece se encontraba jugando a pelota y tras el juego bebi\u00f3 abundante agua fr\u00eda, por lo que cay\u00f3 enfermo con alta fiebre y muri\u00f3 a los pocos d\u00edas. Actualmente se piensa que pudo haber sido por causa de la Peste Negra.<\/p>\n<p style=\"text-align: left\">Tras su muerte asumi\u00f3 la regencia el cardenal Cisneros hasta la llegada de Fernando y tras \u00e9l hasta la llegada de Carlos de Habsburgo.<\/p>\n","protected":false},"excerpt":{"rendered":"<p>Carlos V era nieto de los Reyes Cat\u00f3licos, Isabel I de Castilla y Fernando II de Arag\u00f3n por parte de su madre y por v\u00eda paterna, nieto de Maximiliano de Austria y de Mar\u00eda de Borgo\u00f1a, lo que le permiti\u00f3 tener una amplia herencia, en cuanto a extensi\u00f3n territorial y adem\u00e1s de rey de Espa\u00f1a, [&hellip;]<\/p>\n","protected":false},"author":1876,"featured_media":0,"parent":0,"menu_order":0,"comment_status":"open","ping_status":"open","template":"","meta":{"footnotes":""},"class_list":["post-8","page","type-page","status-publish","hentry"],"_links":{"self":[{"href":"https:\/\/blogs.ua.es\/carlosv\/wp-json\/wp\/v2\/pages\/8","targetHints":{"allow":["GET"]}}],"collection":[{"href":"https:\/\/blogs.ua.es\/carlosv\/wp-json\/wp\/v2\/pages"}],"about":[{"href":"https:\/\/blogs.ua.es\/carlosv\/wp-json\/wp\/v2\/types\/page"}],"author":[{"embeddable":true,"href":"https:\/\/blogs.ua.es\/carlosv\/wp-json\/wp\/v2\/users\/1876"}],"replies":[{"embeddable":true,"href":"https:\/\/blogs.ua.es\/carlosv\/wp-json\/wp\/v2\/comments?post=8"}],"version-history":[{"count":14,"href":"https:\/\/blogs.ua.es\/carlosv\/wp-json\/wp\/v2\/pages\/8\/revisions"}],"predecessor-version":[{"id":24,"href":"https:\/\/blogs.ua.es\/carlosv\/wp-json\/wp\/v2\/pages\/8\/revisions\/24"}],"wp:attachment":[{"href":"https:\/\/blogs.ua.es\/carlosv\/wp-json\/wp\/v2\/media?parent=8"}],"curies":[{"name":"wp","href":"https:\/\/api.w.org\/{rel}","templated":true}]}}