{"id":22,"date":"2013-01-07T10:32:06","date_gmt":"2013-01-07T10:32:06","guid":{"rendered":"https:\/\/blogs.ua.es\/casimiroros\/?page_id=22"},"modified":"2013-01-19T16:21:02","modified_gmt":"2013-01-19T16:21:02","slug":"resena-biografica-2","status":"publish","type":"page","link":"https:\/\/blogs.ua.es\/casimiroros\/resena-biografica-2\/","title":{"rendered":"Rese\u00f1a Biogr\u00e1fica"},"content":{"rendered":"<p><strong>Jos\u00e9 Casimiro Ros<\/strong>\u00a0naci\u00f3 en Almer\u00eda en 1931 y falleci\u00f3 en Alicante, en el a\u00f1o 2002. Se le conoce, mayoritariamente, por ser un dirigente sindical. Ya en 1960 fue enlace sindical y, durante el periodo de 1965 a 1966, presidente de la UTT de Banca, Bolsa y Ahorro.<\/p>\n<p>En 1970 fue expedientado, por su empresa, por la publicaci\u00f3n de un bolet\u00edn titulado Banestograf\u00eda. Los cargos que presentaba la empresa contra Casimiro eran los de utilizaci\u00f3n de material de la empresa para beneficio propio. Este suceso acab\u00f3, en 1974, con la suspensi\u00f3n e inhabilitaci\u00f3n para cargos representativos en la Organizaci\u00f3n Sindical.<\/p>\n<p>Como dato\u00a0anecd\u00f3tico, era muy deportista y le gustaba ir los domingos a practicar deporte con sus amigos. Fue, en 1973, agradecido por la Hermandad de donantes de sangre de la seguridad social por su colaboraci\u00f3n en la donaci\u00f3n de sangre. Tambi\u00e9n, es descrito como un l\u00edder nato, de car\u00e1cter imponente, muy querido y apreciado por pol\u00edticos y por mucha gente.<\/p>\n<p>Ya en la democracia, sigui\u00f3 ejerciendo como representante sindical. Cuando se jubil\u00f3 era presidente del Comit\u00e9 de Empresa de Banesto, banco en el que trabaj\u00f3 durante m\u00e1s de 46 a\u00f1os. Posteriormente fue, promotor de USO en Alicante, como tambi\u00e9n secretario de su Secci\u00f3n de Banca y secretario general en Alicante. En 1980 pas\u00f3 a ser secretario general en la secci\u00f3n de Banca de CC OO (Comisiones Obreras). Por \u00faltimo, se afili\u00f3 a Izquierda Unida, afiliaci\u00f3n que le otorg\u00f3 ser durante 1995 y 1999 concejal de San Vicente del Raspeig. Poco antes de su muerte fue coordinador local de dicha formaci\u00f3n pol\u00edtica.<\/p>\n","protected":false},"excerpt":{"rendered":"<p>Jos\u00e9 Casimiro Ros\u00a0naci\u00f3 en Almer\u00eda en 1931 y falleci\u00f3 en Alicante, en el a\u00f1o 2002. Se le conoce, mayoritariamente, por ser un dirigente sindical. Ya en 1960 fue enlace sindical y, durante el periodo de 1965 a 1966, presidente de la UTT de Banca, Bolsa y Ahorro. En 1970 fue expedientado, por su empresa, por [&hellip;]<\/p>\n","protected":false},"author":2918,"featured_media":0,"parent":0,"menu_order":0,"comment_status":"open","ping_status":"open","template":"","meta":{"footnotes":""},"class_list":["post-22","page","type-page","status-publish","hentry"],"_links":{"self":[{"href":"https:\/\/blogs.ua.es\/casimiroros\/wp-json\/wp\/v2\/pages\/22","targetHints":{"allow":["GET"]}}],"collection":[{"href":"https:\/\/blogs.ua.es\/casimiroros\/wp-json\/wp\/v2\/pages"}],"about":[{"href":"https:\/\/blogs.ua.es\/casimiroros\/wp-json\/wp\/v2\/types\/page"}],"author":[{"embeddable":true,"href":"https:\/\/blogs.ua.es\/casimiroros\/wp-json\/wp\/v2\/users\/2918"}],"replies":[{"embeddable":true,"href":"https:\/\/blogs.ua.es\/casimiroros\/wp-json\/wp\/v2\/comments?post=22"}],"version-history":[{"count":7,"href":"https:\/\/blogs.ua.es\/casimiroros\/wp-json\/wp\/v2\/pages\/22\/revisions"}],"predecessor-version":[{"id":106,"href":"https:\/\/blogs.ua.es\/casimiroros\/wp-json\/wp\/v2\/pages\/22\/revisions\/106"}],"wp:attachment":[{"href":"https:\/\/blogs.ua.es\/casimiroros\/wp-json\/wp\/v2\/media?parent=22"}],"curies":[{"name":"wp","href":"https:\/\/api.w.org\/{rel}","templated":true}]}}