{"id":28,"date":"2013-01-07T10:33:23","date_gmt":"2013-01-07T10:33:23","guid":{"rendered":"https:\/\/blogs.ua.es\/casimiroros\/?page_id=28"},"modified":"2013-01-27T23:01:32","modified_gmt":"2013-01-27T23:01:32","slug":"valoracion","status":"publish","type":"page","link":"https:\/\/blogs.ua.es\/casimiroros\/valoracion\/","title":{"rendered":"Valoraci\u00f3n"},"content":{"rendered":"<h4>El trabajo sobre la creaci\u00f3n de un blog de un autor alicantino ha sido un proyecto interesante y, a la vez, costoso. En un primer momento, no\u00a0ten\u00edamos\u00a0ninguna idea de lo que\u00a0ten\u00edamos\u00a0que hacer, por ello tuvimos que asistir a una clase te\u00f3rica y pr\u00e1ctica acerca de la creaci\u00f3n de blogs y todo el sistema que est\u00e1 relacionado con \u00e9l.<\/h4>\n<h4>Una vez hecho estas pr\u00e1cticas comenzamos ha hacer el blog. Tras buscar alguna informaci\u00f3n en Internet donde aparec\u00eda nuestro autor alicantino, recurrimos al profesor que\u00a0dirig\u00eda\u00a0el trabajo para que nos dijese donde\u00a0ten\u00edamos\u00a0que ir para encontrar mucha informaci\u00f3n.<\/h4>\n<h4>Tras este paso, fuimos al Archivo Municipal de Alicante. All\u00ed, tras el buen trato recibido por uno de los gerentes del archivo, que, casualmente, era un amigo de nuestro autor, empezamos a encontrar en dos de diez cajas que pose\u00edan, a cuenta gotas, documentos personales de nuestro autor. En el archivo tuvimos la experiencia de tratar con archivos de primera mano y, nos\u00a0permiti\u00f3\u00a0conocer la distribuci\u00f3n de ese sitio.<\/h4>\n<h4>M\u00e1s adelante, tuvimos la experiencia de hacer una entrevista a un compa\u00f1ero de nuestro autor y, que recibimos un buen trato por parte de este.<\/h4>\n<h4>En resumen, la experiencia de este blog ha sido muy satisfactoria, ya que nos ha permitido realizar un trabajo de investigaci\u00f3n, de una manera diferente a la que\u00a0realiz\u00e1bamos\u00a0en la nuestra etapa como alumnos de instituto y, tambi\u00e9n palpar con nuestras manos documentos personales antiguos para la\u00a0b\u00fasqueda\u00a0de informaci\u00f3n.<\/h4>\n","protected":false},"excerpt":{"rendered":"<p>El trabajo sobre la creaci\u00f3n de un blog de un autor alicantino ha sido un proyecto interesante y, a la vez, costoso. En un primer momento, no\u00a0ten\u00edamos\u00a0ninguna idea de lo que\u00a0ten\u00edamos\u00a0que hacer, por ello tuvimos que asistir a una clase te\u00f3rica y pr\u00e1ctica acerca de la creaci\u00f3n de blogs y todo el sistema que est\u00e1 [&hellip;]<\/p>\n","protected":false},"author":2918,"featured_media":0,"parent":0,"menu_order":0,"comment_status":"open","ping_status":"open","template":"","meta":{"footnotes":""},"class_list":["post-28","page","type-page","status-publish","hentry"],"_links":{"self":[{"href":"https:\/\/blogs.ua.es\/casimiroros\/wp-json\/wp\/v2\/pages\/28","targetHints":{"allow":["GET"]}}],"collection":[{"href":"https:\/\/blogs.ua.es\/casimiroros\/wp-json\/wp\/v2\/pages"}],"about":[{"href":"https:\/\/blogs.ua.es\/casimiroros\/wp-json\/wp\/v2\/types\/page"}],"author":[{"embeddable":true,"href":"https:\/\/blogs.ua.es\/casimiroros\/wp-json\/wp\/v2\/users\/2918"}],"replies":[{"embeddable":true,"href":"https:\/\/blogs.ua.es\/casimiroros\/wp-json\/wp\/v2\/comments?post=28"}],"version-history":[{"count":4,"href":"https:\/\/blogs.ua.es\/casimiroros\/wp-json\/wp\/v2\/pages\/28\/revisions"}],"predecessor-version":[{"id":239,"href":"https:\/\/blogs.ua.es\/casimiroros\/wp-json\/wp\/v2\/pages\/28\/revisions\/239"}],"wp:attachment":[{"href":"https:\/\/blogs.ua.es\/casimiroros\/wp-json\/wp\/v2\/media?parent=28"}],"curies":[{"name":"wp","href":"https:\/\/api.w.org\/{rel}","templated":true}]}}