{"id":143,"date":"2010-12-15T19:40:28","date_gmt":"2010-12-15T19:40:28","guid":{"rendered":"https:\/\/blogs.ua.es\/castillaenelatlantico\/"},"modified":"2010-12-16T18:10:13","modified_gmt":"2010-12-16T18:10:13","slug":"bibliografia","status":"publish","type":"page","link":"https:\/\/blogs.ua.es\/castillaenelatlantico\/bibliografia\/","title":{"rendered":"Bibliografia"},"content":{"rendered":"<p style=\"text-align: justify\">P. CHAUNU: <em>Conquista y explotaci\u00f3n de los nuevos mundos<\/em>, Barcelona, 1973.<\/p>\n<p style=\"text-align: justify\">F. MORALES PADR\u00d3N: <em>Historia del descubrimiento y conquista de Am\u00e9rica<\/em>, Madrid, 1963.<\/p>\n<p style=\"text-align: justify\">F. P\u00c9REZ EMBID: <em>Los descubrimientos en el Atl\u00e1ntico y la rivalidad castellano-portuguesa hasta el Tratado de Tordesillas<\/em>, Sevilla, 1948.<\/p>\n<p style=\"text-align: justify\">J. P\u00c9REZ DE TUDELA: <em>Mirabilis in altis. Estudio cr\u00edtico sobre el origen y significado del proceso descubridor de Crist\u00f3bal Col\u00f3n<\/em>, Madrid, 1983.<\/p>\n<p style=\"text-align: justify\">D. RAMOS: <em>Los contactos trasatl\u00e1nticos decisivos como precedentes del viaje de Col\u00f3n<\/em>, Valladolid, 1972.<\/p>\n<p style=\"text-align: justify\">P. VILAR: <em>Oro y moneda en la historia, 1450-1920<\/em>, Barcelona, 1974.<\/p>\n","protected":false},"excerpt":{"rendered":"<p>P. CHAUNU: Conquista y explotaci\u00f3n de los nuevos mundos, Barcelona, 1973. F. MORALES PADR\u00d3N: Historia del descubrimiento y conquista de Am\u00e9rica, Madrid, 1963. F. P\u00c9REZ EMBID: Los descubrimientos en el Atl\u00e1ntico y la rivalidad castellano-portuguesa hasta el Tratado de Tordesillas, Sevilla, 1948. J. P\u00c9REZ DE TUDELA: Mirabilis in altis. Estudio cr\u00edtico sobre el origen y [&hellip;]<\/p>\n","protected":false},"author":1914,"featured_media":0,"parent":0,"menu_order":0,"comment_status":"open","ping_status":"open","template":"","meta":{"footnotes":""},"class_list":["post-143","page","type-page","status-publish","hentry"],"_links":{"self":[{"href":"https:\/\/blogs.ua.es\/castillaenelatlantico\/wp-json\/wp\/v2\/pages\/143","targetHints":{"allow":["GET"]}}],"collection":[{"href":"https:\/\/blogs.ua.es\/castillaenelatlantico\/wp-json\/wp\/v2\/pages"}],"about":[{"href":"https:\/\/blogs.ua.es\/castillaenelatlantico\/wp-json\/wp\/v2\/types\/page"}],"author":[{"embeddable":true,"href":"https:\/\/blogs.ua.es\/castillaenelatlantico\/wp-json\/wp\/v2\/users\/1914"}],"replies":[{"embeddable":true,"href":"https:\/\/blogs.ua.es\/castillaenelatlantico\/wp-json\/wp\/v2\/comments?post=143"}],"version-history":[{"count":3,"href":"https:\/\/blogs.ua.es\/castillaenelatlantico\/wp-json\/wp\/v2\/pages\/143\/revisions"}],"predecessor-version":[{"id":178,"href":"https:\/\/blogs.ua.es\/castillaenelatlantico\/wp-json\/wp\/v2\/pages\/143\/revisions\/178"}],"wp:attachment":[{"href":"https:\/\/blogs.ua.es\/castillaenelatlantico\/wp-json\/wp\/v2\/media?parent=143"}],"curies":[{"name":"wp","href":"https:\/\/api.w.org\/{rel}","templated":true}]}}