{"id":2,"date":"2010-10-20T06:35:37","date_gmt":"2010-10-20T06:35:37","guid":{"rendered":"https:\/\/blogs.ua.es\/castillaenelatlantico\/?page_id=2"},"modified":"2010-12-16T18:16:29","modified_gmt":"2010-12-16T18:16:29","slug":"acerca-de","status":"publish","type":"page","link":"https:\/\/blogs.ua.es\/castillaenelatlantico\/acerca-de\/","title":{"rendered":"Autores"},"content":{"rendered":"<p style=\"text-align: justify\">Hola!!!, somos alumnos de la universidad de Alicante \u00a0y para la asignatura de Historia Moderna de Espa\u00f1a, hemos creado este blog, dedicado a la expansi\u00f3n mar\u00edtima de la Espa\u00f1a del siglo XV. Esperamos que os guste y os sirva de ayuda.<\/p>\n<p style=\"text-align: justify\">Los creadores del blog somos: Sergio Ortega N\u00fanez, Jonatan Poveda Jover y Fernando Sim\u00f3n Oliver.<\/p>\n","protected":false},"excerpt":{"rendered":"<p>Hola!!!, somos alumnos de la universidad de Alicante \u00a0y para la asignatura de Historia Moderna de Espa\u00f1a, hemos creado este blog, dedicado a la expansi\u00f3n mar\u00edtima de la Espa\u00f1a del siglo XV. Esperamos que os guste y os sirva de ayuda. Los creadores del blog somos: Sergio Ortega N\u00fanez, Jonatan Poveda Jover y Fernando Sim\u00f3n [&hellip;]<\/p>\n","protected":false},"author":1883,"featured_media":0,"parent":0,"menu_order":0,"comment_status":"open","ping_status":"open","template":"","meta":{"footnotes":""},"class_list":["post-2","page","type-page","status-publish","hentry"],"_links":{"self":[{"href":"https:\/\/blogs.ua.es\/castillaenelatlantico\/wp-json\/wp\/v2\/pages\/2","targetHints":{"allow":["GET"]}}],"collection":[{"href":"https:\/\/blogs.ua.es\/castillaenelatlantico\/wp-json\/wp\/v2\/pages"}],"about":[{"href":"https:\/\/blogs.ua.es\/castillaenelatlantico\/wp-json\/wp\/v2\/types\/page"}],"author":[{"embeddable":true,"href":"https:\/\/blogs.ua.es\/castillaenelatlantico\/wp-json\/wp\/v2\/users\/1883"}],"replies":[{"embeddable":true,"href":"https:\/\/blogs.ua.es\/castillaenelatlantico\/wp-json\/wp\/v2\/comments?post=2"}],"version-history":[{"count":7,"href":"https:\/\/blogs.ua.es\/castillaenelatlantico\/wp-json\/wp\/v2\/pages\/2\/revisions"}],"predecessor-version":[{"id":43,"href":"https:\/\/blogs.ua.es\/castillaenelatlantico\/wp-json\/wp\/v2\/pages\/2\/revisions\/43"}],"wp:attachment":[{"href":"https:\/\/blogs.ua.es\/castillaenelatlantico\/wp-json\/wp\/v2\/media?parent=2"}],"curies":[{"name":"wp","href":"https:\/\/api.w.org\/{rel}","templated":true}]}}