{"id":131,"date":"2010-12-26T22:58:59","date_gmt":"2010-12-26T22:58:59","guid":{"rendered":"https:\/\/blogs.ua.es\/catherinearagon\/"},"modified":"2011-01-05T13:59:24","modified_gmt":"2011-01-05T13:59:24","slug":"ascendencia","status":"publish","type":"page","link":"https:\/\/blogs.ua.es\/catherinearagon\/ascendencia\/","title":{"rendered":"Ascendencia"},"content":{"rendered":"<p><a href=\"https:\/\/blogs.ua.es\/catherinearagon\/files\/2010\/12\/GenealogiaReyesCatolicos1.jpg\"><img loading=\"lazy\" decoding=\"async\" class=\"aligncenter size-medium wp-image-108\" src=\"https:\/\/blogs.ua.es\/catherinearagon\/files\/2010\/12\/GenealogiaReyesCatolicos1-300x127.jpg\" alt=\"\" width=\"437\" height=\"184\" srcset=\"https:\/\/blogs.ua.es\/catherinearagon\/files\/2010\/12\/GenealogiaReyesCatolicos1-300x127.jpg 300w, https:\/\/blogs.ua.es\/catherinearagon\/files\/2010\/12\/GenealogiaReyesCatolicos1-150x63.jpg 150w, https:\/\/blogs.ua.es\/catherinearagon\/files\/2010\/12\/GenealogiaReyesCatolicos1.jpg 724w\" sizes=\"auto, (max-width: 437px) 100vw, 437px\" \/><\/a><\/p>\n<p>En esta entrada, vamos a desmenuzar la ascendencia y origen de Catalina de Arag\u00f3n, comenzando por el primer trast\u00e1mara:<\/p>\n<p>Enrique II, primer trast\u00e1mara, cas\u00f3se con do\u00f1a Juana, y fruto de este matrimonio, naci\u00f3 don Juan I, tatarabuelo de Catalina. Este Juan I, se cas\u00f3 con Elionor, hija de Pere III de Arag\u00f3n. Fruto del matrimonio de ambos, nacieron dos varones:<\/p>\n<p>Enrique, quien ocupar\u00eda el trono de Castilla y Fernando, quien ocupar\u00eda la parte aragonesa.<\/p>\n<p><strong><span style=\"color: #993366\">&#8211;\u00a0\u00a0\u00a0\u00a0\u00a0\u00a0\u00a0\u00a0\u00a0 CASTILLA:<\/span><\/strong><\/p>\n<p>Enrique, (futuro Enrique III) de Castilla, que se casar\u00eda con Catalina de Lancaster, y por otro lado, Fernando, que ser\u00eda Fernando I de Arag\u00f3n.<\/p>\n<p>Del primer hijo, y en s\u00ed, de su matrimonio con Catalina de Lancaster, nacieron varios hijos fruto de dos matrimonios: El primero, con Mar\u00eda de Arag\u00f3n, con quien Enrique III, tuvo a Enrique, el futuro Enrique IV. Del segundo matrimonio, esta vez con Isabel de Portugal, nacer\u00e1n dos ni\u00f1os: Alfonso, futuro Alfonso XII e Isabel, m\u00e1s conocida como la Cat\u00f3lica.<\/p>\n<p>Ya en la siguiente generaci\u00f3n, aparecer\u00e1 Juana como hija de Enrique IV, m\u00e1s conocida como la Beltraneja.<\/p>\n<p>Del infante Alfonso no hubo herederos.<\/p>\n<p>Por lo que respecta a Isabel, cabe decir que tuvo una abundante prole:<\/p>\n<p>En primer lugar, naci\u00f3 Isabel, quien fue casada con un miembro de la casa lusa, Alfonso, hijo de Jo\u00e3o II de Portugal y luego con Manoel, otro miembro de Portugal. Como descendiente, tuvo al infante Miguel, quien falleci\u00f3 siendo muy ni\u00f1o en 1500.<\/p>\n<p>En segundo lugar, naci\u00f3 Juan, quien iba a ser el heredero a la corona, motivo por el cual se le emparent\u00f3 con Margarita de Austria. Sin embargo, \u00e9ste muri\u00f3 sin descendencia en 1497.<\/p>\n<p>El tercer lugar lo ocup\u00f3 Juana, \u201cLa Loca\u201d, que falleci\u00f3 en 1555. De su matrimonio con Felipe I de Austria \u201cel Hermoso\u201d nacer\u00e1n Carlos I y V de Alemania y Fernando.<\/p>\n<p>En cuarto lugar vino al mundo Mar\u00eda, que fue casada con el viudo de su hermana Isabel, Manoel de Portugal.<\/p>\n<p>En \u00faltimo lugar, como era de esperar, lo ocup\u00f3 Catalina, conocida como Catalina de Arag\u00f3n, quien, primero cas\u00f3 con Arturo, pr\u00edncipe de Gales (que morir\u00e1 en 1502) y despu\u00e9s, con el hermano de \u00e9ste, Enrique, quien pasar\u00eda a la historia como Enrique VIII de Inglaterra.<\/p>\n<p><strong><span style=\"color: #993366\">&#8211;\u00a0\u00a0\u00a0\u00a0\u00a0\u00a0\u00a0\u00a0\u00a0 ARAG\u00d3N:<\/span><\/strong><\/p>\n<p>Del segundo hijo, es decir, de Fernando, nacer\u00edan otros dos varones: Juan, m\u00e1s conocido como Juan II de Arag\u00f3n, y Alfonso, tambi\u00e9n conocido como Alfonso IV de Arag\u00f3n.<\/p>\n<p>El primog\u00e9nito de Fernando I, Juan II, se casar\u00e1 con Juana Enr\u00edquez, y fruto de este matrimonio, nacer\u00e1 Fernando, el rey Cat\u00f3lico, quien ser\u00e1 Fernando V de Castilla y II de Arag\u00f3n. Por lo que respecta a Fernando, decir que, fruto de su segundo matrimonio con Germana de Foix, naci\u00f3 Juan, descendiente que muri\u00f3 en 1509.<\/p>\n<p>Del segund\u00f3n, Alfonso, aparecer\u00e1 una rama ileg\u00edtima, que tendr\u00e1 su inicio con Ferrante I de N\u00e1poles. Hijos de Ferrante ser\u00e1n Alfonso II y Fadrique de N\u00e1poles (Este \u00faltimo destronado en 1501). Hijo de Alfonso II ser\u00e1 Ferrante III.<\/p>\n","protected":false},"excerpt":{"rendered":"<p>En esta entrada, vamos a desmenuzar la ascendencia y origen de Catalina de Arag\u00f3n, comenzando por el primer trast\u00e1mara: Enrique II, primer trast\u00e1mara, cas\u00f3se con do\u00f1a Juana, y fruto de este matrimonio, naci\u00f3 don Juan I, tatarabuelo de Catalina. Este Juan I, se cas\u00f3 con Elionor, hija de Pere III de Arag\u00f3n. Fruto del matrimonio [&hellip;]<\/p>\n","protected":false},"author":1920,"featured_media":0,"parent":0,"menu_order":3,"comment_status":"open","ping_status":"open","template":"","meta":{"footnotes":""},"class_list":["post-131","page","type-page","status-publish","hentry"],"_links":{"self":[{"href":"https:\/\/blogs.ua.es\/catherinearagon\/wp-json\/wp\/v2\/pages\/131","targetHints":{"allow":["GET"]}}],"collection":[{"href":"https:\/\/blogs.ua.es\/catherinearagon\/wp-json\/wp\/v2\/pages"}],"about":[{"href":"https:\/\/blogs.ua.es\/catherinearagon\/wp-json\/wp\/v2\/types\/page"}],"author":[{"embeddable":true,"href":"https:\/\/blogs.ua.es\/catherinearagon\/wp-json\/wp\/v2\/users\/1920"}],"replies":[{"embeddable":true,"href":"https:\/\/blogs.ua.es\/catherinearagon\/wp-json\/wp\/v2\/comments?post=131"}],"version-history":[{"count":6,"href":"https:\/\/blogs.ua.es\/catherinearagon\/wp-json\/wp\/v2\/pages\/131\/revisions"}],"predecessor-version":[{"id":212,"href":"https:\/\/blogs.ua.es\/catherinearagon\/wp-json\/wp\/v2\/pages\/131\/revisions\/212"}],"wp:attachment":[{"href":"https:\/\/blogs.ua.es\/catherinearagon\/wp-json\/wp\/v2\/media?parent=131"}],"curies":[{"name":"wp","href":"https:\/\/api.w.org\/{rel}","templated":true}]}}