{"id":290,"date":"2011-01-15T16:10:03","date_gmt":"2011-01-15T16:10:03","guid":{"rendered":"https:\/\/blogs.ua.es\/catherinearagon\/"},"modified":"2011-01-15T19:44:41","modified_gmt":"2011-01-15T19:44:41","slug":"bibliografia","status":"publish","type":"page","link":"https:\/\/blogs.ua.es\/catherinearagon\/bibliografia\/","title":{"rendered":"Bibliograf\u00eda"},"content":{"rendered":"<p><strong><span style=\"text-decoration: underline\">Obras indispensables: <\/span><\/strong><\/p>\n<p><strong>Garret Mattingly<\/strong>: <em>Catalina de Arag\u00f3n<\/em><\/p>\n<p><strong>Bartolom\u00e9 Bennassar: <\/strong><em>Historia\u00a0Moderna\u00a0Universal<\/em><\/p>\n<p><em><strong>M\u00aa Antonia Bel Bravo<\/strong>: Mujeres espa\u00f1olas en la Historia Moderna.<\/em><\/p>\n<p><strong>Almudena Grandes: <\/strong><em>Catalina de Arag\u00f3n: reina de Inglaterra. <\/em><\/p>\n<p><strong>Henry Shuami<\/strong><em>: Enrique VIII. <\/em><\/p>\n<p><strong>Andr\u00e9s \u00a0V\u00e1zquez Praga<\/strong>:<em> Sir Thomas Moro, Lord Canciller de Inglaterra. <\/em><\/p>\n<p><strong>Fernando Garrido:<\/strong> <em>Historia de las persecuciones pol\u00edticas y religiosas desde la E. Media a nuestros d\u00edas. Vol.2<\/em><\/p>\n<p><strong>Mar\u00eda Jes\u00fas P\u00e9rez Mart\u00edn<\/strong><em>: Mar\u00eda Tudor. La gran reina desconocida. <\/em><\/p>\n<p><strong>Almudena de Arteaga<\/strong><em>: Catalina de Arag\u00f3n, Reina de Inglaterra <\/em><\/p>\n","protected":false},"excerpt":{"rendered":"<p>Obras indispensables: Garret Mattingly: Catalina de Arag\u00f3n Bartolom\u00e9 Bennassar: Historia\u00a0Moderna\u00a0Universal M\u00aa Antonia Bel Bravo: Mujeres espa\u00f1olas en la Historia Moderna. Almudena Grandes: Catalina de Arag\u00f3n: reina de Inglaterra. Henry Shuami: Enrique VIII. Andr\u00e9s \u00a0V\u00e1zquez Praga: Sir Thomas Moro, Lord Canciller de Inglaterra. Fernando Garrido: Historia de las persecuciones pol\u00edticas y religiosas desde la E. Media [&hellip;]<\/p>\n","protected":false},"author":1931,"featured_media":0,"parent":0,"menu_order":4,"comment_status":"open","ping_status":"open","template":"","meta":{"footnotes":""},"class_list":["post-290","page","type-page","status-publish","hentry"],"_links":{"self":[{"href":"https:\/\/blogs.ua.es\/catherinearagon\/wp-json\/wp\/v2\/pages\/290","targetHints":{"allow":["GET"]}}],"collection":[{"href":"https:\/\/blogs.ua.es\/catherinearagon\/wp-json\/wp\/v2\/pages"}],"about":[{"href":"https:\/\/blogs.ua.es\/catherinearagon\/wp-json\/wp\/v2\/types\/page"}],"author":[{"embeddable":true,"href":"https:\/\/blogs.ua.es\/catherinearagon\/wp-json\/wp\/v2\/users\/1931"}],"replies":[{"embeddable":true,"href":"https:\/\/blogs.ua.es\/catherinearagon\/wp-json\/wp\/v2\/comments?post=290"}],"version-history":[{"count":2,"href":"https:\/\/blogs.ua.es\/catherinearagon\/wp-json\/wp\/v2\/pages\/290\/revisions"}],"predecessor-version":[{"id":293,"href":"https:\/\/blogs.ua.es\/catherinearagon\/wp-json\/wp\/v2\/pages\/290\/revisions\/293"}],"wp:attachment":[{"href":"https:\/\/blogs.ua.es\/catherinearagon\/wp-json\/wp\/v2\/media?parent=290"}],"curies":[{"name":"wp","href":"https:\/\/api.w.org\/{rel}","templated":true}]}}