{"id":31,"date":"2010-11-11T11:20:57","date_gmt":"2010-11-11T11:20:57","guid":{"rendered":"https:\/\/blogs.ua.es\/catherinearagon\/"},"modified":"2010-11-11T23:01:47","modified_gmt":"2010-11-11T23:01:47","slug":"presentacion","status":"publish","type":"page","link":"https:\/\/blogs.ua.es\/catherinearagon\/presentacion\/","title":{"rendered":"Presentaci\u00f3n"},"content":{"rendered":"<p>El blog que est\u00e1 ante vuestros ojos es fruto de una actividad propuesta por el profesor de<strong> Historia Moderna de Espa\u00f1a<\/strong> quien nos anim\u00f3 a realizar un blog sobre alg\u00fan aspecto de su asignatura. Tras meditarlo brevemente decidimos hablar de Catalina de Arag\u00f3n, la peque\u00f1a hija de los Reyes Cat\u00f3licas.<strong> Hija de Reina y Madre de Reina<\/strong> y, por alg\u00fan tiempo, Reina de Inglaterra. Nos pareci\u00f3 sorprendente no s\u00f3lo su personalidad, su educaci\u00f3n o su firmeza sino el hecho de que a pesar de ser quiz\u00e1 una de las m\u00e1s importantes reinas de Inglaterra su historia a\u00fan hoy sea poco conocida y su nombre est\u00e9 siempre vinculado al que ella consider\u00f3 siempre su marido, Enrique VIII, o a su adversaria: Ana Bolena.<\/p>\n<p>Sin embargo, pocas veces se habla de los or\u00edgenes de esta reina espa\u00f1ola, de c\u00f3mo despert\u00f3 la admiraci\u00f3n de grandes humanistas como Erasmo y Vives o, incluso, de la descripci\u00f3n que de ella hizo el gran dramaturgo ingl\u00e9s William Shakespeare \u00a0al decir en tiempos de Isabel I que Catalina fue &#8220;<em>la Reina de las reinas de la tierra&#8230; la criatura m\u00e1s perfecta que el mundo pueda ofrecer en parang\u00f3n<\/em>&#8220;. Por todas estas razones y alguna m\u00e1s que con el tiempo iremos revelando decidimos dedicar el blog a esta <strong>reina espa\u00f1ola decisiva para la historia de Inglaterra.<\/strong><\/p>\n<p>Saludos de Ana, Jessy y Maite.<\/p>\n","protected":false},"excerpt":{"rendered":"<p>El blog que est\u00e1 ante vuestros ojos es fruto de una actividad propuesta por el profesor de Historia Moderna de Espa\u00f1a quien nos anim\u00f3 a realizar un blog sobre alg\u00fan aspecto de su asignatura. Tras meditarlo brevemente decidimos hablar de Catalina de Arag\u00f3n, la peque\u00f1a hija de los Reyes Cat\u00f3licas. Hija de Reina y Madre [&hellip;]<\/p>\n","protected":false},"author":1931,"featured_media":0,"parent":0,"menu_order":1,"comment_status":"open","ping_status":"closed","template":"","meta":{"footnotes":""},"class_list":["post-31","page","type-page","status-publish","hentry"],"_links":{"self":[{"href":"https:\/\/blogs.ua.es\/catherinearagon\/wp-json\/wp\/v2\/pages\/31","targetHints":{"allow":["GET"]}}],"collection":[{"href":"https:\/\/blogs.ua.es\/catherinearagon\/wp-json\/wp\/v2\/pages"}],"about":[{"href":"https:\/\/blogs.ua.es\/catherinearagon\/wp-json\/wp\/v2\/types\/page"}],"author":[{"embeddable":true,"href":"https:\/\/blogs.ua.es\/catherinearagon\/wp-json\/wp\/v2\/users\/1931"}],"replies":[{"embeddable":true,"href":"https:\/\/blogs.ua.es\/catherinearagon\/wp-json\/wp\/v2\/comments?post=31"}],"version-history":[{"count":4,"href":"https:\/\/blogs.ua.es\/catherinearagon\/wp-json\/wp\/v2\/pages\/31\/revisions"}],"predecessor-version":[{"id":44,"href":"https:\/\/blogs.ua.es\/catherinearagon\/wp-json\/wp\/v2\/pages\/31\/revisions\/44"}],"wp:attachment":[{"href":"https:\/\/blogs.ua.es\/catherinearagon\/wp-json\/wp\/v2\/media?parent=31"}],"curies":[{"name":"wp","href":"https:\/\/api.w.org\/{rel}","templated":true}]}}