{"id":21,"date":"2012-12-20T09:32:09","date_gmt":"2012-12-20T09:32:09","guid":{"rendered":"https:\/\/blogs.ua.es\/cavanilleshistoriavalencia\/?page_id=21"},"modified":"2012-12-28T22:17:33","modified_gmt":"2012-12-28T22:17:33","slug":"valoracio-general","status":"publish","type":"page","link":"https:\/\/blogs.ua.es\/cavanilleshistoriavalencia\/valoracio-general\/","title":{"rendered":"Valoraci\u00f3 personal"},"content":{"rendered":"<p>El fer aquest blog m&#8217;ha perm\u00e9s apropar-me a Cavanilles, sobretot a la seua obra. No puc dir que la feina ha sigut f\u00e0cil, perqu\u00e8 m&#8217;ha costat una mica trobar unes bones refer\u00e8ncies, les quals he intentat variar.<\/p>\n<p>El treball que ha suposat fer el blog sobre l&#8217;obra &#8220;Observaciones&#8221; de Cavanilles, ha fet que amplie el meu coneixement sobre llocs on informar-me, i a m\u00e9s, que amplie el meu coneixement del territori valenci\u00e0 de fa 2 segles en avant. He pogut observar que aquesta obra \u00e9s molt important per a qualsevol estudi, de qualsevol \u00e0mbit del Pa\u00eds Valenci\u00e0, perqu\u00e8, en poques paraules, l&#8217;obra tracta les coses m\u00e9s essencials de les que ara podem traure informaci\u00f3 antiga o recent, perqu\u00e8 els estudis que va fer cavanilles encara perduren. Crec que menyspreem aquesta obra, no obstant tinc que inclourem jo (fins fa poc&#8230;); perqu\u00e8 t\u00e9 un contingut com he dit abans molt important, referent als valencians.<\/p>\n<p>Puc dir qu\u00e8 estic molt satisfet d&#8217;haver fet el blog, ja pel que guanye jo al con\u00e8ixer a Cavanilles, de la informaci\u00f3 que he trobat i m&#8217;ha fet aprendre, de saber usar per fi! un blog, ja que tals guanys s\u00f3n importants per a mi, qu\u00e8 curse geografia. Com la satisfacci\u00f3 de que, espere, que a alg\u00fa li servisca aquesta tasca, qu\u00e8 la veritat, no s\u00f3n poques hores.<\/p>\n<p>Espere anar actualitzant el blog, salutacions.<\/p>\n","protected":false},"excerpt":{"rendered":"<p>El fer aquest blog m&#8217;ha perm\u00e9s apropar-me a Cavanilles, sobretot a la seua obra. No puc dir que la feina ha sigut f\u00e0cil, perqu\u00e8 m&#8217;ha costat una mica trobar unes bones refer\u00e8ncies, les quals he intentat variar. El treball que &hellip; <a href=\"https:\/\/blogs.ua.es\/cavanilleshistoriavalencia\/valoracio-general\/\">Continue reading <span class=\"meta-nav\">&rarr;<\/span><\/a><\/p>\n","protected":false},"author":2975,"featured_media":0,"parent":0,"menu_order":5,"comment_status":"open","ping_status":"open","template":"","meta":{"footnotes":""},"class_list":["post-21","page","type-page","status-publish","hentry"],"_links":{"self":[{"href":"https:\/\/blogs.ua.es\/cavanilleshistoriavalencia\/wp-json\/wp\/v2\/pages\/21","targetHints":{"allow":["GET"]}}],"collection":[{"href":"https:\/\/blogs.ua.es\/cavanilleshistoriavalencia\/wp-json\/wp\/v2\/pages"}],"about":[{"href":"https:\/\/blogs.ua.es\/cavanilleshistoriavalencia\/wp-json\/wp\/v2\/types\/page"}],"author":[{"embeddable":true,"href":"https:\/\/blogs.ua.es\/cavanilleshistoriavalencia\/wp-json\/wp\/v2\/users\/2975"}],"replies":[{"embeddable":true,"href":"https:\/\/blogs.ua.es\/cavanilleshistoriavalencia\/wp-json\/wp\/v2\/comments?post=21"}],"version-history":[{"count":7,"href":"https:\/\/blogs.ua.es\/cavanilleshistoriavalencia\/wp-json\/wp\/v2\/pages\/21\/revisions"}],"predecessor-version":[{"id":107,"href":"https:\/\/blogs.ua.es\/cavanilleshistoriavalencia\/wp-json\/wp\/v2\/pages\/21\/revisions\/107"}],"wp:attachment":[{"href":"https:\/\/blogs.ua.es\/cavanilleshistoriavalencia\/wp-json\/wp\/v2\/media?parent=21"}],"curies":[{"name":"wp","href":"https:\/\/api.w.org\/{rel}","templated":true}]}}