{"id":23,"date":"2012-12-20T09:32:41","date_gmt":"2012-12-20T09:32:41","guid":{"rendered":"https:\/\/blogs.ua.es\/cavanilleshistoriavalencia\/?page_id=23"},"modified":"2012-12-28T22:17:14","modified_gmt":"2012-12-28T22:17:14","slug":"recursos-dinformacio","status":"publish","type":"page","link":"https:\/\/blogs.ua.es\/cavanilleshistoriavalencia\/recursos-dinformacio\/","title":{"rendered":"Recursos d&#8217;informaci\u00f3"},"content":{"rendered":"<p>Tota la informaci\u00f3 qu\u00e8 he cercat per al blog ha sigut a trav\u00e9s de la xarxa, per tant tots poden trobar aquesta informaci\u00f3 si es t\u00e9 un ordinador i connexi\u00f3 a internet.<\/p>\n<p>Les p\u00e0gines que corresponen a les refer\u00e8ncies trobades s\u00f3n:<\/p>\n<ul>\n<li><span style=\"font-size: medium\"><strong>Dialnet<\/strong>: en aquesta p\u00e0gina podeu trobar tota classe d&#8217;informaci\u00f3 referent a revistes (amb tota classe d&#8217;\u00e0mbits), documents, articles de revistes, tesis, articles d&#8217;obres col\u00b7lectives, llibres&#8230; us deixe l&#8217;<a href=\"http:\/\/dialnet.unirioja.es\/\">enlla\u00e7<\/a>.<\/span><\/li>\n<li><span style=\"font-size: medium\"><strong>Wordlcat<\/strong>: \u00e9s la major red de contingut de biblioteques i serveis. Abasteixen una la major cantitat de recursos Web, ja siguen llibres, col\u00b7leccions, CDs de m\u00fasica, contingut digital, articles, cites d&#8217;articles, fotografies&#8230; . Ac\u00ed teniu l&#8217;<a href=\"http:\/\/www.worldcat.org\/\">enlla\u00e7<\/a>.<\/span><\/li>\n<li><span style=\"font-size: medium\"><strong>Cbuc<\/strong>: \u00e9s el\u00a0Consorci de Biblioteques Universit\u00e0ries de Catalunya (CBUC) t\u00e9 per missi\u00f3 \u00a0millorar els serveis bibliotecaris a trav\u00e9s de la cooperaci\u00f3. Ac\u00ed teniu l&#8217;<a href=\"http:\/\/www.cbuc.cat\/\">enlla\u00e7<\/a>.<\/span><\/li>\n<li><span style=\"font-size: medium\"><strong>Tesis doctorales en red<\/strong>: \u00e9s un repositori cooperatiu que cont\u00e9 en format digital tesis doctorals llegides a les universitats de comunitats aut\u00f2nomes. les consultes s\u00f3n d&#8217;acc\u00e9s lliure i tens l&#8217;opci\u00f3 de cercar el text complet. L&#8217;<a href=\"http:\/\/www.tdx.cat\/\">enlla\u00e7<\/a>.\u00a0<\/span><\/li>\n<li><span style=\"font-size: medium\"><strong>Biblioteca de la UCM<\/strong>: aquesta biblioteca \u00e9s com qualsevol altra a la xarxa, per\u00f2 amb un contingut prou interessant. L&#8217;<a href=\"http:\/\/www.ucm.es\/BUCM\/\">enlla\u00e7<\/a>.\u00a0<\/span><\/li>\n<li><span style=\"font-size: medium\"><strong>CSIC<\/strong>: la ag\u00e8ncia estatal Consejo Superior de Investigaciones Cient\u00edficas \u00e9s la major instituci\u00f3 p\u00fablica dedicada a la investigaci\u00f3 en Espanya i la tercera a Europa. El seu objectiu principal \u00e9s desenvolupar i promoure investigacions en benefici del progr\u00e9s cient\u00edfic i tecnol\u00f2gic. Hi podem trobar molta informaci\u00f3 als seus apartats: biblioteca, bases de dades, difital.csic, revistes i cienciatk. Ac\u00ed teniu l&#8217;<a href=\"http:\/\/www.csic.es\/web\/guest\/publicaciones\">enlla\u00e7<\/a>.\u00a0<\/span><\/li>\n<li><span style=\"font-size: medium\"><strong>UA<\/strong>: com no, a la nostra universitat tenim un gran magatzem de fonts i documents, si entreu a aquest <a href=\"http:\/\/biblioteca.ua.es\/es\/recursos-de-informacion.html\">enlla\u00e7<\/a>, entrareu a l&#8217;apartat de recursos d&#8217;informaci\u00f3, on podreu cercar probablement el que us interessa.<\/span><\/li>\n<li><span style=\"font-size: medium\"><strong>Google llibres<\/strong>: <a href=\"http:\/\/books.google.es\/bkshp?hl=es&amp;tab=pp\">google<\/a> ofereix milions de llibres dels que podem obtenir una vista pr\u00e8via, o consultar de forma gratu\u00efta.<\/span><\/li>\n<\/ul>\n<div><span style=\"font-size: medium\"><span style=\"line-height: 24px\">He utilitzat per a unes refer\u00e8ncies, articles de <a href=\"http:\/\/dialnet.unirioja.es\/servlet\/revista?codigo=364\">Cuadernos de Geograf\u00eda<\/a> de la Universitat de Val\u00e8ncia. \u00c9s una revista acad\u00e8mica dirigida a professionals de la Geografia i altres disciplines conjuntes. El seu principal objectiu \u00e9s la publicaci\u00f3 d&#8217;articles originals d&#8217;investigaci\u00f3 referida al territori valenci\u00e0 o a un \u00e0mbit espacial superior.<\/span><\/span><\/div>\n<div><\/div>\n<div><\/div>\n<div><span style=\"font-size: medium\"><span style=\"line-height: 24px\">Aquestos s\u00f3n enlla\u00e7os d&#8217;on jo he trobat informaci\u00f3 per\u00f2 no ha sigut del meu gust o he volgut posar altres coses, est\u00e0 clar que la xarxa \u00e9s inmensa, i teniu gaireb\u00e9 moltes m\u00e9s opcions per a cercar informaci\u00f3, pot ser aquestos siguen millors per al vostre profit:<\/span><\/span><\/div>\n<div><\/div>\n<div>\n<ul>\n<li><span style=\"font-size: 12px;line-height: 18px\"><a href=\"http:\/\/www.cervantesvirtual.com\/\">Biblioteca virtual Miguel de Cervantes<\/a><\/span><\/li>\n<li><a href=\"http:\/\/www.bibliotecaspublicas.es\/alicante\/index.jsp\"><span style=\"font-size: 12px;line-height: 18px\">Biblioteca p\u00fablica de l&#8217;Estat en Alacant<\/span><\/a><\/li>\n<li><a href=\"http:\/\/prensahistorica.mcu.es\"><span style=\"font-size: 12px;line-height: 18px\">Biblioteca virtual de prensa hist\u00f3rica<\/span><\/a><\/li>\n<li><a href=\"http:\/\/www.lluisvives.com\/index.jsp\"><span style=\"font-size: 12px;line-height: 18px\">Biblioteca virtual Joan Llu\u00eds Vives<\/span><\/a><\/li>\n<li><span style=\"font-size: 12px;line-height: 18px\"><a href=\"http:\/\/www.cde.ua.es\/\">Centro de documentaci\u00f3n Europea<\/a><\/span><\/li>\n<\/ul>\n<\/div>\n","protected":false},"excerpt":{"rendered":"<p>Tota la informaci\u00f3 qu\u00e8 he cercat per al blog ha sigut a trav\u00e9s de la xarxa, per tant tots poden trobar aquesta informaci\u00f3 si es t\u00e9 un ordinador i connexi\u00f3 a internet. Les p\u00e0gines que corresponen a les refer\u00e8ncies trobades &hellip; <a href=\"https:\/\/blogs.ua.es\/cavanilleshistoriavalencia\/recursos-dinformacio\/\">Continue reading <span class=\"meta-nav\">&rarr;<\/span><\/a><\/p>\n","protected":false},"author":2975,"featured_media":0,"parent":0,"menu_order":4,"comment_status":"open","ping_status":"open","template":"","meta":{"footnotes":""},"class_list":["post-23","page","type-page","status-publish","hentry"],"_links":{"self":[{"href":"https:\/\/blogs.ua.es\/cavanilleshistoriavalencia\/wp-json\/wp\/v2\/pages\/23","targetHints":{"allow":["GET"]}}],"collection":[{"href":"https:\/\/blogs.ua.es\/cavanilleshistoriavalencia\/wp-json\/wp\/v2\/pages"}],"about":[{"href":"https:\/\/blogs.ua.es\/cavanilleshistoriavalencia\/wp-json\/wp\/v2\/types\/page"}],"author":[{"embeddable":true,"href":"https:\/\/blogs.ua.es\/cavanilleshistoriavalencia\/wp-json\/wp\/v2\/users\/2975"}],"replies":[{"embeddable":true,"href":"https:\/\/blogs.ua.es\/cavanilleshistoriavalencia\/wp-json\/wp\/v2\/comments?post=23"}],"version-history":[{"count":11,"href":"https:\/\/blogs.ua.es\/cavanilleshistoriavalencia\/wp-json\/wp\/v2\/pages\/23\/revisions"}],"predecessor-version":[{"id":106,"href":"https:\/\/blogs.ua.es\/cavanilleshistoriavalencia\/wp-json\/wp\/v2\/pages\/23\/revisions\/106"}],"wp:attachment":[{"href":"https:\/\/blogs.ua.es\/cavanilleshistoriavalencia\/wp-json\/wp\/v2\/media?parent=23"}],"curies":[{"name":"wp","href":"https:\/\/api.w.org\/{rel}","templated":true}]}}