{"id":25,"date":"2012-12-20T09:33:39","date_gmt":"2012-12-20T09:33:39","guid":{"rendered":"https:\/\/blogs.ua.es\/cavanilleshistoriavalencia\/?page_id=25"},"modified":"2012-12-28T22:16:56","modified_gmt":"2012-12-28T22:16:56","slug":"metodologia","status":"publish","type":"page","link":"https:\/\/blogs.ua.es\/cavanilleshistoriavalencia\/metodologia\/","title":{"rendered":"Metodologia"},"content":{"rendered":"<p>Primerament, per a crear un blog perteneixent a la UA debem entrar en la seua <span style=\"text-decoration: underline\"><a href=\"http:\/\/www.ua.es\/\">p\u00e0gina<\/a>,<\/span> seguidament a recursos, recursos tecnol\u00f2gics i blogsUA. Una vegada estem dins clicarem a crear el meu blog, plenarem totes les dades, seguirem els passos i ja tindrem creat el blog.<\/p>\n<p>En aquest blog he emprat la NORMA ISO 690:2010, la qual \u00e9s aplicable a tot tipus de documents, fins a recursos electr\u00f2nics en linia; i \u00e9s un m\u00e8tode de regulaci\u00f3 de cites i refer\u00e8ncies bibliogr\u00e0fiques. Segons la\u00a0NORMA ISO 690:2010.<\/p>\n<p><span style=\"text-decoration: underline\"><strong>En documents impresos<\/strong><\/span><\/p>\n<p><strong>Per a monografies<\/strong>:\u00a0APELLIDOS, Nombre1. T\u00edtulo. (Otros colaboradores: traductor, editor, etc. se podr\u00edan hacer constar\u00a0con la forma directa de nombre APELLIDOS). Edici\u00f3n. Lugar: Editor, a\u00f1o. Extensi\u00f3n (opcional).\u00a0(Serie; n\u00ba). ISBN.<\/p>\n<p><strong>Per a una part d&#8217;una monografia<\/strong>:\u00a0APELLIDOS, Nombre. T\u00edtulo de la parte. En: T\u00edtulo de la obra completa.Edici\u00f3n. Lugar de edici\u00f3n: editor, a\u00f1o, pp. (p\u00e1ginas). ISBN.<\/p>\n<p><strong>Per a publicacions en s\u00e8rie<\/strong> (revista completa):\u00a0T\u00edtulo de la revista. Responsabilidad (si fuera necesario para identificarla por tratarse de un t\u00edtulo\u00a0muy gen\u00e9rico. Ejem: Bolet\u00edn informativo). A\u00f1o de inicio-A\u00f1o de cierre (este \u00faltimo dato s\u00f3lo se\u00a0usa en el caso de revistas que han dejado de publicarse). ISSN.<\/p>\n<p><strong>Per a articles de revistes<\/strong>:\u00a0APELLIDOS, Nombre. T\u00edtulo del art\u00edculo. T\u00edtulo de la revista.\u00a0(Localizaci\u00f3n de la parte en el n\u00famero de la revista) A\u00f1o, volumen (n\u00ba), pp. ISSN.<\/p>\n<p><span style=\"text-decoration: underline\"><strong>En\u00a0<\/strong><\/span><span style=\"text-decoration: underline\"><strong><span style=\"text-decoration: underline\">D<\/span>ocuments electr\u00f2nics<\/strong><\/span><\/p>\n<p><strong>A llibres electr\u00f2nics i monografies en linia<\/strong>:\u00a0APELLIDOS, Nombre. T\u00edtulo [en l\u00ednea]. Lugar de publicaci\u00f3n: editor, fecha de publicaci\u00f3n\u00a0[Consulta: fecha de consulta]. Formato (pdf, etc), tama\u00f1o del fichero (MB). Disponible en: http:\/\/<\/p>\n<p><strong>Per a una part d&#8217;una monografia en linia<\/strong>:\u00a0APELLIDOS, Nombre. T\u00edtulo de la parte. En: T\u00edtulo de la obra completa [en\u00a0l\u00ednea]. Lugar de publicaci\u00f3n: editor, a\u00f1o, pp. [consulta: fecha de consulta]. Disponible en: http.\/\/<\/p>\n<p><strong>Una revista en linia:\u00a0<\/strong><\/p>\n<p>1. Modelo de revista de un paquete de revistas electr\u00f3nicas con una base de datos com\u00fan:<\/p>\n<p>T\u00edtulo [en linea]. Lugar de edici\u00f3n: editor, fecha de publicaci\u00f3n, volumen, n\u00famero [consulta: fecha<br \/>\nde consulta]. Nombre de la base de datos. ISSN. Disponible en: http:\/\/<br \/>\n2. Modelo de revista con acceso en l\u00ednea individualizado:<br \/>\nT\u00edtulo [en l\u00ednea]. Lugar de edici\u00f3n: editor, fecha de publicaci\u00f3n, volumen, n\u00famero [consulta: fecha<br \/>\nde consulta]. ISSN. Disponible en: http:\/\/<\/p>\n<p><strong>Per a art\u00edculs de revista en linia<\/strong>:\u00a0APELLIDOS, Nombre. T\u00edtulo del art\u00edculo. T\u00edtulo de la revista [en l\u00ednea].\u00a0Lugar: editor, fecha de publicaci\u00f3n, vol\u00famen, n\u00famero [consulta: fecha de consulta]. ISSN.\u00a0Disponible en: http:\/\/<\/p>\n<p><strong>Per a llocs web<\/strong>:\u00a0T\u00edtulo de la web. Editor, a\u00f1o [consulta: fecha de consulta]. Disponible en: http:\/\/<\/p>\n<p><strong>Per a parts d&#8217;un lloc web<\/strong>:<\/p>\n<p>\u2022 Ejemplo de p\u00e1gina sin autor o autor colectivo (ejem.: art\u00edculo de wikipedia):<br \/>\nT\u00edtulo de la p\u00e1gina. T\u00edtulo del sitio web [en l\u00ednea]. Fecha y hora de edici\u00f3n o actualizaci\u00f3n<br \/>\n[consulta: fecha de cosulta]. Disponible en: http:\/\/<br \/>\n\u2022 Ejemplo de p\u00e1gina o parte de un sitio web con autor:<br \/>\nAPELLIDOS, Nombre. T\u00edtulo de la p\u00e1gina o la parte. En: T\u00edtulo del sitio web [en l\u00ednea]. Fecha y<br \/>\nhora de edici\u00f3n [consulta: fecha y hora de consulta]. Disponible en: http:\/\/<\/p>\n<p><span style=\"text-decoration: underline\"><strong>En documents especials<\/strong><\/span><\/p>\n<p><strong>Mapes en paper<\/strong>:\u00a0T\u00edtulo. Escala. Lugar: Editor, a\u00f1o. Dimensiones (mm). Lugar donde se conserva y signatura.<\/p>\n<p><strong>A internet<\/strong>:\u00a0T\u00edtulo [en l\u00ednea]. Ubicaci\u00f3n y colecci\u00f3n [consulta: fecha de consulta]. Disponible en: http:\/\/<\/p>\n<p><strong>Pel\u00b7l\u00edcules<\/strong>: T\u00edtulo de la pel\u00edcula [Pel\u00edcula]. Dirigida por Nombre APELLIDOS. Pa\u00eds: Productora, a\u00f1o. Lugar:\u00a0distribuida en Espa\u00f1a por&#8230;<\/p>\n<p>Ejemplo de documental o programa de emisi\u00f3n de TV:<\/p>\n<p>Titulo. Nombre de la cadena de televisi\u00f3n, fecha.<\/p>\n<p><strong>En images<\/strong>:\u00a0APELLIDOS, Nombre. T\u00edtulo de la obra. A\u00f1o [imagen digital]. Museo&#8230; [consulta: fecha de\u00a0consulta]. Disponible en: http:\/\/<\/p>\n<p>&nbsp;<\/p>\n<p>&nbsp;<\/p>\n","protected":false},"excerpt":{"rendered":"<p>Primerament, per a crear un blog perteneixent a la UA debem entrar en la seua p\u00e0gina, seguidament a recursos, recursos tecnol\u00f2gics i blogsUA. Una vegada estem dins clicarem a crear el meu blog, plenarem totes les dades, seguirem els passos &hellip; <a href=\"https:\/\/blogs.ua.es\/cavanilleshistoriavalencia\/metodologia\/\">Continue reading <span class=\"meta-nav\">&rarr;<\/span><\/a><\/p>\n","protected":false},"author":2975,"featured_media":0,"parent":0,"menu_order":3,"comment_status":"open","ping_status":"open","template":"","meta":{"footnotes":""},"class_list":["post-25","page","type-page","status-publish","hentry"],"_links":{"self":[{"href":"https:\/\/blogs.ua.es\/cavanilleshistoriavalencia\/wp-json\/wp\/v2\/pages\/25","targetHints":{"allow":["GET"]}}],"collection":[{"href":"https:\/\/blogs.ua.es\/cavanilleshistoriavalencia\/wp-json\/wp\/v2\/pages"}],"about":[{"href":"https:\/\/blogs.ua.es\/cavanilleshistoriavalencia\/wp-json\/wp\/v2\/types\/page"}],"author":[{"embeddable":true,"href":"https:\/\/blogs.ua.es\/cavanilleshistoriavalencia\/wp-json\/wp\/v2\/users\/2975"}],"replies":[{"embeddable":true,"href":"https:\/\/blogs.ua.es\/cavanilleshistoriavalencia\/wp-json\/wp\/v2\/comments?post=25"}],"version-history":[{"count":7,"href":"https:\/\/blogs.ua.es\/cavanilleshistoriavalencia\/wp-json\/wp\/v2\/pages\/25\/revisions"}],"predecessor-version":[{"id":105,"href":"https:\/\/blogs.ua.es\/cavanilleshistoriavalencia\/wp-json\/wp\/v2\/pages\/25\/revisions\/105"}],"wp:attachment":[{"href":"https:\/\/blogs.ua.es\/cavanilleshistoriavalencia\/wp-json\/wp\/v2\/media?parent=25"}],"curies":[{"name":"wp","href":"https:\/\/api.w.org\/{rel}","templated":true}]}}