{"id":27,"date":"2012-12-20T09:34:03","date_gmt":"2012-12-20T09:34:03","guid":{"rendered":"https:\/\/blogs.ua.es\/cavanilleshistoriavalencia\/?page_id=27"},"modified":"2012-12-28T22:16:40","modified_gmt":"2012-12-28T22:16:40","slug":"explicacio-del-tema-2","status":"publish","type":"page","link":"https:\/\/blogs.ua.es\/cavanilleshistoriavalencia\/explicacio-del-tema-2\/","title":{"rendered":"Explicaci\u00f3 del tema"},"content":{"rendered":"<p>El tema que anem a tractar al blog \u00e9s sobre Antonio Jos\u00e9 Cavanilles, el qual naix a Val\u00e8ncia el 16 de gener de 1745 i mor a Madrid el 1804. A Val\u00e8ncia curs\u00e0 els seus primers estudis, i el 1759 comen\u00e7a els estudis de Filosofia a la UV. De manera privada completa la seua formaci\u00f3 amb estudis de Matem\u00e0tiques i F\u00edsica.<\/p>\n<p>Des de 1777 a 1789 fix\u00e0 la seua resid\u00e8ncia a Paris, on inici\u00e0 els estudis de bot\u00e0nica pel seu gran inter\u00e9s cap a aquesta branca de la biologia. La dedicaci\u00f3 a aquesta ci\u00e8ncia per l\u2019autor ha sigut transmesa amb nombrosos estudis detallats d\u2019esp\u00e8cies i fins i tot nous g\u00e8neres, la desripci\u00f3 de g\u00e8neres i esp\u00e8cies de moltes localitats de tot el planeta\u2026<\/p>\n<p>I \u00e9s entre 1791 i 1797 quan s\u2019encarrega per petici\u00f3 del rei Carles IV d\u2019ampliar els coneixements que es tenien fins aleshores de les plantes de la geografia espanyola. Cavanilles doncs, el que fa \u00e9s rec\u00f2rrer totes les comarques del Pa\u00eds Valenci\u00e0 a peu arreplegant aspectes, ja no nom\u00e9s bot\u00e0nics, sin\u00f3 tamb\u00e9 sistemes de producci\u00f3 agr\u00edcola, geografia, demografia, jaciments arqueol\u00f2gics, geologia, cartografia, hidrologia, medicina, i molts dels principals camps de la ind\u00fastria reflexats en l\u2019obra la qual anem a tractar en el blog:<\/p>\n<p><em>Observaciones sobre la historia natural,geograf\u00eda,agricultura, poblaci\u00f3n y frutos del reino de Valencia<\/em><\/p>\n","protected":false},"excerpt":{"rendered":"<p>El tema que anem a tractar al blog \u00e9s sobre Antonio Jos\u00e9 Cavanilles, el qual naix a Val\u00e8ncia el 16 de gener de 1745 i mor a Madrid el 1804. A Val\u00e8ncia curs\u00e0 els seus primers estudis, i el 1759 &hellip; <a href=\"https:\/\/blogs.ua.es\/cavanilleshistoriavalencia\/explicacio-del-tema-2\/\">Continue reading <span class=\"meta-nav\">&rarr;<\/span><\/a><\/p>\n","protected":false},"author":2975,"featured_media":0,"parent":0,"menu_order":2,"comment_status":"open","ping_status":"open","template":"","meta":{"footnotes":""},"class_list":["post-27","page","type-page","status-publish","hentry"],"_links":{"self":[{"href":"https:\/\/blogs.ua.es\/cavanilleshistoriavalencia\/wp-json\/wp\/v2\/pages\/27","targetHints":{"allow":["GET"]}}],"collection":[{"href":"https:\/\/blogs.ua.es\/cavanilleshistoriavalencia\/wp-json\/wp\/v2\/pages"}],"about":[{"href":"https:\/\/blogs.ua.es\/cavanilleshistoriavalencia\/wp-json\/wp\/v2\/types\/page"}],"author":[{"embeddable":true,"href":"https:\/\/blogs.ua.es\/cavanilleshistoriavalencia\/wp-json\/wp\/v2\/users\/2975"}],"replies":[{"embeddable":true,"href":"https:\/\/blogs.ua.es\/cavanilleshistoriavalencia\/wp-json\/wp\/v2\/comments?post=27"}],"version-history":[{"count":7,"href":"https:\/\/blogs.ua.es\/cavanilleshistoriavalencia\/wp-json\/wp\/v2\/pages\/27\/revisions"}],"predecessor-version":[{"id":104,"href":"https:\/\/blogs.ua.es\/cavanilleshistoriavalencia\/wp-json\/wp\/v2\/pages\/27\/revisions\/104"}],"wp:attachment":[{"href":"https:\/\/blogs.ua.es\/cavanilleshistoriavalencia\/wp-json\/wp\/v2\/media?parent=27"}],"curies":[{"name":"wp","href":"https:\/\/api.w.org\/{rel}","templated":true}]}}