{"id":29,"date":"2012-12-20T09:34:27","date_gmt":"2012-12-20T09:34:27","guid":{"rendered":"https:\/\/blogs.ua.es\/cavanilleshistoriavalencia\/?page_id=29"},"modified":"2012-12-28T22:16:15","modified_gmt":"2012-12-28T22:16:15","slug":"presentacio-2","status":"publish","type":"page","link":"https:\/\/blogs.ua.es\/cavanilleshistoriavalencia\/presentacio-2\/","title":{"rendered":"Introducci\u00f3"},"content":{"rendered":"<p>El present blog sobre Cavanilles est\u00e0 realitzat per Joan Cano Aladid, alumne de la Universitat d&#8217;Alacant i estudiant de 1r Grau en Geografia i Ordenaci\u00f3 del territori.<\/p>\n<p>Aquest \u00e9s un blog acad\u00e8mic en el que farem una breu introducci\u00f3 sobre el naturalista valenci\u00e0 Antonio Jos\u00e9 Cavanilles i Palop, el qual va rec\u00f2rrer l\u2019antic regne de Val\u00e8ncia prenent notes per a la redacci\u00f3 de la seua obra: <em>Observaciones sobre la historia natural,geograf\u00eda,agricultura, poblaci\u00f3n y frutos del reino de Valencia<\/em>\u00a0(1795-1797), on arreplega gran part de les disciplines t\u00e8rcniques i cient\u00edfiques de l\u2019\u00e8poca.<\/p>\n<p>Tractarem d\u2019arreplegar refer\u00e8ncies del seu treball i adaptar-les als m\u00e8todes emprats durant l\u2019assignatura de Fonts i Documents, aplicant la norma ISO 690-2010.<\/p>\n","protected":false},"excerpt":{"rendered":"<p>El present blog sobre Cavanilles est\u00e0 realitzat per Joan Cano Aladid, alumne de la Universitat d&#8217;Alacant i estudiant de 1r Grau en Geografia i Ordenaci\u00f3 del territori. Aquest \u00e9s un blog acad\u00e8mic en el que farem una breu introducci\u00f3 sobre &hellip; <a href=\"https:\/\/blogs.ua.es\/cavanilleshistoriavalencia\/presentacio-2\/\">Continue reading <span class=\"meta-nav\">&rarr;<\/span><\/a><\/p>\n","protected":false},"author":2975,"featured_media":0,"parent":0,"menu_order":1,"comment_status":"open","ping_status":"open","template":"","meta":{"footnotes":""},"class_list":["post-29","page","type-page","status-publish","hentry"],"_links":{"self":[{"href":"https:\/\/blogs.ua.es\/cavanilleshistoriavalencia\/wp-json\/wp\/v2\/pages\/29","targetHints":{"allow":["GET"]}}],"collection":[{"href":"https:\/\/blogs.ua.es\/cavanilleshistoriavalencia\/wp-json\/wp\/v2\/pages"}],"about":[{"href":"https:\/\/blogs.ua.es\/cavanilleshistoriavalencia\/wp-json\/wp\/v2\/types\/page"}],"author":[{"embeddable":true,"href":"https:\/\/blogs.ua.es\/cavanilleshistoriavalencia\/wp-json\/wp\/v2\/users\/2975"}],"replies":[{"embeddable":true,"href":"https:\/\/blogs.ua.es\/cavanilleshistoriavalencia\/wp-json\/wp\/v2\/comments?post=29"}],"version-history":[{"count":7,"href":"https:\/\/blogs.ua.es\/cavanilleshistoriavalencia\/wp-json\/wp\/v2\/pages\/29\/revisions"}],"predecessor-version":[{"id":103,"href":"https:\/\/blogs.ua.es\/cavanilleshistoriavalencia\/wp-json\/wp\/v2\/pages\/29\/revisions\/103"}],"wp:attachment":[{"href":"https:\/\/blogs.ua.es\/cavanilleshistoriavalencia\/wp-json\/wp\/v2\/media?parent=29"}],"curies":[{"name":"wp","href":"https:\/\/api.w.org\/{rel}","templated":true}]}}