{"id":34,"date":"2020-05-12T16:05:43","date_gmt":"2020-05-12T16:05:43","guid":{"rendered":"https:\/\/blogs.ua.es\/cayecg47\/?page_id=34"},"modified":"2020-06-05T09:06:55","modified_gmt":"2020-06-05T09:06:55","slug":"ejercicio-a-anomia","status":"publish","type":"page","link":"https:\/\/blogs.ua.es\/cayecg47\/ejercicio-a-anomia\/","title":{"rendered":"ANOM\u00cdA"},"content":{"rendered":"<p>1. Mapa conceptual de la teor\u00eda<\/p>\n<p><img loading=\"lazy\" decoding=\"async\" class=\"alignnone wp-image-61\" src=\"https:\/\/blogs.ua.es\/cayecg47\/files\/2020\/05\/Captura-1-300x168.png\" alt=\"\" width=\"727\" height=\"407\" srcset=\"https:\/\/blogs.ua.es\/cayecg47\/files\/2020\/05\/Captura-1-300x168.png 300w, https:\/\/blogs.ua.es\/cayecg47\/files\/2020\/05\/Captura-1-768x430.png 768w, https:\/\/blogs.ua.es\/cayecg47\/files\/2020\/05\/Captura-1.png 896w\" sizes=\"auto, (max-width: 727px) 100vw, 727px\" \/><\/p>\n<p>La anom\u00eda de Robert K. Merton. Este soci\u00f3logo norteamericano trae a la Sociolog\u00eda moderna el concepto de anom\u00eda. Merton opina que la cultura determina qu\u00e9 cosas debe desear la gente, lo que llamamos metas, y la manera leg\u00edtima de lograrlo, llamado medios.<\/p>\n<p>Es as\u00ed que, dependiendo de la aceptaci\u00f3n o no de fines y medios, existen distintos tipos de personas, a las que se clasifica en determinadas categor\u00edas de an\u00e1lisis.<\/p>\n<p>&nbsp;<\/p>\n<p>2. Prototipo. Casa de papel<\/p>\n<p><iframe loading=\"lazy\" title=\"video casa de papel matriarcado\" width=\"500\" height=\"281\" src=\"https:\/\/www.youtube.com\/embed\/3FLkErCSEk4?feature=oembed\" frameborder=\"0\" allow=\"accelerometer; autoplay; clipboard-write; encrypted-media; gyroscope; picture-in-picture; web-share\" referrerpolicy=\"strict-origin-when-cross-origin\" allowfullscreen><\/iframe><\/p>\n<p>En esta secuencia observamos que los atracadores reciben una llamada del cerebro de la operaci\u00f3n. La persona al mando de los atracadores, llamada Berl\u00edn, es quien contesta y a quien se le culpa por haber actuado tir\u00e1nica y abusivamente contra su equipo y los rehenes.<\/p>\n<p>Con esta actitud inapropiada, pone en riesgo la operaci\u00f3n. Es por ello que sus compa\u00f1eros van en su contra, tomando ahora ellos el mando para as\u00ed proseguir con la operaci\u00f3n de la manera que ellos consideran correcta.<\/p>\n<p>Por lo tanto, se puede observar un ejemplo de anom\u00eda de car\u00e1cter innovador, ya que comparten un mismo fin pero con otros medios menos radicales.<\/p>\n<p>&nbsp;<\/p>\n<p>3. Medios de comunicaci\u00f3n<\/p>\n<ul>\n<li>Art\u00edculo period\u00edstico<\/li>\n<\/ul>\n<p>https:\/\/diario16.com\/pedro-sanchez-espana-es-el-pais-del-mundo-donde-el-confinamiento-se-ha-seguido-con-mayor-disciplina\/<\/p>\n<p>A ra\u00edz de la crisis sanitaria, el confinamiento ha sido el medio institucional designado para su subsanaci\u00f3n. En el caso de la poblaci\u00f3n espa\u00f1ola se ha aceptado y llevado a cabo, en t\u00e9rminos generales, seg\u00fan el cumplimiento de las normas de forma satisfactoria.<\/p>\n<p>Este comportamiento se relaciona con la teor\u00eda de Merton en t\u00e9rminos de aceptaci\u00f3n tanto de los fines como de los medios elegidos para alcanzarlos. En base a esto podemos determinarlo como un tipo de conducta conformista.<\/p>\n<p>&nbsp;<\/p>\n<ul>\n<li>Elemento audiovisual<\/li>\n<\/ul>\n<p><iframe loading=\"lazy\" title=\"Manifestaci\u00f3n en plena pandemia en Madrid\" width=\"500\" height=\"281\" src=\"https:\/\/www.youtube.com\/embed\/4q03_qHYfCA?feature=oembed\" frameborder=\"0\" allow=\"accelerometer; autoplay; clipboard-write; encrypted-media; gyroscope; picture-in-picture; web-share\" referrerpolicy=\"strict-origin-when-cross-origin\" allowfullscreen><\/iframe><\/p>\n<p>El d\u00eda 13 de mayo comenzaron a producirse manifestaciones en el barrio de Salamanca de Madrid con el grito de \u201c\u00a1Libertad!\u201d en plena pandemia del Covid-19. Los manifestantes tambi\u00e9n se quejaban del desempe\u00f1o del presidente del gobierno Pedro S\u00e1nchez por no incluir a Madrid en la fase 1 de la desescalada, exigiendo la deposici\u00f3n de la presidencia.<\/p>\n<p>En cuanto a su relaci\u00f3n con el concepto de anom\u00eda de Merton, lo m\u00e1s visible es que los implicados no aceptan los medios establecidos para lograr el objetivo de la vuelta a la normalidad. En materia de fines, podemos concluir que tampoco hay una consensualidad al respecto, dado que a pesar de que todas las partes buscan volver a la normalidad, cada cual tiene su propio sentido y concepci\u00f3n de la misma y, en este caso, el llegar a esta por parte de unos choca frontalmente con los deseos de otros. Una vez aceptado este posible an\u00e1lisis determinamos esta conducta como insertable en la categor\u00eda de rebeldes.<\/p>\n<p>&nbsp;<\/p>\n<ul>\n<li>Mensaje de Twitter<\/li>\n<\/ul>\n<p>https:\/\/twitter.com\/JohnArandia\/status\/1259446140476497920<\/p>\n<p>Reducir el n\u00famero de contagios hasta que no hayan fallecidos por coronavirus es el objetivo a lograr por todos los pa\u00edses aquejados de este mal. Ahora bien, no todos practican la misma estrategia. Suecia ha empleado un medio alternativo para llegar a tal fin: se pide responsabilidad a sus ciudadanos mientras bares, restaurantes, escuelas, gimnasios y cafeter\u00edas permanecen abiertos, buscando as\u00ed paliar el m\u00e1ximo de deterioro econ\u00f3mico posible. Este plan de acci\u00f3n se considera arriesgado, y ha sido criticado por numerosas fuentes de diversa \u00edndole. Seg\u00fan la teor\u00eda de Merton esta ruta a seguir se identificar\u00eda con la categor\u00eda de \u201cinnovador\u201d dentro de su propio pensamiento dada la conformidad general con el objetivo y la b\u00fasqueda de formas diferentes de alcanzarlo. Aunque en un principio parec\u00eda prometer buenos resultados, la estrategia ha terminado fracasando: el tejido econ\u00f3mico se ha visto afectado y el n\u00famero de muertos sobrepasa de largo la media mundial.<\/p>\n","protected":false},"excerpt":{"rendered":"<p>1. Mapa conceptual de la teor\u00eda La anom\u00eda de Robert K. Merton. Este soci\u00f3logo norteamericano trae a la Sociolog\u00eda moderna el concepto de anom\u00eda. Merton opina que la cultura determina qu\u00e9 cosas debe desear la gente, lo que llamamos metas, y la manera leg\u00edtima de lograrlo, llamado medios. Es as\u00ed que, dependiendo de la aceptaci\u00f3n [&hellip;]<\/p>\n","protected":false},"author":4406,"featured_media":0,"parent":0,"menu_order":0,"comment_status":"closed","ping_status":"closed","template":"","meta":{"footnotes":""},"class_list":["post-34","page","type-page","status-publish","hentry"],"_links":{"self":[{"href":"https:\/\/blogs.ua.es\/cayecg47\/wp-json\/wp\/v2\/pages\/34","targetHints":{"allow":["GET"]}}],"collection":[{"href":"https:\/\/blogs.ua.es\/cayecg47\/wp-json\/wp\/v2\/pages"}],"about":[{"href":"https:\/\/blogs.ua.es\/cayecg47\/wp-json\/wp\/v2\/types\/page"}],"author":[{"embeddable":true,"href":"https:\/\/blogs.ua.es\/cayecg47\/wp-json\/wp\/v2\/users\/4406"}],"replies":[{"embeddable":true,"href":"https:\/\/blogs.ua.es\/cayecg47\/wp-json\/wp\/v2\/comments?post=34"}],"version-history":[{"count":29,"href":"https:\/\/blogs.ua.es\/cayecg47\/wp-json\/wp\/v2\/pages\/34\/revisions"}],"predecessor-version":[{"id":196,"href":"https:\/\/blogs.ua.es\/cayecg47\/wp-json\/wp\/v2\/pages\/34\/revisions\/196"}],"wp:attachment":[{"href":"https:\/\/blogs.ua.es\/cayecg47\/wp-json\/wp\/v2\/media?parent=34"}],"curies":[{"name":"wp","href":"https:\/\/api.w.org\/{rel}","templated":true}]}}