{"id":44,"date":"2020-05-12T16:27:10","date_gmt":"2020-05-12T16:27:10","guid":{"rendered":"https:\/\/blogs.ua.es\/cayecg47\/?page_id=44"},"modified":"2020-06-05T09:32:08","modified_gmt":"2020-06-05T09:32:08","slug":"tema-3-solidaridad-mecanica-y-organica","status":"publish","type":"page","link":"https:\/\/blogs.ua.es\/cayecg47\/tema-3-solidaridad-mecanica-y-organica\/","title":{"rendered":"SOLIDARIDAD MEC\u00c1NICA Y ORG\u00c1NICA"},"content":{"rendered":"<p>1. Mapa mental de la teor\u00eda<\/p>\n<p><img loading=\"lazy\" decoding=\"async\" class=\"alignnone wp-image-90\" src=\"https:\/\/blogs.ua.es\/cayecg47\/files\/2020\/05\/Captura3-300x164.png\" alt=\"\" width=\"824\" height=\"450\" srcset=\"https:\/\/blogs.ua.es\/cayecg47\/files\/2020\/05\/Captura3-300x164.png 300w, https:\/\/blogs.ua.es\/cayecg47\/files\/2020\/05\/Captura3-1024x561.png 1024w, https:\/\/blogs.ua.es\/cayecg47\/files\/2020\/05\/Captura3-768x420.png 768w, https:\/\/blogs.ua.es\/cayecg47\/files\/2020\/05\/Captura3.png 1273w\" sizes=\"auto, (max-width: 824px) 100vw, 824px\" \/><\/p>\n<p>Para Durkheim, existe una distinci\u00f3n en las motivaciones de los individuos para actuar dentro de las sociedades basada en las caracter\u00edsticas de las mismas. Esta se materializa en lo que se conoce como solidaridad mec\u00e1nica y org\u00e1nica.<\/p>\n<p>Las sociedades preindustriales, peque\u00f1as y tradicionales se mantienen unidas por mecanismos como el consenso moral de sus miembros, las ideas comunes y la conciencia colectiva, que forman la solidaridad mec\u00e1nica. Por otro lado las sociedades industriales, grandes y modernas, basadas en la divisi\u00f3n de trabajo, la actividad econ\u00f3mica especializada, la individualidad o la interdependencia funcional responden al modelo de la solidaridad org\u00e1nica.<\/p>\n<p>&nbsp;<\/p>\n<p>2. Prototipo. Piratas del Caribe<\/p>\n<p>https:\/\/www.youtube.com\/watch?v=ybbY-IyvHLo<\/p>\n<p>En esta escena se puede observar a una tribu nativa que ha capturado a uno de los protagonistas y a su tripulaci\u00f3n. Mientras que a la tripulaci\u00f3n la han encarcelado, al protagonista lo consideran un Dios. Seg\u00fan sus creencias, est\u00e1n preparando un banquete para com\u00e9rselo. Esto se puede relacionar con la teor\u00eda de Durkheim sobre la solidaridad mec\u00e1nica ya que existe una gran homogeneidad de pensamiento y presentan una moralidad y conciencia compartida, al igual que unas creencias e ideas divinas. Como no existe una divisi\u00f3n del trabajo especializada, esta \u00fanicamente recae sobre el g\u00e9nero y la edad.<\/p>\n<p>&nbsp;<\/p>\n<p>3. Medios de comunicaci\u00f3n<\/p>\n<ul>\n<li>Art\u00edculo period\u00edstico<\/li>\n<\/ul>\n<p><img loading=\"lazy\" decoding=\"async\" class=\"alignnone wp-image-121\" src=\"https:\/\/blogs.ua.es\/cayecg47\/files\/2020\/05\/Captura1-300x229.png\" alt=\"\" width=\"727\" height=\"555\" srcset=\"https:\/\/blogs.ua.es\/cayecg47\/files\/2020\/05\/Captura1-300x229.png 300w, https:\/\/blogs.ua.es\/cayecg47\/files\/2020\/05\/Captura1-1024x781.png 1024w, https:\/\/blogs.ua.es\/cayecg47\/files\/2020\/05\/Captura1-768x586.png 768w, https:\/\/blogs.ua.es\/cayecg47\/files\/2020\/05\/Captura1.png 1235w\" sizes=\"auto, (max-width: 727px) 100vw, 727px\" \/><\/p>\n<p><a href=\"https:\/\/elpais.com\/elpais\/2020\/04\/07\/planeta_futuro\/1586257891_570999.html\">https:\/\/elpais.com\/elpais\/2020\/04\/07\/planeta_futuro\/1586257891_570999.html<\/a><\/p>\n<p>Ante la amenaza del coronavirus, la adopci\u00f3n de medidas se ha hecho necesaria en comunidades ind\u00edgenas latinoamericanas. Pero mucho antes de que estas se llevaran a cabo por parte del gobierno central, sus miembros ya reaccionaron r\u00e1pidamente cerrando sus territorios. La adopci\u00f3n de estas medidas con gran celeridad refleja la manera en que sus tradiciones los hacen situarse m\u00e1s alejados del resto y les inclinan a mantener unos modos de actuar basados en la solidaridad mec\u00e1nica, denotando un marcado consenso moral e importancia de la conciencia colectiva. Adem\u00e1s, estas sociedades presentan en gran medida un sistema sanitario ligado a las creencias religiosas, lo que refleja la gran cohesi\u00f3n existente entre los miembros de estas sociedades.<\/p>\n<p>&nbsp;<\/p>\n<ul>\n<li>Elemento audiovisual<\/li>\n<\/ul>\n<p><img loading=\"lazy\" decoding=\"async\" class=\"shrinkToFit transparent\" src=\"https:\/\/cdn.discordapp.com\/attachments\/656894499628253200\/712338312463122502\/ONIC.png\" alt=\"https:\/\/cdn.discordapp.com\/attachments\/656894499628253200\/712338312463122502\/ONIC.png\" width=\"934\" height=\"584\" \/><\/p>\n<p><span style=\"font-weight: 400\">La crisis sanitaria del covid-19 ha adquirido la escala de pandemia mundial, y prueba de esto es que ni siquiera los ind\u00edgenas de los territorios latinoamericanos, habituados a <\/span><span style=\"font-weight: 400\">\u00a0<\/span><span style=\"font-weight: 400\">un escaso contacto con las sociedades modernas e industriales, han escapado a su propagaci\u00f3n. Estas tribus son especialmente vulnerables dadas sus caracter\u00edsticas y, buscando minimizar los riesgos para los individuos que las componen, han tomado la decisi\u00f3n de negar el acceso a sus territorios de extranjeros y confinarse.<\/span><\/p>\n<p><span style=\"font-weight: 400\">Este hecho es comentable desde el punto de vista de la teor\u00eda de Durkheim dado el consenso al que se ha llegado en estos ambientes, las resoluciones colectivas de aislarse del resto del mundo. Decisiones de este estilo en sociedades como las comentadas coinciden con principios de la solidaridad mec\u00e1nica, como la tradici\u00f3n del consenso moral y la conciencia colectiva.<\/span><\/p>\n<p>&nbsp;<\/p>\n<ul>\n<li>Mensaje red social<\/li>\n<\/ul>\n<p>https:\/\/twitter.com\/FADSPU\/status\/1260986028963364864<\/p>\n<p>En este tweet se comenta la importancia de seguir con la costumbre de aplaudir a los sanitarios, costumbre adoptada en la pandemia. No obstante, esta tendencia como bien dice el usuario mantiene la solidaridad, en cierto modo, en todos nosotros. Es un m\u00e9todo con el que sentirse unido a toda la sociedad, al igual que dar apoyo y \u00e1nimo al conjunto.<\/p>\n<p>Esto se relaciona con la teor\u00eda de Durkheim de ambas solidaridades, especialmente con la mec\u00e1nica. Ciertamente, aunque no se relaciona completamente con la solidaridad mec\u00e1nica, esta costumbre refleja esa cohesi\u00f3n social, moralidad compartida y una fuerte conciencia colectiva.<\/p>\n","protected":false},"excerpt":{"rendered":"<p>1. Mapa mental de la teor\u00eda Para Durkheim, existe una distinci\u00f3n en las motivaciones de los individuos para actuar dentro de las sociedades basada en las caracter\u00edsticas de las mismas. Esta se materializa en lo que se conoce como solidaridad mec\u00e1nica y org\u00e1nica. Las sociedades preindustriales, peque\u00f1as y tradicionales se mantienen unidas por mecanismos como [&hellip;]<\/p>\n","protected":false},"author":4406,"featured_media":0,"parent":0,"menu_order":0,"comment_status":"closed","ping_status":"closed","template":"","meta":{"footnotes":""},"class_list":["post-44","page","type-page","status-publish","hentry"],"_links":{"self":[{"href":"https:\/\/blogs.ua.es\/cayecg47\/wp-json\/wp\/v2\/pages\/44","targetHints":{"allow":["GET"]}}],"collection":[{"href":"https:\/\/blogs.ua.es\/cayecg47\/wp-json\/wp\/v2\/pages"}],"about":[{"href":"https:\/\/blogs.ua.es\/cayecg47\/wp-json\/wp\/v2\/types\/page"}],"author":[{"embeddable":true,"href":"https:\/\/blogs.ua.es\/cayecg47\/wp-json\/wp\/v2\/users\/4406"}],"replies":[{"embeddable":true,"href":"https:\/\/blogs.ua.es\/cayecg47\/wp-json\/wp\/v2\/comments?post=44"}],"version-history":[{"count":30,"href":"https:\/\/blogs.ua.es\/cayecg47\/wp-json\/wp\/v2\/pages\/44\/revisions"}],"predecessor-version":[{"id":197,"href":"https:\/\/blogs.ua.es\/cayecg47\/wp-json\/wp\/v2\/pages\/44\/revisions\/197"}],"wp:attachment":[{"href":"https:\/\/blogs.ua.es\/cayecg47\/wp-json\/wp\/v2\/media?parent=44"}],"curies":[{"name":"wp","href":"https:\/\/api.w.org\/{rel}","templated":true}]}}