{"id":46,"date":"2020-05-12T16:28:03","date_gmt":"2020-05-12T16:28:03","guid":{"rendered":"https:\/\/blogs.ua.es\/cayecg47\/?page_id=46"},"modified":"2020-05-30T18:31:46","modified_gmt":"2020-05-30T18:31:46","slug":"tema-4-tipos-de-cambio-social","status":"publish","type":"page","link":"https:\/\/blogs.ua.es\/cayecg47\/tema-4-tipos-de-cambio-social\/","title":{"rendered":"TIPOS DE CAMBIO SOCIAL"},"content":{"rendered":"<p>1. Mapa mental de la teor\u00eda<\/p>\n<p><img loading=\"lazy\" decoding=\"async\" class=\"alignnone wp-image-126\" src=\"https:\/\/blogs.ua.es\/cayecg47\/files\/2020\/05\/Captura1-1-300x169.png\" alt=\"\" width=\"777\" height=\"438\" srcset=\"https:\/\/blogs.ua.es\/cayecg47\/files\/2020\/05\/Captura1-1-300x169.png 300w, https:\/\/blogs.ua.es\/cayecg47\/files\/2020\/05\/Captura1-1-1024x577.png 1024w, https:\/\/blogs.ua.es\/cayecg47\/files\/2020\/05\/Captura1-1-768x433.png 768w, https:\/\/blogs.ua.es\/cayecg47\/files\/2020\/05\/Captura1-1.png 1125w\" sizes=\"auto, (max-width: 777px) 100vw, 777px\" \/><\/p>\n<p>Dentro del concepto de cambio social, se conocen varios tipos seg\u00fan la dimensi\u00f3n de este en la que nos centremos. En vista de la magnitud puede ser estructural, si afecta al sistema por completo; o local, si solo afecta a una parte de este. Por otro lado, seg\u00fan el origen de este puede ser end\u00f3geno o ex\u00f3geno, dependiendo si se ha producido por el mismo sistema o por algo externo. Si nos centramos en la din\u00e1mica el cambio puede ser lento, si se produce lentamente a lo largo del tiempo; o revolucionario, si se realiza de forma r\u00e1pida o repentina. Por \u00faltimo, seg\u00fan la relaci\u00f3n que tenga con otros cambios puede ser sincr\u00f3nico o asincr\u00f3nico, es decir, si se producen simult\u00e1neamente o en momentos distintos. De este modo, existen diversas combinaciones que ofrecen una distinci\u00f3n entre los cambios sociales.<\/p>\n<p>&nbsp;<\/p>\n<p>2. Prototipo. Danton<\/p>\n<p><iframe loading=\"lazy\" title=\"Danton. La ejecuci\u00f3n.avi\" width=\"500\" height=\"375\" src=\"https:\/\/www.youtube.com\/embed\/L0IamnmR6MM?feature=oembed\" frameborder=\"0\" allow=\"accelerometer; autoplay; clipboard-write; encrypted-media; gyroscope; picture-in-picture; web-share\" referrerpolicy=\"strict-origin-when-cross-origin\" allowfullscreen><\/iframe><\/p>\n<p>En esta escena perteneciente a la pel\u00edcula \u201cDanton\u201d podemos observar una de las pr\u00e1cticas m\u00e1s oscuras derivadas de un cambio social determinante en la historia del mundo moderno y contempor\u00e1neo, como es la Revoluci\u00f3n Francesa.<\/p>\n<p>Este fragmento nos muestra a un diputado jacobino llamado Georges-Jacques Danton que, tras una disputa con Robespierre relacionada con la finalizaci\u00f3n del \u201cTerror jacobino\u201d, es condenado a morir en la guillotina en 1794.<\/p>\n<p>Es palpable la importancia en estos acontecimientos de la transformaci\u00f3n social de car\u00e1cter estructural, end\u00f3geno y revolucionario iniciada en 1789, con el declive del absolutismo y el inicio de una sucesi\u00f3n de etapas republicanas, revolucionarias y b\u00e9licas que transformaron la mentalidad francesa y propiciaron situaciones como esta.<\/p>\n<p>&nbsp;<\/p>\n<p>3. Medios de comunicaci\u00f3n<\/p>\n<ul>\n<li>Art\u00edculo period\u00edstico<\/li>\n<\/ul>\n<p><img loading=\"lazy\" decoding=\"async\" class=\"alignnone wp-image-138\" src=\"https:\/\/blogs.ua.es\/cayecg47\/files\/2020\/05\/Captura2-1-300x178.png\" alt=\"\" width=\"720\" height=\"427\" srcset=\"https:\/\/blogs.ua.es\/cayecg47\/files\/2020\/05\/Captura2-1-300x178.png 300w, https:\/\/blogs.ua.es\/cayecg47\/files\/2020\/05\/Captura2-1-1024x606.png 1024w, https:\/\/blogs.ua.es\/cayecg47\/files\/2020\/05\/Captura2-1-768x455.png 768w, https:\/\/blogs.ua.es\/cayecg47\/files\/2020\/05\/Captura2-1.png 1407w\" sizes=\"auto, (max-width: 720px) 100vw, 720px\" \/><\/p>\n<p>https:\/\/www.reasonwhy.es\/actualidad\/edelman-estudio-cambios-sociedad-coronavirus<\/p>\n<p><span style=\"font-weight: 400\">La crisis de coronavirus supone un importante cambio social estructural, ex\u00f3geno, revolucionario y asincr\u00f3nico. Esta<\/span><span style=\"font-weight: 400\"> pandemia ha provocado una aut\u00e9ntica redefinici\u00f3n de la forma en la que trabajamos (se va a consolidar el trabajo a distancia y las medidas adoptadas por las empresas para preservar la salud de sus trabajadores), de la educaci\u00f3n (la docencia online adquiere mucha m\u00e1s importancia), del ocio (conciertos que pueden ser virtuales), del turismo (donde el sector del camping parece quedar menos perjudicado), <\/span><span style=\"font-weight: 400\">de la ecolog\u00eda (la utilizaci\u00f3n de productos ser\u00e1 menor), etc.\u00a0<\/span><\/p>\n<p>&nbsp;<\/p>\n<ul>\n<li>Elemento audiovisual<\/li>\n<\/ul>\n<p><img loading=\"lazy\" decoding=\"async\" class=\"alignnone wp-image-129\" src=\"https:\/\/blogs.ua.es\/cayecg47\/files\/2020\/05\/aplausos-personal-sanitario-en-madrid_6274763_20200402195821-300x169.png\" alt=\"\" width=\"749\" height=\"422\" srcset=\"https:\/\/blogs.ua.es\/cayecg47\/files\/2020\/05\/aplausos-personal-sanitario-en-madrid_6274763_20200402195821-300x169.png 300w, https:\/\/blogs.ua.es\/cayecg47\/files\/2020\/05\/aplausos-personal-sanitario-en-madrid_6274763_20200402195821.png 768w\" sizes=\"auto, (max-width: 749px) 100vw, 749px\" \/><\/p>\n<p>En esta im\u00e1gen se puede observar a personas aplaudiendo desde sus balcones y carteles con mensajes de \u00e1nimo y agradecimiento. Esta es una tradici\u00f3n social originada por el confinamiento debido a la pandemia del Covid-19.<\/p>\n<p>Este virus ciertamente ha ocasionado un cambio social en todo el sistema, por lo que se clasifica como estructural, as\u00ed como ex\u00f3geno, dado que se ha\u00a0 producido por una fuerza externa al sistema; revolucionario, ya que ha sido un proceso repentino; y asincr\u00f3nico, porque no se ha producido junto a otro cambio simult\u00e1neamente.<\/p>\n<p>&nbsp;<\/p>\n<ul>\n<li>Mensaje red social<\/li>\n<\/ul>\n<p>https:\/\/twitter.com\/NiusDiario\/status\/1263479395026690050<\/p>\n<p>La situaci\u00f3n extraordinaria acontecida actualmente obliga a tomar medidas sin precedentes dirigidas a proteger la salud p\u00fablica y minimizar el riesgo, como la imposici\u00f3n de mascarillas al conjunto de la poblaci\u00f3n. En provincias como Sevilla han tenido que hacer frente a un abrupto cambio en las costumbres sociales a pesar del calor. Esta es una muestra de la capacidad de una situaci\u00f3n de trascender a otras de menor importancia.<\/p>\n<p>Como ya hemos comentado anteriormente, este virus supone un cambio social que se clasifica como estructural, ex\u00f3geno, revolucionario y asincr\u00f3nico.<\/p>\n","protected":false},"excerpt":{"rendered":"<p>1. Mapa mental de la teor\u00eda Dentro del concepto de cambio social, se conocen varios tipos seg\u00fan la dimensi\u00f3n de este en la que nos centremos. En vista de la magnitud puede ser estructural, si afecta al sistema por completo; o local, si solo afecta a una parte de este. Por otro lado, seg\u00fan el [&hellip;]<\/p>\n","protected":false},"author":4406,"featured_media":0,"parent":0,"menu_order":0,"comment_status":"closed","ping_status":"closed","template":"","meta":{"footnotes":""},"class_list":["post-46","page","type-page","status-publish","hentry"],"_links":{"self":[{"href":"https:\/\/blogs.ua.es\/cayecg47\/wp-json\/wp\/v2\/pages\/46","targetHints":{"allow":["GET"]}}],"collection":[{"href":"https:\/\/blogs.ua.es\/cayecg47\/wp-json\/wp\/v2\/pages"}],"about":[{"href":"https:\/\/blogs.ua.es\/cayecg47\/wp-json\/wp\/v2\/types\/page"}],"author":[{"embeddable":true,"href":"https:\/\/blogs.ua.es\/cayecg47\/wp-json\/wp\/v2\/users\/4406"}],"replies":[{"embeddable":true,"href":"https:\/\/blogs.ua.es\/cayecg47\/wp-json\/wp\/v2\/comments?post=46"}],"version-history":[{"count":21,"href":"https:\/\/blogs.ua.es\/cayecg47\/wp-json\/wp\/v2\/pages\/46\/revisions"}],"predecessor-version":[{"id":167,"href":"https:\/\/blogs.ua.es\/cayecg47\/wp-json\/wp\/v2\/pages\/46\/revisions\/167"}],"wp:attachment":[{"href":"https:\/\/blogs.ua.es\/cayecg47\/wp-json\/wp\/v2\/media?parent=46"}],"curies":[{"name":"wp","href":"https:\/\/api.w.org\/{rel}","templated":true}]}}