{"id":118,"date":"2009-12-09T21:28:25","date_gmt":"2009-12-09T19:28:25","guid":{"rendered":"https:\/\/blogs.ua.es\/ceueah\/?page_id=118"},"modified":"2011-02-18T21:22:58","modified_gmt":"2011-02-18T19:22:58","slug":"temas-de-interes","status":"publish","type":"page","link":"https:\/\/blogs.ua.es\/ceueah\/temas-de-interes\/","title":{"rendered":"Temas de inter\u00e9s"},"content":{"rendered":"<p style=\"text-align: center\"><a href=\"https:\/\/blogs.ua.es\/ceueah\/files\/2009\/12\/Pablo-Picasso-Hombre-comiendo-helado.jpg\"><img loading=\"lazy\" decoding=\"async\" class=\"aligncenter size-medium wp-image-429\" src=\"https:\/\/blogs.ua.es\/ceueah\/files\/2009\/12\/Pablo-Picasso-Hombre-comiendo-helado-259x300.jpg\" alt=\"\" width=\"259\" height=\"300\" srcset=\"https:\/\/blogs.ua.es\/ceueah\/files\/2009\/12\/Pablo-Picasso-Hombre-comiendo-helado-259x300.jpg 259w, https:\/\/blogs.ua.es\/ceueah\/files\/2009\/12\/Pablo-Picasso-Hombre-comiendo-helado-885x1024.jpg 885w, https:\/\/blogs.ua.es\/ceueah\/files\/2009\/12\/Pablo-Picasso-Hombre-comiendo-helado.jpg 1024w\" sizes=\"auto, (max-width: 259px) 100vw, 259px\" \/><\/a><\/p>\n<p style=\"text-align: left\">Vamos a dedicar esta p\u00e1gina del blog a hablar de los temas relacionados con los trabajos bibliogr\u00e1ficos que se van a desarrollar en las diferentes ediciones del curso. Ser\u00e1 interesante ver los diferentes puntos de vista que podemos aportar sobre los temas propuestos. Necesitamos la colaboraci\u00f3n de todos.<\/p>\n","protected":false},"excerpt":{"rendered":"<p>Vamos a dedicar esta p\u00e1gina del blog a hablar de los temas relacionados con los trabajos bibliogr\u00e1ficos que se van a desarrollar en las diferentes ediciones del curso. Ser\u00e1 interesante ver los diferentes puntos de vista que podemos aportar sobre los temas propuestos. Necesitamos la colaboraci\u00f3n de todos.<\/p>\n","protected":false},"author":1338,"featured_media":0,"parent":0,"menu_order":0,"comment_status":"open","ping_status":"open","template":"","meta":{"footnotes":""},"class_list":["post-118","page","type-page","status-publish","hentry"],"_links":{"self":[{"href":"https:\/\/blogs.ua.es\/ceueah\/wp-json\/wp\/v2\/pages\/118","targetHints":{"allow":["GET"]}}],"collection":[{"href":"https:\/\/blogs.ua.es\/ceueah\/wp-json\/wp\/v2\/pages"}],"about":[{"href":"https:\/\/blogs.ua.es\/ceueah\/wp-json\/wp\/v2\/types\/page"}],"author":[{"embeddable":true,"href":"https:\/\/blogs.ua.es\/ceueah\/wp-json\/wp\/v2\/users\/1338"}],"replies":[{"embeddable":true,"href":"https:\/\/blogs.ua.es\/ceueah\/wp-json\/wp\/v2\/comments?post=118"}],"version-history":[{"count":11,"href":"https:\/\/blogs.ua.es\/ceueah\/wp-json\/wp\/v2\/pages\/118\/revisions"}],"predecessor-version":[{"id":120,"href":"https:\/\/blogs.ua.es\/ceueah\/wp-json\/wp\/v2\/pages\/118\/revisions\/120"}],"wp:attachment":[{"href":"https:\/\/blogs.ua.es\/ceueah\/wp-json\/wp\/v2\/media?parent=118"}],"curies":[{"name":"wp","href":"https:\/\/api.w.org\/{rel}","templated":true}]}}