{"id":22,"date":"2009-10-05T18:11:50","date_gmt":"2009-10-05T16:11:50","guid":{"rendered":"https:\/\/blogs.ua.es\/ceueah\/?page_id=22"},"modified":"2009-10-05T18:11:50","modified_gmt":"2009-10-05T16:11:50","slug":"helado-y-nutricion","status":"publish","type":"page","link":"https:\/\/blogs.ua.es\/ceueah\/helado-y-nutricion\/","title":{"rendered":"Helado y nutrici\u00f3n"},"content":{"rendered":"<p>Se pretende ofrecer una perspectiva nutricional del helado. Se hablar\u00e1, en general, del valor nutricional de los alimentos para centrar el contenido en el caso particular del helado. A continuaci\u00f3n se entrar\u00e1 en la discusi\u00f3n de las patolog\u00edas m\u00e1s habituales a las que el ser humano ha de hacer frente y cual es el papel que puede jugar el helado en la evoluci\u00f3n de dicha patolog\u00eda:<\/p>\n<ol>\n<li>Valor nutritivo de los alimentos.<\/li>\n<li>Helados y salud.\n<ul>\n<li>Helado y diabetes.<\/li>\n<li>Helado y dislipidemias.<\/li>\n<li>Helados y otras patolog\u00edas.<\/li>\n<\/ul>\n<\/li>\n<\/ol>\n","protected":false},"excerpt":{"rendered":"<p>Se pretende ofrecer una perspectiva nutricional del helado. Se hablar\u00e1, en general, del valor nutricional de los alimentos para centrar el contenido en el caso particular del helado. A continuaci\u00f3n se entrar\u00e1 en la discusi\u00f3n de las patolog\u00edas m\u00e1s habituales a las que el ser humano ha de hacer frente y cual es el papel [&hellip;]<\/p>\n","protected":false},"author":1338,"featured_media":0,"parent":0,"menu_order":0,"comment_status":"open","ping_status":"open","template":"","meta":{"footnotes":""},"class_list":["post-22","page","type-page","status-publish","hentry"],"_links":{"self":[{"href":"https:\/\/blogs.ua.es\/ceueah\/wp-json\/wp\/v2\/pages\/22","targetHints":{"allow":["GET"]}}],"collection":[{"href":"https:\/\/blogs.ua.es\/ceueah\/wp-json\/wp\/v2\/pages"}],"about":[{"href":"https:\/\/blogs.ua.es\/ceueah\/wp-json\/wp\/v2\/types\/page"}],"author":[{"embeddable":true,"href":"https:\/\/blogs.ua.es\/ceueah\/wp-json\/wp\/v2\/users\/1338"}],"replies":[{"embeddable":true,"href":"https:\/\/blogs.ua.es\/ceueah\/wp-json\/wp\/v2\/comments?post=22"}],"version-history":[{"count":1,"href":"https:\/\/blogs.ua.es\/ceueah\/wp-json\/wp\/v2\/pages\/22\/revisions"}],"predecessor-version":[{"id":23,"href":"https:\/\/blogs.ua.es\/ceueah\/wp-json\/wp\/v2\/pages\/22\/revisions\/23"}],"wp:attachment":[{"href":"https:\/\/blogs.ua.es\/ceueah\/wp-json\/wp\/v2\/media?parent=22"}],"curies":[{"name":"wp","href":"https:\/\/api.w.org\/{rel}","templated":true}]}}