{"id":142,"date":"2015-12-06T12:13:10","date_gmt":"2015-12-06T12:13:10","guid":{"rendered":"https:\/\/blogs.ua.es\/cienciarenancentista\/?page_id=142"},"modified":"2015-12-09T15:39:24","modified_gmt":"2015-12-09T15:39:24","slug":"contexto-historico-del-bloc","status":"publish","type":"page","link":"https:\/\/blogs.ua.es\/cienciarenancentista\/contexto-historico-del-bloc\/","title":{"rendered":"Contexto hist\u00f3rico del Blog"},"content":{"rendered":"<p>Podemos definir el Renacimiento como un amplio movimiento cultural que se dio en Europa entre finales del siglo XV y el XVI. Este movimiento cultural va \u00edntimamente ligado a la difusi\u00f3n de las ideas del humanismo que abogaban por definir al hombre como el centro del universo, haciendo una sociedad mucho m\u00e1s secular que favorecieron el avance cient\u00edfico, cultural y en algunos casos pol\u00edtico en Europa.<\/p>\n<div id=\"attachment_61\" style=\"width: 310px\" class=\"wp-caption alignright\"><a href=\"https:\/\/blogs.ua.es\/cienciarenancentista\/files\/2015\/11\/galileo-galilei.jpg\"><img loading=\"lazy\" decoding=\"async\" aria-describedby=\"caption-attachment-61\" class=\"size-medium wp-image-61\" src=\"https:\/\/blogs.ua.es\/cienciarenancentista\/files\/2015\/11\/galileo-galilei-300x169.jpg\" alt=\"(Pisa, 15 de febrero de 15644 - Arcetri, 8 de enero de 1642)1 5 fue un astr\u00f3nomo, fil\u00f3sofo, ingeniero,6 7 matem\u00e1tico y f\u00edsico italiano.\" width=\"300\" height=\"169\" srcset=\"https:\/\/blogs.ua.es\/cienciarenancentista\/files\/2015\/11\/galileo-galilei-300x169.jpg 300w, https:\/\/blogs.ua.es\/cienciarenancentista\/files\/2015\/11\/galileo-galilei.jpg 568w\" sizes=\"auto, (max-width: 300px) 100vw, 300px\" \/><\/a><p id=\"caption-attachment-61\" class=\"wp-caption-text\">(Pisa, 15 de febrero de 15644 &#8211; Arcetri, 8 de enero de 1642)1 5 fue un astr\u00f3nomo, fil\u00f3sofo, ingeniero,6 7 matem\u00e1tico y f\u00edsico italiano.<\/p><\/div>\n<p>El desarrollo del Renacimiento en Europa coincide con el inicio de la Edad Moderna, que es el momento en que los grandes Estados europeos comienzan a formarse, de la mano de \u00a0los Trast\u00e1mara y su descendencia Augsburgo en Espa\u00f1a, de la mano de Francisco I en Francia o los Tudor en Inglaterra.<\/p>\n<p>Hay que destacar tambi\u00e9n la aparici\u00f3n de los grandes genios del momento como son: Galileo, que avanz\u00f3 en el estudi\u00f3 de la Astronom\u00eda, Leonardo Da Vinci el gran inventor del renacimiento, Willian Harvey que nos ayud\u00f3 a comprender la circulaci\u00f3n de la sangre en el organismo y tantos otros.<\/p>\n<div id=\"attachment_124\" style=\"width: 203px\" class=\"wp-caption alignleft\"><img loading=\"lazy\" decoding=\"async\" aria-describedby=\"caption-attachment-124\" class=\"wp-image-124 size-medium\" src=\"https:\/\/blogs.ua.es\/cienciarenancentista\/files\/2015\/12\/telescopio-galileo-193x300.jpg\" alt=\"Telescopio de Galileo Galilei.\" width=\"193\" height=\"300\" srcset=\"https:\/\/blogs.ua.es\/cienciarenancentista\/files\/2015\/12\/telescopio-galileo-193x300.jpg 193w, https:\/\/blogs.ua.es\/cienciarenancentista\/files\/2015\/12\/telescopio-galileo.jpg 300w\" sizes=\"auto, (max-width: 193px) 100vw, 193px\" \/><p id=\"caption-attachment-124\" class=\"wp-caption-text\">Telescopio de Galileo Galilei.<\/p><\/div>\n<p>Tambi\u00e9n en esta \u00e9poca se producen los grandes viajes marinos que no se pudieron llevar a cabo antes por la falta de tecnolog\u00eda y capacidad t\u00e9cnica. Todo esto se vio reflejado en los viajes del Almirante de Castilla Crist\u00f3bal Col\u00f3n, de Vasco de Gama o de Juan \u00a0Sebasti\u00e1n el Cano; que encabezaron los viajes m\u00e1s audaces de su tiempo cruzando el Oc\u00e9ano Atal\u00e1ntico, circunnavegando \u00c1frica o dando la vuelta al mundo. Todo esto se llev\u00f3 a cabo gracias a los avances t\u00e9cnicos y tecnol\u00f3gico(muchos de ellos recogidos en este blog) combinado con la audacia de gente que sab\u00eda que viv\u00eda un tiempo nuevo.<\/p>\n<p>Pero tampoco podemos olvidar que fue el tiempo de las grandes guerras en Europa entre los estados modernos, casi la pr\u00e1ctica totalidad del siglo hubo conflictos abiertos, las fronteras no estaban todo lo asentadas que debieran y los estados tampoco eran todo lo s\u00f3lidos que son hoy en d\u00eda. Al amparo de todo esto se produjeron grandes avances cient\u00edficos en referencia al noble Arte de la Guerra, aparecieron los mosquetes, la artiller\u00eda m\u00f3vil, etc&#8230;<\/p>\n<p>Se pude concluir en que la ciencia recibi\u00f3 un gran impulso en Europa durante el renacimiento, que sirvi\u00f3 de inercia para los siglos venideros. Porque sin las bases puestas en el Renacimiento, no se habr\u00eda llegado al desarrollo de siglos posteriores.<\/p>\n<p>&nbsp;<\/p>\n","protected":false},"excerpt":{"rendered":"<p>Podemos definir el Renacimiento como un amplio movimiento cultural que se dio en Europa entre finales del siglo XV y el XVI. Este movimiento cultural va \u00edntimamente ligado a la difusi\u00f3n de las ideas del humanismo que abogaban por definir &hellip; <a href=\"https:\/\/blogs.ua.es\/cienciarenancentista\/contexto-historico-del-bloc\/\">Continue reading <span class=\"meta-nav\">&rarr;<\/span><\/a><\/p>\n","protected":false},"author":3361,"featured_media":189,"parent":0,"menu_order":0,"comment_status":"closed","ping_status":"closed","template":"","meta":{"footnotes":""},"class_list":["post-142","page","type-page","status-publish","has-post-thumbnail","hentry"],"_links":{"self":[{"href":"https:\/\/blogs.ua.es\/cienciarenancentista\/wp-json\/wp\/v2\/pages\/142","targetHints":{"allow":["GET"]}}],"collection":[{"href":"https:\/\/blogs.ua.es\/cienciarenancentista\/wp-json\/wp\/v2\/pages"}],"about":[{"href":"https:\/\/blogs.ua.es\/cienciarenancentista\/wp-json\/wp\/v2\/types\/page"}],"author":[{"embeddable":true,"href":"https:\/\/blogs.ua.es\/cienciarenancentista\/wp-json\/wp\/v2\/users\/3361"}],"replies":[{"embeddable":true,"href":"https:\/\/blogs.ua.es\/cienciarenancentista\/wp-json\/wp\/v2\/comments?post=142"}],"version-history":[{"count":12,"href":"https:\/\/blogs.ua.es\/cienciarenancentista\/wp-json\/wp\/v2\/pages\/142\/revisions"}],"predecessor-version":[{"id":205,"href":"https:\/\/blogs.ua.es\/cienciarenancentista\/wp-json\/wp\/v2\/pages\/142\/revisions\/205"}],"wp:featuredmedia":[{"embeddable":true,"href":"https:\/\/blogs.ua.es\/cienciarenancentista\/wp-json\/wp\/v2\/media\/189"}],"wp:attachment":[{"href":"https:\/\/blogs.ua.es\/cienciarenancentista\/wp-json\/wp\/v2\/media?parent=142"}],"curies":[{"name":"wp","href":"https:\/\/api.w.org\/{rel}","templated":true}]}}