{"id":54,"date":"2015-11-24T17:11:07","date_gmt":"2015-11-24T17:11:07","guid":{"rendered":"https:\/\/blogs.ua.es\/cienciarenancentista\/?page_id=54"},"modified":"2015-12-13T21:52:48","modified_gmt":"2015-12-13T21:52:48","slug":"bibliografica-consultada-en-el-blogs","status":"publish","type":"page","link":"https:\/\/blogs.ua.es\/cienciarenancentista\/bibliografica-consultada-en-el-blogs\/","title":{"rendered":"Bibliogr\u00e1fia consultada en el Blog."},"content":{"rendered":"<p style=\"text-align: center\"><strong><del><\/del>Bibliograf\u00eda\u00a0<\/strong><\/p>\n<p>&nbsp;<\/p>\n<p><strong>Monograf\u00edas consultadas:<\/strong><\/p>\n<p>FLORISTAN IMIZCOZ, Alfredo. <strong><em>Historia de Espa\u00f1a en la Edad Moderna.<\/em><\/strong> Editorial ARIEL. \u00a0Madrid. A\u00f1o 2011. 768 p\u00e1ginas. ISBN-9788434413580<\/p>\n<p>FLORISTAN IMIZCOZ, Alfredo. <strong><em>Historia Moderna Universal. <\/em><\/strong>\u00a0Editorial ARIEL \u00a0Madrid. \u00a0A\u00f1o 2015. 816 p\u00e1ginas. ISBN-9788434421615<\/p>\n<p><strong>Bibliogr\u00e1fia Web.<\/strong><\/p>\n<p><a href=\"http:\/\/historiaybiografias.com\/maldemburgo\/\">http:\/\/historiaybiografias.com\/maldemburgo\/<\/a><\/p>\n<p><a href=\"https:\/\/felipeforerohistoria.wordpress.com\/renacimiento\/inventos-del-renacimiento\/\">https:\/\/felipeforerohistoria.wordpress.com\/renacimiento\/inventos-del-renacimiento\/<\/a><\/p>\n<p><a href=\"http:\/\/cienciassocialesjefferson.blogspot.com.es\/2011\/01\/descubrimientos-e-inventos-de-la.html\">http:\/\/cienciassocialesjefferson.blogspot.com.es\/2011\/01\/descubrimientos-e-inventos-de-la.html<\/a><\/p>\n<p><a href=\"https:\/\/es.wikipedia.org\/wiki\/\">https:\/\/es.wikipedia.org\/wiki\/<\/a><\/p>\n<p><a href=\"http:\/\/ejercitodeflandes.blogspot.com.es\/2009\/12\/mosquete.html\">http:\/\/ejercitodeflandes.blogspot.com.es\/2009\/12\/mosquete.html<\/a><\/p>\n<p><a href=\"http:\/\/www.monografias.com\/trabajos96\/bioingenieria-protesis-bionicas-manos\/bioingenieria-protesis-bionicas-manos.shtml\">http:\/\/www.monografias.com\/trabajos96\/bioingenieria-protesis-bionicas-manos\/bioingenieria-protesis-bionicas-manos.shtml<\/a><\/p>\n<p><a href=\"\/Users\/Isabel%20y%20Fernando\/Downloads\/Dialnet-Los21LibrosDeLosIngeniosYDeLasMaquinas-2690545.pdf\">file:\/\/\/C:\/Users\/Isabel%20y%20Fernando\/Downloads\/Dialnet-Los21LibrosDeLosIngeniosYDeLasMaquinas-2690545.pdf<\/a><\/p>\n<p><a href=\"https:\/\/blogs.ua.es\/cienciaytecnologiasigloxvi\/2013\/01\/17\/la-historia-del-invento-termometro\/\">https:\/\/blogs.ua.es\/cienciaytecnologiasigloxvi\/2013\/01\/17\/la-historia-del-invento-termometro\/<\/a><\/p>\n<p><a href=\"http:\/\/www.astromia.com\/fotohistoria\/heliocentrico.htm\">http:\/\/www.astromia.com\/fotohistoria\/heliocentrico.htm<\/a><\/p>\n<p><a href=\"https:\/\/blogs.ua.es\/cienciaytecnologiasigloxvi\/2012\/12\/19\/el-nocturlabio-o-reloj-nocturno\/\">https:\/\/blogs.ua.es\/cienciaytecnologiasigloxvi\/2012\/12\/19\/el-nocturlabio-o-reloj-nocturno\/<\/a><\/p>\n<p><a href=\"https:\/\/blogs.ua.es\/cienciaytecnologiasigloxvi\/2012\/12\/19\/el-nocturlabio-o-reloj-nocturno\/\">http:\/\/www.biografiasyvidas.com\/biografia\/f\/fracastoro.htm<\/a><\/p>\n<p><a href=\"http:\/\/www.ugr.es\/~eaznar\/tartaglia.htm\">http:\/\/www.ugr.es\/~eaznar\/tartaglia.htm<\/a><\/p>\n<p><a href=\"http:\/\/www.filosofia.net\/materiales\/sofiafilia\/hf\/soff_mo_1.html\">http:\/\/www.filosofia.net\/materiales\/sofiafilia\/hf\/soff_mo_1.html<\/a><\/p>\n<p><a href=\"http:\/\/bibliotecadigital.ilce.edu.mx\/sites\/ciencia\/volumen1\/ciencia2\/40\/htm\/sec_38.html\">http:\/\/bibliotecadigital.ilce.edu.mx\/sites\/ciencia\/volumen1\/ciencia2\/40\/htm\/sec_38.html<\/a><\/p>\n<p><a href=\"https:\/\/www.upf.edu\/pdi\/dcom\/xavierberenguer\/recursos\/fig_calc\/_4_\/estampes\/1_6.htm\">https:\/\/www.upf.edu\/pdi\/dcom\/xavierberenguer\/recursos\/fig_calc\/_4_\/estampes\/1_6.htm<\/a><\/p>\n<p><a href=\"http:\/\/www.guachipedia.com\/archives\/2-microscopio-de-hans-y-zacarias-janssen-1590\">http:\/\/www.guachipedia.com\/archives\/2-microscopio-de-hans-y-zacarias-janssen-1590<\/a><\/p>\n<p><a href=\"http:\/\/naukas.com\/2014\/05\/27\/william-gilbert-un-hombre-con-magnetismo\/\">http:\/\/naukas.com\/2014\/05\/27\/william-gilbert-un-hombre-con-magnetismo\/<\/a><\/p>\n<p><a href=\"http:\/\/recursostic.educacion.es\/descartes\/web\/materiales_didacticos\/comp_movimientos\/parabolico.htm\">http:\/\/recursostic.educacion.es\/descartes\/web\/materiales_didacticos\/comp_movimientos\/parabolico.htm<\/a><\/p>\n<p><a href=\"https:\/\/historiarenacentista.wordpress.com\/2011\/11\/07\/50\/\">https:\/\/historiarenacentista.wordpress.com\/2011\/11\/07\/50\/<\/a><\/p>\n<p><a href=\"http:\/\/www.uciencia.uma.es\/Coleccion-cientifico-tecnica\/Informatica\/Galeria\/Reglas-de-calculo2\">http:\/\/www.uciencia.uma.es\/Coleccion-cientifico-tecnica\/Informatica\/Galeria\/Reglas-de-calculo2<\/a><\/p>\n<p><a href=\"http:\/\/www.astromia.com\/biografias\/huygens.htm\">http:\/\/www.astromia.com\/biografias\/huygens.htm<\/a><\/p>\n<p><a href=\"http:\/\/cienciassocialesjefferson.blogspot.com.es\/2011\/01\/descubrimientos-e-inventos-de-la.html\">http:\/\/cienciassocialesjefferson.blogspot.com.es\/2011\/01\/descubrimientos-e-inventos-de-la.html<\/a><\/p>\n<p><a href=\"http:\/\/dialnet.unirioja.es\/servlet\/articulo?codigo=760845\">http:\/\/dialnet.unirioja.es\/servlet\/articulo?codigo=760845<\/a><\/p>\n<p>&nbsp;<\/p>\n<p>&nbsp;<\/p>\n<p>&nbsp;<\/p>\n","protected":false},"excerpt":{"rendered":"<p>Bibliograf\u00eda\u00a0 &nbsp; Monograf\u00edas consultadas: FLORISTAN IMIZCOZ, Alfredo. Historia de Espa\u00f1a en la Edad Moderna. Editorial ARIEL. \u00a0Madrid. A\u00f1o 2011. 768 p\u00e1ginas. ISBN-9788434413580 FLORISTAN IMIZCOZ, Alfredo. Historia Moderna Universal. \u00a0Editorial ARIEL \u00a0Madrid. \u00a0A\u00f1o 2015. 816 p\u00e1ginas. ISBN-9788434421615 Bibliogr\u00e1fia Web. http:\/\/historiaybiografias.com\/maldemburgo\/ https:\/\/felipeforerohistoria.wordpress.com\/renacimiento\/inventos-del-renacimiento\/ &hellip; <a href=\"https:\/\/blogs.ua.es\/cienciarenancentista\/bibliografica-consultada-en-el-blogs\/\">Continue reading <span class=\"meta-nav\">&rarr;<\/span><\/a><\/p>\n","protected":false},"author":3361,"featured_media":0,"parent":0,"menu_order":0,"comment_status":"closed","ping_status":"closed","template":"","meta":{"footnotes":""},"class_list":["post-54","page","type-page","status-publish","hentry"],"_links":{"self":[{"href":"https:\/\/blogs.ua.es\/cienciarenancentista\/wp-json\/wp\/v2\/pages\/54","targetHints":{"allow":["GET"]}}],"collection":[{"href":"https:\/\/blogs.ua.es\/cienciarenancentista\/wp-json\/wp\/v2\/pages"}],"about":[{"href":"https:\/\/blogs.ua.es\/cienciarenancentista\/wp-json\/wp\/v2\/types\/page"}],"author":[{"embeddable":true,"href":"https:\/\/blogs.ua.es\/cienciarenancentista\/wp-json\/wp\/v2\/users\/3361"}],"replies":[{"embeddable":true,"href":"https:\/\/blogs.ua.es\/cienciarenancentista\/wp-json\/wp\/v2\/comments?post=54"}],"version-history":[{"count":19,"href":"https:\/\/blogs.ua.es\/cienciarenancentista\/wp-json\/wp\/v2\/pages\/54\/revisions"}],"predecessor-version":[{"id":292,"href":"https:\/\/blogs.ua.es\/cienciarenancentista\/wp-json\/wp\/v2\/pages\/54\/revisions\/292"}],"wp:attachment":[{"href":"https:\/\/blogs.ua.es\/cienciarenancentista\/wp-json\/wp\/v2\/media?parent=54"}],"curies":[{"name":"wp","href":"https:\/\/api.w.org\/{rel}","templated":true}]}}