{"id":18,"date":"2020-09-08T16:09:22","date_gmt":"2020-09-08T16:09:22","guid":{"rendered":"https:\/\/blogs.ua.es\/cienciasplanetariasuaesp\/?page_id=18"},"modified":"2021-05-30T22:02:49","modified_gmt":"2021-05-30T22:02:49","slug":"conocenos","status":"publish","type":"page","link":"https:\/\/blogs.ua.es\/cienciasplanetariasuaesp\/conocenos\/","title":{"rendered":"Con\u00f3cenos"},"content":{"rendered":"<p>El grupo de Ciencias Planetarias forma parte del \u00e1rea de investigaci\u00f3n de Astronom\u00eda y Astrof\u00edsica de la Universidad de Alicante (Espa\u00f1a).<\/p>\n<p>Este grupo pertenece al Instituto de F\u00edsica Aplicada a las Ciencias y las Tecnolog\u00edas (<a href=\"https:\/\/iufacyt.ua.es\/\">IUFACyT<\/a>) y al Departamento de F\u00edsica, Ingenier\u00eda de Sistemas y Teor\u00eda de la Se\u00f1al (<a href=\"https:\/\/dfests.ua.es\/\">DFISTS<\/a>) de la Universidad de Alicante.<\/p>\n<p>Nuestros principales temas de investigaci\u00f3n est\u00e1n relacionados con los cuerpos peque\u00f1os del sistema solar. En particular, estudiamos la estructura interna de peque\u00f1os asteroides, los procesos de impacto en el cintur\u00f3n principal de asteroides y la regi\u00f3n transneptuniana. La simulaci\u00f3n num\u00e9rica de dichos procesos es nuestra principal herramienta. Tambi\u00e9n realizamos experimentos de laboratorio de f\u00edsica disruptiva en el campo de tiro vertical Ames de la NASA.<\/p>\n<p><iframe loading=\"lazy\" title=\"Shattering impact experiment conducted at NASA Ames AVGR to understand fragment shape distributions\" width=\"584\" height=\"329\" src=\"https:\/\/www.youtube.com\/embed\/mnt8-9fdijE?feature=oembed\" frameborder=\"0\" allow=\"accelerometer; autoplay; clipboard-write; encrypted-media; gyroscope; picture-in-picture; web-share\" referrerpolicy=\"strict-origin-when-cross-origin\" allowfullscreen><\/iframe><\/p>\n<p>&nbsp;<\/p>\n<p>Nuestra actividad de observaci\u00f3n estuvo vinculada en el pasado al Estudio Franco-Canadiense del Plano Ecl\u00edptico (<a href=\"http:\/\/www.cfeps.net\/\">CFEPS<\/a>) de objetos transneptunianos, mientras que actualmente colaboramos en las campa\u00f1as de ocultaci\u00f3n lideradas por J.L. Ortiz (<a href=\"https:\/\/www.iaa.csic.es\/\">IAA<\/a>).<\/p>\n<p>Nuestro grupo est\u00e1 asimismo involucrado en actividades relacionadas con la mitigaci\u00f3n del riesgo de impactos de asteroides en la Tierra. Nuestro principal compromiso reside actualmente en las misiones espaciales Hera (<a href=\"https:\/\/www.esa.int\/Safety_Security\/Hera\">ESA<\/a>) y DART (<a href=\"https:\/\/www.nasa.gov\/planetarydefense\/dart\/\">NASA<\/a>) al asteroide binario cercano a la Tierra (65803) Didymos, en el marco de la colaboraci\u00f3n <a href=\"https:\/\/www.esa.int\/Safety_Security\/Hera\/AIDA\">AIDA<\/a>.<\/p>\n<p>Tambi\u00e9n participamos como miembros del <a href=\"https:\/\/cordis.europa.eu\/project\/id\/870377\">proyecto EC H2020 NEO-MAPP<\/a> . Este proyecto de la Comisi\u00f3n Europea busca mejorar la capacidad de estudio de asteroides objetivos de misiones espaciales, a trav\u00e9s de sus caracter\u00edsticas f\u00edsicas y din\u00e1micas. Como objeto de referencia para el estudio est\u00e1 el sistema binario Didymos, el objetivo de las misiones espaciales Hera y DART.<\/p>\n","protected":false},"excerpt":{"rendered":"<p>El grupo de Ciencias Planetarias forma parte del \u00e1rea de investigaci\u00f3n de Astronom\u00eda y Astrof\u00edsica de la Universidad de Alicante (Espa\u00f1a). Este grupo pertenece al Instituto de F\u00edsica Aplicada a las Ciencias y las Tecnolog\u00edas (IUFACyT) y al Departamento de &hellip; <a href=\"https:\/\/blogs.ua.es\/cienciasplanetariasuaesp\/conocenos\/\">Continue reading <span class=\"meta-nav\">&rarr;<\/span><\/a><\/p>\n","protected":false},"author":4446,"featured_media":0,"parent":0,"menu_order":0,"comment_status":"closed","ping_status":"closed","template":"","meta":{"footnotes":""},"class_list":["post-18","page","type-page","status-publish","hentry"],"_links":{"self":[{"href":"https:\/\/blogs.ua.es\/cienciasplanetariasuaesp\/wp-json\/wp\/v2\/pages\/18","targetHints":{"allow":["GET"]}}],"collection":[{"href":"https:\/\/blogs.ua.es\/cienciasplanetariasuaesp\/wp-json\/wp\/v2\/pages"}],"about":[{"href":"https:\/\/blogs.ua.es\/cienciasplanetariasuaesp\/wp-json\/wp\/v2\/types\/page"}],"author":[{"embeddable":true,"href":"https:\/\/blogs.ua.es\/cienciasplanetariasuaesp\/wp-json\/wp\/v2\/users\/4446"}],"replies":[{"embeddable":true,"href":"https:\/\/blogs.ua.es\/cienciasplanetariasuaesp\/wp-json\/wp\/v2\/comments?post=18"}],"version-history":[{"count":11,"href":"https:\/\/blogs.ua.es\/cienciasplanetariasuaesp\/wp-json\/wp\/v2\/pages\/18\/revisions"}],"predecessor-version":[{"id":334,"href":"https:\/\/blogs.ua.es\/cienciasplanetariasuaesp\/wp-json\/wp\/v2\/pages\/18\/revisions\/334"}],"wp:attachment":[{"href":"https:\/\/blogs.ua.es\/cienciasplanetariasuaesp\/wp-json\/wp\/v2\/media?parent=18"}],"curies":[{"name":"wp","href":"https:\/\/api.w.org\/{rel}","templated":true}]}}