{"id":20,"date":"2020-09-08T16:09:34","date_gmt":"2020-09-08T16:09:34","guid":{"rendered":"https:\/\/blogs.ua.es\/cienciasplanetariasuaesp\/?page_id=20"},"modified":"2024-10-22T16:53:21","modified_gmt":"2024-10-22T16:53:21","slug":"colaboraciones","status":"publish","type":"page","link":"https:\/\/blogs.ua.es\/cienciasplanetariasuaesp\/colaboraciones\/","title":{"rendered":"Colaboraciones"},"content":{"rendered":"<p>&nbsp;<\/p>\n<p>En nuestro equipo, estamos orgullosos de contar con colaboraciones activas con algunos de los centros de investigaci\u00f3n m\u00e1s prestigiosos a nivel mundial, lo que nos permite estar a la vanguardia en el estudio del cosmos. Estas alianzas refuerzan nuestra investigaci\u00f3n y nos brindan acceso a recursos, conocimientos y tecnolog\u00edas de \u00faltima generaci\u00f3n:<\/p>\n<p><img loading=\"lazy\" decoding=\"async\" class=\"wp-image-413 alignright\" src=\"https:\/\/blogs.ua.es\/cienciasplanetariasuaesp\/files\/2024\/10\/Webp.net-resizeimage-6.png\" alt=\"\" width=\"294\" height=\"204\" \/><\/p>\n<ul>\n<li>\n<p><strong>Observatoire de la C\u00f4te d\u2019Azur<\/strong> (Niza, Francia)<br \/>Trabajamos estrechamente con l\u00edderes en din\u00e1mica de cuerpos peque\u00f1os y defensa planetaria como P. Michel y P. Tanga.<\/p>\n<\/li>\n<\/ul>\n<p>&nbsp;<\/p>\n<p><img loading=\"lazy\" decoding=\"async\" class=\" wp-image-415 alignright\" src=\"https:\/\/blogs.ua.es\/cienciasplanetariasuaesp\/files\/2024\/10\/Webp.net-resizeimage-8.png\" alt=\"\" width=\"299\" height=\"216\" \/><\/p>\n<p>&nbsp;<\/p>\n<ul>\n<li>\n<p><strong>Departamento de Astronom\u00eda de la Universidad de Maryland<\/strong> (EE. UU.)<br \/>En colaboraci\u00f3n con D. C. Richardson, profundizamos en el estudio de la evoluci\u00f3n de cuerpos celestes y simulaciones num\u00e9ricas avanzadas.<\/p>\n<\/li>\n<\/ul>\n<p><img loading=\"lazy\" decoding=\"async\" class=\" wp-image-417 alignright\" src=\"https:\/\/blogs.ua.es\/cienciasplanetariasuaesp\/files\/2024\/10\/Webp.net-resizeimage-10.png\" alt=\"\" width=\"296\" height=\"167\" \/><\/p>\n<ul>\n<li><strong>Southwest Research Institute<\/strong> (Boulder, Colorado, EE. UU.)<br \/>Nuestros esfuerzos conjuntos con D. D. Durda y W. F. Bottke se centran en la exploraci\u00f3n del Sistema Solar y la evoluci\u00f3n de asteroides.<\/li>\n<\/ul>\n<p>&nbsp;<\/p>\n<p><img loading=\"lazy\" decoding=\"async\" class=\" wp-image-419 alignright\" src=\"https:\/\/blogs.ua.es\/cienciasplanetariasuaesp\/files\/2024\/10\/Webp.net-resizeimage-11.png\" alt=\"\" width=\"296\" height=\"161\" \/><\/p>\n<ul>\n<li>\n<p><strong>Departamento de F\u00edsica de la Universidad de la Rep\u00fablica<\/strong> (Uruguay)<br \/>Colaboramos en investigaciones que abarcan desde la f\u00edsica fundamental hasta la astrof\u00edsica avanzada.<\/p>\n<\/li>\n<\/ul>\n<p><img loading=\"lazy\" decoding=\"async\" class=\" wp-image-420 alignright\" src=\"https:\/\/blogs.ua.es\/cienciasplanetariasuaesp\/files\/2024\/10\/Webp.net-resizeimage-12.png\" alt=\"\" width=\"285\" height=\"202\" \/><\/p>\n<p>&nbsp;<\/p>\n<ul>\n<li><strong>Instituto de Astrof\u00edsica de Canarias<\/strong> (Tenerife, Espa\u00f1a)<br \/>Trabajamos junto a J. Licandro y J. de Le\u00f3n en estudios de cuerpos peque\u00f1os y asteroides, claves para la defensa planetaria.<\/li>\n<\/ul>\n<p>&nbsp;<\/p>\n<p>&nbsp;<\/p>\n<p><img loading=\"lazy\" decoding=\"async\" class=\" wp-image-422 alignright\" src=\"https:\/\/blogs.ua.es\/cienciasplanetariasuaesp\/files\/2024\/10\/Webp.net-resizeimage-17.png\" alt=\"\" width=\"282\" height=\"179\" \/><\/p>\n<ul>\n<li>\n<p><strong>Instituto de Astrof\u00edsica de Andaluc\u00eda<\/strong> (Granada, Espa\u00f1a)<br \/>Esta colaboraci\u00f3n fortalece nuestra investigaci\u00f3n en din\u00e1mica de sistemas planetarios y colisiones asteroidales.<\/p>\n<\/li>\n<\/ul>\n<p>&nbsp;<\/p>\n<ul>\n<li>\n<p><strong>Institut d\u2019Estudis Espacials de Catalunya<\/strong> (CSIC, Barcelona, Espa\u00f1a)<br \/>Con J.-M. Trigo, exploramos el impacto de meteoritos y la formaci\u00f3n de sistemas planetarios.<\/p>\n<\/li>\n<\/ul>\n\n\n<figure class=\"wp-block-gallery has-nested-images columns-default is-cropped wp-block-gallery-1 is-layout-flex wp-block-gallery-is-layout-flex\"><\/figure>\n","protected":false},"excerpt":{"rendered":"<p>&nbsp; En nuestro equipo, estamos orgullosos de contar con colaboraciones activas con algunos de los centros de investigaci\u00f3n m\u00e1s prestigiosos a nivel mundial, lo que nos permite estar a la vanguardia en el estudio del cosmos. Estas alianzas refuerzan nuestra &hellip; <a href=\"https:\/\/blogs.ua.es\/cienciasplanetariasuaesp\/colaboraciones\/\">Continue reading <span class=\"meta-nav\">&rarr;<\/span><\/a><\/p>\n","protected":false},"author":4446,"featured_media":0,"parent":0,"menu_order":0,"comment_status":"closed","ping_status":"closed","template":"","meta":{"footnotes":""},"class_list":["post-20","page","type-page","status-publish","hentry"],"_links":{"self":[{"href":"https:\/\/blogs.ua.es\/cienciasplanetariasuaesp\/wp-json\/wp\/v2\/pages\/20","targetHints":{"allow":["GET"]}}],"collection":[{"href":"https:\/\/blogs.ua.es\/cienciasplanetariasuaesp\/wp-json\/wp\/v2\/pages"}],"about":[{"href":"https:\/\/blogs.ua.es\/cienciasplanetariasuaesp\/wp-json\/wp\/v2\/types\/page"}],"author":[{"embeddable":true,"href":"https:\/\/blogs.ua.es\/cienciasplanetariasuaesp\/wp-json\/wp\/v2\/users\/4446"}],"replies":[{"embeddable":true,"href":"https:\/\/blogs.ua.es\/cienciasplanetariasuaesp\/wp-json\/wp\/v2\/comments?post=20"}],"version-history":[{"count":7,"href":"https:\/\/blogs.ua.es\/cienciasplanetariasuaesp\/wp-json\/wp\/v2\/pages\/20\/revisions"}],"predecessor-version":[{"id":424,"href":"https:\/\/blogs.ua.es\/cienciasplanetariasuaesp\/wp-json\/wp\/v2\/pages\/20\/revisions\/424"}],"wp:attachment":[{"href":"https:\/\/blogs.ua.es\/cienciasplanetariasuaesp\/wp-json\/wp\/v2\/media?parent=20"}],"curies":[{"name":"wp","href":"https:\/\/api.w.org\/{rel}","templated":true}]}}