{"id":22,"date":"2020-09-08T16:11:01","date_gmt":"2020-09-08T16:11:01","guid":{"rendered":"https:\/\/blogs.ua.es\/cienciasplanetariasuaesp\/?page_id=22"},"modified":"2024-10-22T22:18:25","modified_gmt":"2024-10-22T22:18:25","slug":"evolucion-colisional","status":"publish","type":"page","link":"https:\/\/blogs.ua.es\/cienciasplanetariasuaesp\/evolucion-colisional\/","title":{"rendered":"Evoluci\u00f3n colisional"},"content":{"rendered":"<p>La <strong>evoluci\u00f3n colisional<\/strong> de las poblaciones de cuerpos peque\u00f1os, como el <strong>Cintur\u00f3n de Asteroides<\/strong>, los <strong>Asteroides Troyanos<\/strong> y la <strong>regi\u00f3n Trans-Neptuniana<\/strong>, es una de las principales \u00e1reas de investigaci\u00f3n de nuestro grupo. Estos cuerpos peque\u00f1os, a pesar de su tama\u00f1o, juegan un papel crucial en la historia y din\u00e1mica del Sistema Solar.<\/p>\n<p>A trav\u00e9s del estudio de las <strong>colisiones<\/strong> que han modelado estas poblaciones a lo largo de miles de millones de a\u00f1os, buscamos comprender los mecanismos que han dado forma a la distribuci\u00f3n actual de asteroides y objetos transneptunianos. Estos impactos no solo influyen en la estructura f\u00edsica de los cuerpos individuales, sino que tambi\u00e9n son fundamentales para desvelar el origen y evoluci\u00f3n de las diferentes <strong>familias de asteroides<\/strong> y <strong>agregados gravitacionales<\/strong>.<\/p>\n<p>Nuestro trabajo se centra en <strong>modelos num\u00e9ricos<\/strong> y simulaciones de alta precisi\u00f3n que nos permiten predecir c\u00f3mo las colisiones entre cuerpos peque\u00f1os han moldeado sus caracter\u00edsticas f\u00edsicas y orbitales, proporcionando una mejor comprensi\u00f3n de la din\u00e1mica y el destino de estas poblaciones a lo largo del tiempo.<\/p>\n","protected":false},"excerpt":{"rendered":"<p>La evoluci\u00f3n colisional de las poblaciones de cuerpos peque\u00f1os, como el Cintur\u00f3n de Asteroides, los Asteroides Troyanos y la regi\u00f3n Trans-Neptuniana, es una de las principales \u00e1reas de investigaci\u00f3n de nuestro grupo. Estos cuerpos peque\u00f1os, a pesar de su tama\u00f1o, &hellip; <a href=\"https:\/\/blogs.ua.es\/cienciasplanetariasuaesp\/evolucion-colisional\/\">Continue reading <span class=\"meta-nav\">&rarr;<\/span><\/a><\/p>\n","protected":false},"author":4446,"featured_media":0,"parent":0,"menu_order":0,"comment_status":"closed","ping_status":"closed","template":"","meta":{"footnotes":""},"class_list":["post-22","page","type-page","status-publish","hentry"],"_links":{"self":[{"href":"https:\/\/blogs.ua.es\/cienciasplanetariasuaesp\/wp-json\/wp\/v2\/pages\/22","targetHints":{"allow":["GET"]}}],"collection":[{"href":"https:\/\/blogs.ua.es\/cienciasplanetariasuaesp\/wp-json\/wp\/v2\/pages"}],"about":[{"href":"https:\/\/blogs.ua.es\/cienciasplanetariasuaesp\/wp-json\/wp\/v2\/types\/page"}],"author":[{"embeddable":true,"href":"https:\/\/blogs.ua.es\/cienciasplanetariasuaesp\/wp-json\/wp\/v2\/users\/4446"}],"replies":[{"embeddable":true,"href":"https:\/\/blogs.ua.es\/cienciasplanetariasuaesp\/wp-json\/wp\/v2\/comments?post=22"}],"version-history":[{"count":4,"href":"https:\/\/blogs.ua.es\/cienciasplanetariasuaesp\/wp-json\/wp\/v2\/pages\/22\/revisions"}],"predecessor-version":[{"id":437,"href":"https:\/\/blogs.ua.es\/cienciasplanetariasuaesp\/wp-json\/wp\/v2\/pages\/22\/revisions\/437"}],"wp:attachment":[{"href":"https:\/\/blogs.ua.es\/cienciasplanetariasuaesp\/wp-json\/wp\/v2\/media?parent=22"}],"curies":[{"name":"wp","href":"https:\/\/api.w.org\/{rel}","templated":true}]}}