{"id":30,"date":"2020-09-08T16:14:02","date_gmt":"2020-09-08T16:14:02","guid":{"rendered":"https:\/\/blogs.ua.es\/cienciasplanetariasuaesp\/?page_id=30"},"modified":"2025-01-08T13:45:23","modified_gmt":"2025-01-08T13:45:23","slug":"infraestructura","status":"publish","type":"page","link":"https:\/\/blogs.ua.es\/cienciasplanetariasuaesp\/infraestructura\/","title":{"rendered":"Infraestructura"},"content":{"rendered":"<p><img loading=\"lazy\" decoding=\"async\" class=\"alignnone size-full wp-image-409\" src=\"https:\/\/blogs.ua.es\/cienciasplanetariasuaesp\/files\/2024\/10\/difst.png\" alt=\"\" width=\"1418\" height=\"631\" \/><\/p>\n<p><img loading=\"lazy\" decoding=\"async\" class=\"alignnone size-full wp-image-410\" src=\"https:\/\/blogs.ua.es\/cienciasplanetariasuaesp\/files\/2024\/10\/nuevos_insti.png\" alt=\"\" width=\"1557\" height=\"611\" \/><\/p>\n<p>Compartimos espacio en\u00a0 las instalaciones de IUFACyT y DFISTS con nuestros colegas investigadores de <a href=\"https:\/\/blogs.ua.es\/xragua\/\">astronom\u00eda de Rayos-X<\/a> en el grupo de astronom\u00eda y astrof\u00edsica.<\/p>\n<p>Instalaciones inform\u00e1ticas. Disponemos de 4 servidores equipados con 8 n\u00facleos dobles con dobles hilos de 2.7 Ghz cada procesador.<\/p>\n<p>&nbsp;<\/p>\n<p>Link al sistema de servidores: <a href=\"https:\/\/lucentum.ua.es\/about\/contact\">Lucentum<\/a><\/p>\n","protected":false},"excerpt":{"rendered":"<p>Compartimos espacio en\u00a0 las instalaciones de IUFACyT y DFISTS con nuestros colegas investigadores de astronom\u00eda de Rayos-X en el grupo de astronom\u00eda y astrof\u00edsica. Instalaciones inform\u00e1ticas. Disponemos de 4 servidores equipados con 8 n\u00facleos dobles con dobles hilos de 2.7 &hellip; <a href=\"https:\/\/blogs.ua.es\/cienciasplanetariasuaesp\/infraestructura\/\">Continue reading <span class=\"meta-nav\">&rarr;<\/span><\/a><\/p>\n","protected":false},"author":4446,"featured_media":0,"parent":0,"menu_order":0,"comment_status":"closed","ping_status":"closed","template":"","meta":{"footnotes":""},"class_list":["post-30","page","type-page","status-publish","hentry"],"_links":{"self":[{"href":"https:\/\/blogs.ua.es\/cienciasplanetariasuaesp\/wp-json\/wp\/v2\/pages\/30","targetHints":{"allow":["GET"]}}],"collection":[{"href":"https:\/\/blogs.ua.es\/cienciasplanetariasuaesp\/wp-json\/wp\/v2\/pages"}],"about":[{"href":"https:\/\/blogs.ua.es\/cienciasplanetariasuaesp\/wp-json\/wp\/v2\/types\/page"}],"author":[{"embeddable":true,"href":"https:\/\/blogs.ua.es\/cienciasplanetariasuaesp\/wp-json\/wp\/v2\/users\/4446"}],"replies":[{"embeddable":true,"href":"https:\/\/blogs.ua.es\/cienciasplanetariasuaesp\/wp-json\/wp\/v2\/comments?post=30"}],"version-history":[{"count":4,"href":"https:\/\/blogs.ua.es\/cienciasplanetariasuaesp\/wp-json\/wp\/v2\/pages\/30\/revisions"}],"predecessor-version":[{"id":486,"href":"https:\/\/blogs.ua.es\/cienciasplanetariasuaesp\/wp-json\/wp\/v2\/pages\/30\/revisions\/486"}],"wp:attachment":[{"href":"https:\/\/blogs.ua.es\/cienciasplanetariasuaesp\/wp-json\/wp\/v2\/media?parent=30"}],"curies":[{"name":"wp","href":"https:\/\/api.w.org\/{rel}","templated":true}]}}