{"id":32,"date":"2020-09-08T16:14:43","date_gmt":"2020-09-08T16:14:43","guid":{"rendered":"https:\/\/blogs.ua.es\/cienciasplanetariasuaesp\/?page_id=32"},"modified":"2024-10-22T22:58:36","modified_gmt":"2024-10-22T22:58:36","slug":"oportunidades-de-trabajo","status":"publish","type":"page","link":"https:\/\/blogs.ua.es\/cienciasplanetariasuaesp\/oportunidades-de-trabajo\/","title":{"rendered":"Oportunidades de trabajo"},"content":{"rendered":"<p><strong>Contrato pre-doctoral en Ciencias Planetarias (UA)<\/strong><\/p>\n<p>El Grupo de Investigaci\u00f3n en Astronom\u00eda y Astrof\u00edsica de la Universidad de Alicante <strong>ofreci\u00f3 un contrato pre-doctoral<\/strong> de un a\u00f1o (enero a diciembre de 2021) para colaborar en proyectos <strong>pioneros y de impacto<\/strong> en la secci\u00f3n de <strong>Ciencias Planetarias<\/strong>. Este contrato inicial estaba dise\u00f1ado para facilitar la transici\u00f3n hacia el contrato pre-doctoral de tres a\u00f1os financiado por la convocatoria propia de la Universidad de Alicante, que comenz\u00f3 a finales de 2021, permitiendo la realizaci\u00f3n de un doctorado.<\/p>\n<p>La <strong>Secci\u00f3n de Ciencias Planetarias<\/strong> ha estado involucrada en misiones espaciales de gran relevancia, como <strong>Hera<\/strong> (ESA) y <strong>DART<\/strong> (NASA), que estudiaron el sistema binario de asteroides <strong>(65803) D\u00eddymos<\/strong>. Adem\u00e1s, ha participado en el proyecto europeo <strong>NEO-MAPP (H2020)<\/strong> (2020-2022) y en un proyecto estatal financiado por la convocatoria de 2018. Los temas de investigaci\u00f3n y las tesis doctorales estuvieron directamente relacionados con estas misiones estrat\u00e9gicas.<\/p>\n<h4>Futuras Oportunidades<\/h4>\n<p>El Grupo de Investigaci\u00f3n en Ciencias Planetarias contin\u00faa expandiendo sus colaboraciones y desarrollando nuevas l\u00edneas de investigaci\u00f3n en exploraci\u00f3n espacial y defensa planetaria. Por ello, <strong>existen planes de futuras oportunidades de trabajo y colaboraci\u00f3n<\/strong>. Si en esta ocasi\u00f3n no pudiste participar en las convocatorias pasadas o no cumpl\u00edas los requisitos, te animamos a seguir atento\/a a futuras ofertas de contratos y becas doctorales que podr\u00edan surgir en el marco de las misiones y proyectos en los que el grupo sigue participando.<\/p>\n<h4>Pr\u00f3ximos Pasos<\/h4>\n<p>Aunque las convocatorias para el periodo 2023-2024 ya finalizaron, el grupo seguir\u00e1 abriendo nuevas oportunidades para investigadores interesados en las ciencias planetarias. Mantente informado\/a sobre pr\u00f3ximas convocatorias o formas de colaboraci\u00f3n poni\u00e9ndote en contacto con <strong>Adriano Campo Bagatin (<a rel=\"noopener\">acb@ua.es<\/a>)<\/strong>.<\/p>\n<p>&nbsp;<\/p>\n","protected":false},"excerpt":{"rendered":"<p>Contrato pre-doctoral en Ciencias Planetarias (UA) El Grupo de Investigaci\u00f3n en Astronom\u00eda y Astrof\u00edsica de la Universidad de Alicante ofreci\u00f3 un contrato pre-doctoral de un a\u00f1o (enero a diciembre de 2021) para colaborar en proyectos pioneros y de impacto en &hellip; <a href=\"https:\/\/blogs.ua.es\/cienciasplanetariasuaesp\/oportunidades-de-trabajo\/\">Continue reading <span class=\"meta-nav\">&rarr;<\/span><\/a><\/p>\n","protected":false},"author":4446,"featured_media":0,"parent":0,"menu_order":0,"comment_status":"closed","ping_status":"closed","template":"","meta":{"footnotes":""},"class_list":["post-32","page","type-page","status-publish","hentry"],"_links":{"self":[{"href":"https:\/\/blogs.ua.es\/cienciasplanetariasuaesp\/wp-json\/wp\/v2\/pages\/32","targetHints":{"allow":["GET"]}}],"collection":[{"href":"https:\/\/blogs.ua.es\/cienciasplanetariasuaesp\/wp-json\/wp\/v2\/pages"}],"about":[{"href":"https:\/\/blogs.ua.es\/cienciasplanetariasuaesp\/wp-json\/wp\/v2\/types\/page"}],"author":[{"embeddable":true,"href":"https:\/\/blogs.ua.es\/cienciasplanetariasuaesp\/wp-json\/wp\/v2\/users\/4446"}],"replies":[{"embeddable":true,"href":"https:\/\/blogs.ua.es\/cienciasplanetariasuaesp\/wp-json\/wp\/v2\/comments?post=32"}],"version-history":[{"count":6,"href":"https:\/\/blogs.ua.es\/cienciasplanetariasuaesp\/wp-json\/wp\/v2\/pages\/32\/revisions"}],"predecessor-version":[{"id":446,"href":"https:\/\/blogs.ua.es\/cienciasplanetariasuaesp\/wp-json\/wp\/v2\/pages\/32\/revisions\/446"}],"wp:attachment":[{"href":"https:\/\/blogs.ua.es\/cienciasplanetariasuaesp\/wp-json\/wp\/v2\/media?parent=32"}],"curies":[{"name":"wp","href":"https:\/\/api.w.org\/{rel}","templated":true}]}}