{"id":34,"date":"2020-09-08T16:14:54","date_gmt":"2020-09-08T16:14:54","guid":{"rendered":"https:\/\/blogs.ua.es\/cienciasplanetariasuaesp\/?page_id=34"},"modified":"2025-01-02T18:02:31","modified_gmt":"2025-01-02T18:02:31","slug":"neo-mapp","status":"publish","type":"page","link":"https:\/\/blogs.ua.es\/cienciasplanetariasuaesp\/neo-mapp\/","title":{"rendered":"NEO-MAPP"},"content":{"rendered":"<p>El <strong>proyecto NEO-MAPP<\/strong> (Near-Earth Object Modelling and Payloads for Protection) fue parte del programa de innovaci\u00f3n e investigaci\u00f3n <strong>Horizon 2020<\/strong>, impulsado por la Comisi\u00f3n Europea. Este proyecto, que finaliz\u00f3 en 2022, se centr\u00f3 en dos \u00e1reas clave:<\/p>\n<p>a) La maduraci\u00f3n y adaptaci\u00f3n de capacidades de modelado para casos espec\u00edficos de asteroides cercanos a la Tierra.<br \/>\nb) El desarrollo de instrumentos, tecnolog\u00edas y modelos de explotaci\u00f3n de datos para apoyar misiones de <strong>Objetos Cercanos a la Tierra (NEO)<\/strong>.<\/p>\n<p>Las misiones NEO han sido de gran inter\u00e9s para actores clave en los \u00e1mbitos <strong>cient\u00edfico y tecnol\u00f3gico<\/strong>, ya que ofrecen un abanico de aplicaciones que van desde la <strong>ciencia b\u00e1sica<\/strong> y la <strong>defensa planetaria<\/strong> hasta el <strong>comercio espacial<\/strong>, como la miner\u00eda y extracci\u00f3n de recursos. Estos sectores requieren conocimientos avanzados y capacidades de modelado de las propiedades de los asteroides, as\u00ed como tecnolog\u00edas para realizar operaciones de proximidad y medidas precisas. El enfoque <strong>multidisciplinario<\/strong> de NEO-MAPP fue fundamental para proporcionar mejoras significativas en estos aspectos.<\/p>\n<p>La <strong>Universidad de Alicante<\/strong>, a trav\u00e9s de la <strong>secci\u00f3n de Ciencias Planetarias<\/strong> del grupo de investigaci\u00f3n en <strong>Astronom\u00eda y Astrof\u00edsica<\/strong>, jug\u00f3 un papel destacado en este gran consorcio internacional.<\/p>\n<h4>Futuras oportunidades<\/h4>\n<p>Aunque el <strong>proyecto NEO-MAPP<\/strong> ha concluido, el \u00e9xito obtenido y las capacidades desarrolladas en el marco de esta colaboraci\u00f3n abren la puerta a <strong>futuros proyectos<\/strong>. El grupo de investigaci\u00f3n en Ciencias Planetarias de la Universidad de Alicante sigue participando en iniciativas internacionales, y es probable que surjan <strong>nuevas oportunidades de colaboraci\u00f3n<\/strong> en el campo de la defensa planetaria y la exploraci\u00f3n de objetos cercanos a la Tierra en los pr\u00f3ximos a\u00f1os.<\/p>\n<p>&nbsp;<\/p>\n<p><img loading=\"lazy\" decoding=\"async\" class=\"wp-image-11 aligncenter\" src=\"https:\/\/blogs.ua.es\/cienciasplanetariasuaesp\/files\/2020\/09\/neomapp_logo_vg_A-300x298.png\" alt=\"\" width=\"146\" height=\"145\" srcset=\"https:\/\/blogs.ua.es\/cienciasplanetariasuaesp\/files\/2020\/09\/neomapp_logo_vg_A-300x298.png 300w, https:\/\/blogs.ua.es\/cienciasplanetariasuaesp\/files\/2020\/09\/neomapp_logo_vg_A-1024x1018.png 1024w, https:\/\/blogs.ua.es\/cienciasplanetariasuaesp\/files\/2020\/09\/neomapp_logo_vg_A-150x150.png 150w, https:\/\/blogs.ua.es\/cienciasplanetariasuaesp\/files\/2020\/09\/neomapp_logo_vg_A-768x764.png 768w, https:\/\/blogs.ua.es\/cienciasplanetariasuaesp\/files\/2020\/09\/neomapp_logo_vg_A-1536x1528.png 1536w, https:\/\/blogs.ua.es\/cienciasplanetariasuaesp\/files\/2020\/09\/neomapp_logo_vg_A-2048x2037.png 2048w, https:\/\/blogs.ua.es\/cienciasplanetariasuaesp\/files\/2020\/09\/neomapp_logo_vg_A-1200x1194.png 1200w, https:\/\/blogs.ua.es\/cienciasplanetariasuaesp\/files\/2020\/09\/neomapp_logo_vg_A-1980x1969.png 1980w\" sizes=\"auto, (max-width: 146px) 100vw, 146px\" \/><\/p>\n","protected":false},"excerpt":{"rendered":"<p>El proyecto NEO-MAPP (Near-Earth Object Modelling and Payloads for Protection) fue parte del programa de innovaci\u00f3n e investigaci\u00f3n Horizon 2020, impulsado por la Comisi\u00f3n Europea. Este proyecto, que finaliz\u00f3 en 2022, se centr\u00f3 en dos \u00e1reas clave: a) La maduraci\u00f3n &hellip; <a href=\"https:\/\/blogs.ua.es\/cienciasplanetariasuaesp\/neo-mapp\/\">Continue reading <span class=\"meta-nav\">&rarr;<\/span><\/a><\/p>\n","protected":false},"author":4446,"featured_media":0,"parent":0,"menu_order":0,"comment_status":"closed","ping_status":"closed","template":"","meta":{"footnotes":""},"class_list":["post-34","page","type-page","status-publish","hentry"],"_links":{"self":[{"href":"https:\/\/blogs.ua.es\/cienciasplanetariasuaesp\/wp-json\/wp\/v2\/pages\/34","targetHints":{"allow":["GET"]}}],"collection":[{"href":"https:\/\/blogs.ua.es\/cienciasplanetariasuaesp\/wp-json\/wp\/v2\/pages"}],"about":[{"href":"https:\/\/blogs.ua.es\/cienciasplanetariasuaesp\/wp-json\/wp\/v2\/types\/page"}],"author":[{"embeddable":true,"href":"https:\/\/blogs.ua.es\/cienciasplanetariasuaesp\/wp-json\/wp\/v2\/users\/4446"}],"replies":[{"embeddable":true,"href":"https:\/\/blogs.ua.es\/cienciasplanetariasuaesp\/wp-json\/wp\/v2\/comments?post=34"}],"version-history":[{"count":9,"href":"https:\/\/blogs.ua.es\/cienciasplanetariasuaesp\/wp-json\/wp\/v2\/pages\/34\/revisions"}],"predecessor-version":[{"id":478,"href":"https:\/\/blogs.ua.es\/cienciasplanetariasuaesp\/wp-json\/wp\/v2\/pages\/34\/revisions\/478"}],"wp:attachment":[{"href":"https:\/\/blogs.ua.es\/cienciasplanetariasuaesp\/wp-json\/wp\/v2\/media?parent=34"}],"curies":[{"name":"wp","href":"https:\/\/api.w.org\/{rel}","templated":true}]}}