{"id":36,"date":"2020-09-08T16:15:03","date_gmt":"2020-09-08T16:15:03","guid":{"rendered":"https:\/\/blogs.ua.es\/cienciasplanetariasuaesp\/?page_id=36"},"modified":"2020-09-23T21:30:36","modified_gmt":"2020-09-23T21:30:36","slug":"noticias","status":"publish","type":"page","link":"https:\/\/blogs.ua.es\/cienciasplanetariasuaesp\/noticias\/","title":{"rendered":"Noticias"},"content":{"rendered":"<p>\u00c1lvaro \u00c1lvarez Candal, miembro de nuestro grupo, colaborar\u00e1 en un proyecto financiado por NASA a la Universidad de Florida Central, para la observaci\u00f3n de objetos trans-Neptunianos.<\/p>\n<p>https:\/\/www.ucf.edu\/news\/ucf-researcher-awarded-nasa-grant-to-study-little-understood-trans-neptunian-objects\/<\/p>\n","protected":false},"excerpt":{"rendered":"<p>\u00c1lvaro \u00c1lvarez Candal, miembro de nuestro grupo, colaborar\u00e1 en un proyecto financiado por NASA a la Universidad de Florida Central, para la observaci\u00f3n de objetos trans-Neptunianos. https:\/\/www.ucf.edu\/news\/ucf-researcher-awarded-nasa-grant-to-study-little-understood-trans-neptunian-objects\/<\/p>\n","protected":false},"author":4446,"featured_media":0,"parent":0,"menu_order":0,"comment_status":"closed","ping_status":"closed","template":"","meta":{"footnotes":""},"class_list":["post-36","page","type-page","status-publish","hentry"],"_links":{"self":[{"href":"https:\/\/blogs.ua.es\/cienciasplanetariasuaesp\/wp-json\/wp\/v2\/pages\/36","targetHints":{"allow":["GET"]}}],"collection":[{"href":"https:\/\/blogs.ua.es\/cienciasplanetariasuaesp\/wp-json\/wp\/v2\/pages"}],"about":[{"href":"https:\/\/blogs.ua.es\/cienciasplanetariasuaesp\/wp-json\/wp\/v2\/types\/page"}],"author":[{"embeddable":true,"href":"https:\/\/blogs.ua.es\/cienciasplanetariasuaesp\/wp-json\/wp\/v2\/users\/4446"}],"replies":[{"embeddable":true,"href":"https:\/\/blogs.ua.es\/cienciasplanetariasuaesp\/wp-json\/wp\/v2\/comments?post=36"}],"version-history":[{"count":2,"href":"https:\/\/blogs.ua.es\/cienciasplanetariasuaesp\/wp-json\/wp\/v2\/pages\/36\/revisions"}],"predecessor-version":[{"id":215,"href":"https:\/\/blogs.ua.es\/cienciasplanetariasuaesp\/wp-json\/wp\/v2\/pages\/36\/revisions\/215"}],"wp:attachment":[{"href":"https:\/\/blogs.ua.es\/cienciasplanetariasuaesp\/wp-json\/wp\/v2\/media?parent=36"}],"curies":[{"name":"wp","href":"https:\/\/api.w.org\/{rel}","templated":true}]}}