{"id":38,"date":"2020-09-08T16:15:14","date_gmt":"2020-09-08T16:15:14","guid":{"rendered":"https:\/\/blogs.ua.es\/cienciasplanetariasuaesp\/?page_id=38"},"modified":"2024-10-22T22:35:53","modified_gmt":"2024-10-22T22:35:53","slug":"observacion","status":"publish","type":"page","link":"https:\/\/blogs.ua.es\/cienciasplanetariasuaesp\/observacion\/","title":{"rendered":"Observaci\u00f3n"},"content":{"rendered":"<p>Nuestro equipo ha jugado un papel clave en el <strong>descubrimiento y seguimiento<\/strong> de <strong>objetos transneptunianos (TNOs)<\/strong>, contribuyendo a importantes programas de rastreo como el <strong>Canadian-France Ecliptic Plane Survey<\/strong>. A trav\u00e9s de observaciones realizadas en los <strong>observatorios de Calar Alto<\/strong> y <strong>La Palma<\/strong> durante la primera d\u00e9cada de este siglo, logramos desvelar parte de la <strong>arquitectura din\u00e1mica del sistema solar exterior<\/strong>, revelando aspectos antes desconocidos de esta regi\u00f3n lejana.<\/p>\n<p>&nbsp;<\/p>\n<p>En tiempos m\u00e1s recientes, hemos colaborado activamente en la <strong>campa\u00f1a de ocultaciones<\/strong>, liderada por <strong>J. L. Ortiz<\/strong> del <strong>Instituto de Astrof\u00edsica de Andaluc\u00eda<\/strong> (Granada, Espa\u00f1a). Esta campa\u00f1a, que sigue en curso, ha logrado resultados emocionantes, como el <strong>descubrimiento de anillos<\/strong> alrededor de peque\u00f1os cuerpos celestes conocidos como <strong>Centaurs<\/strong>, ofreciendo nuevas y sorprendentes perspectivas sobre la composici\u00f3n y caracter\u00edsticas de estos enigm\u00e1ticos objetos del sistema solar.<\/p>\n","protected":false},"excerpt":{"rendered":"<p>Nuestro equipo ha jugado un papel clave en el descubrimiento y seguimiento de objetos transneptunianos (TNOs), contribuyendo a importantes programas de rastreo como el Canadian-France Ecliptic Plane Survey. A trav\u00e9s de observaciones realizadas en los observatorios de Calar Alto y &hellip; <a href=\"https:\/\/blogs.ua.es\/cienciasplanetariasuaesp\/observacion\/\">Continue reading <span class=\"meta-nav\">&rarr;<\/span><\/a><\/p>\n","protected":false},"author":4446,"featured_media":0,"parent":0,"menu_order":0,"comment_status":"closed","ping_status":"closed","template":"","meta":{"footnotes":""},"class_list":["post-38","page","type-page","status-publish","hentry"],"_links":{"self":[{"href":"https:\/\/blogs.ua.es\/cienciasplanetariasuaesp\/wp-json\/wp\/v2\/pages\/38","targetHints":{"allow":["GET"]}}],"collection":[{"href":"https:\/\/blogs.ua.es\/cienciasplanetariasuaesp\/wp-json\/wp\/v2\/pages"}],"about":[{"href":"https:\/\/blogs.ua.es\/cienciasplanetariasuaesp\/wp-json\/wp\/v2\/types\/page"}],"author":[{"embeddable":true,"href":"https:\/\/blogs.ua.es\/cienciasplanetariasuaesp\/wp-json\/wp\/v2\/users\/4446"}],"replies":[{"embeddable":true,"href":"https:\/\/blogs.ua.es\/cienciasplanetariasuaesp\/wp-json\/wp\/v2\/comments?post=38"}],"version-history":[{"count":6,"href":"https:\/\/blogs.ua.es\/cienciasplanetariasuaesp\/wp-json\/wp\/v2\/pages\/38\/revisions"}],"predecessor-version":[{"id":440,"href":"https:\/\/blogs.ua.es\/cienciasplanetariasuaesp\/wp-json\/wp\/v2\/pages\/38\/revisions\/440"}],"wp:attachment":[{"href":"https:\/\/blogs.ua.es\/cienciasplanetariasuaesp\/wp-json\/wp\/v2\/media?parent=38"}],"curies":[{"name":"wp","href":"https:\/\/api.w.org\/{rel}","templated":true}]}}