{"id":40,"date":"2020-09-08T16:46:13","date_gmt":"2020-09-08T16:46:13","guid":{"rendered":"https:\/\/blogs.ua.es\/cienciasplanetariasuaesp\/?page_id=40"},"modified":"2025-06-23T08:37:54","modified_gmt":"2025-06-23T08:37:54","slug":"eventos-publicos","status":"publish","type":"page","link":"https:\/\/blogs.ua.es\/cienciasplanetariasuaesp\/eventos-publicos\/","title":{"rendered":"Eventos p\u00fablicos"},"content":{"rendered":"<p>Desde 2018, organizamos anualmente el <strong>Asteroid Day<\/strong> en Alicante, en colaboraci\u00f3n con la <strong>Sede Universitaria de la Universidad de Alicante<\/strong>. Este evento global, dedicado a concienciar sobre los asteroides y la defensa planetaria, ha sido un \u00e9xito constante, atrayendo a un p\u00fablico cada vez m\u00e1s interesado en la ciencia del espacio.<\/p>\n<ul>\n<li><a href=\"https:\/\/www.esa.int\/Enabling_Support\/Space_Engineering_Technology\/Asteroid_day\/Asteroid_Day_2018\">Asteroid Day 2018<\/a>: Nuestra primera edici\u00f3n, con charlas y actividades educativas que conectaron a los participantes con la astronom\u00eda.<\/li>\n<li><a href=\"https:\/\/web.ua.es\/es\/actualidad-universitaria\/2019\/junio19\/24-30\/expertos-en-misiones-de-la-nasa-y-de-las-agencias-espaciales-de-europa-y-japon-participan-en-el-asteroid-day-alicante-2019.html#:~:text=Fue%20el%20impacto%20m%C3%A1s%20importante,peque%C3%B1os%20cuerpos%2C%20cuyo%20estudio%20es\">Asteroid Day 2019<\/a>: Aumentamos la participaci\u00f3n y el entusiasmo, con una mayor oferta de actividades.<\/li>\n<li><a href=\"https:\/\/web.ua.es\/es\/sedealicante\/programa-de-actividades\/2019-2020\/clases-y-conferencias-online\/asteroid-day-2020.html\">Asteroid Day 2020<\/a>: Enfrentamos los desaf\u00edos de la pandemia con un formato h\u00edbrido innovador.<\/li>\n<li><a href=\"https:\/\/web.ua.es\/it\/sedealicante\/programa-de-actividades\/2020-2021\/jornadas-y-ciclos-de-conferencias\/asteroid-day-2021.html\">Asteroid Day 2021<\/a>: Retomamos los eventos presenciales, ampliando las actividades y la interacci\u00f3n.<\/li>\n<li><a href=\"https:\/\/web.ua.es\/es\/sedealicante\/programa-de-actividades\/2019-2020\/clases-y-conferencias-online\/asteroid-day-2020.html\">Asteroid Day 2022<\/a>: Nos enfocamos en las misiones espaciales recientes y su impacto en la ciencia de asteroides.<\/li>\n<li><a href=\"https:\/\/web.ua.es\/es\/sedealicante\/programa-de-actividades\/2022-2023\/jornadas-y-ciclos-de-conferencias\/asteroid-day-2023.html\">Asteroid Day 2023<\/a>: Continuamos con una jornada vibrante y llena de aprendizajes interactivos.<\/li>\n<li><a href=\"https:\/\/web.ua.es\/es\/sedealicante\/programa-de-actividades\/2023-2024\/jornadas-y-ciclos-de-conferencias\/asteroid-day-2024.html\">Asteroid Day 2024<\/a>: Esta edici\u00f3n, que destaca la conexi\u00f3n entre la ciencia de los asteroides y la defensa planetaria, aport\u00f3 un enfoque renovado a la participaci\u00f3n comunitaria y la conciencia p\u00fablica.<\/li>\n<li>Asteroid Day 2025: \u00danete a nosotros para conocer los \u00faltimos avances en ciencia de asteroides, estrategias de defensa planetaria y novedades sobre misiones espaciales, a trav\u00e9s de charlas divulgativas, debates p\u00fablicos y actividades de divulgaci\u00f3n.<br data-start=\"314\" data-end=\"317\" \/>\ud83d\udcc5 <strong data-start=\"320\" data-end=\"363\">Viernes, 27 de junio \u2013 Alicante, Espa\u00f1a<\/strong><br data-start=\"363\" data-end=\"366\" \/>\ud83d\udccd <strong data-start=\"369\" data-end=\"414\">Sede Universitaria, Sala Miguel Hern\u00e1ndez<\/strong><br data-start=\"414\" data-end=\"417\" \/>\ud83d\udcfa <strong data-start=\"420\" data-end=\"448\">Retransmisi\u00f3n en directo<\/strong>: <a class=\"\" href=\"https:\/\/si.ua.es\/es\/videostreaming\/mhernandez.html\" target=\"_new\" rel=\"noopener\" data-start=\"450\" data-end=\"554\">https:\/\/si.ua.es\/es\/videostreaming\/mhernandez.html<\/a><\/li>\n<\/ul>\n<p>Adem\u00e1s, hemos participado activamente en la <strong>Researchers&#8217; Night<\/strong> de la Universidad de Alicante, un evento europeo dedicado a la divulgaci\u00f3n cient\u00edfica, donde la astronom\u00eda ha sido protagonista:<\/p>\n<ul>\n<li><a href=\"https:\/\/web.ua.es\/es\/actualidad-universitaria\/2019\/septiembre19\/1-8\/investigadores-y-estudiantes-invaden-de-ciencia-y-tecnologia-el-campus-de-la-universidad-de-alicante.html\"><strong>2019 Researchers&#8217; Night<\/strong><\/a>: Un \u00e9xito en la promoci\u00f3n de la ciencia espacial.<\/li>\n<li><strong>2021 Researchers&#8217; Night<\/strong>: Nuevas actividades y experiencias interactivas para el p\u00fablico.<\/li>\n<li><a href=\"https:\/\/biblioteca.ua.es\/en\/cde\/news\/news-2022\/european-researchers-night-2022.html\"><strong>2022 Researchers&#8217; Night<\/strong><\/a>: Inspiramos a las futuras generaciones con actividades centradas en la exploraci\u00f3n espacial.<\/li>\n<li><a href=\"https:\/\/web.ua.es\/es\/actualidad-universitaria\/2023\/septiembre2023\/18-24\/la-european-researchers-night-nit-de-la-investigacio-2023-de-la-ua-amplia-su-programacion-con-un-espacio-matinal.html\"><strong>2023 Researchers&#8217; Night<\/strong><\/a>: Seguimos motivando la curiosidad cient\u00edfica en un evento lleno de descubrimientos.<\/li>\n<li><a href=\"https:\/\/web.ua.es\/es\/actualidad-universitaria\/2024\/septiembre2024\/23-30\/la-european-researchers-night-nit-de-la-investigacio-de-la-ua-cierra-su-edicion-de-2024-con-mas-de-14-mil-visitantes.html\"><strong>2024 Researchers&#8217; Night<\/strong><\/a>: <strong>Ya tuvo lugar este a\u00f1o<\/strong>, con una participaci\u00f3n destacada y una serie de actividades centradas en la ciencia del espacio y la exploraci\u00f3n.<\/li>\n<\/ul>\n<p>Estos eventos son una muestra de nuestro compromiso con la divulgaci\u00f3n cient\u00edfica, acercando el conocimiento sobre <strong>astronom\u00eda<\/strong>, <strong>ciencias planetarias<\/strong> y <strong>exploraci\u00f3n espacial<\/strong> al p\u00fablico y destacando la relevancia de la investigaci\u00f3n en el futuro de la humanidad.<\/p>\n","protected":false},"excerpt":{"rendered":"<p>Desde 2018, organizamos anualmente el Asteroid Day en Alicante, en colaboraci\u00f3n con la Sede Universitaria de la Universidad de Alicante. Este evento global, dedicado a concienciar sobre los asteroides y la defensa planetaria, ha sido un \u00e9xito constante, atrayendo a &hellip; <a href=\"https:\/\/blogs.ua.es\/cienciasplanetariasuaesp\/eventos-publicos\/\">Continue reading <span class=\"meta-nav\">&rarr;<\/span><\/a><\/p>\n","protected":false},"author":4446,"featured_media":0,"parent":0,"menu_order":0,"comment_status":"closed","ping_status":"closed","template":"","meta":{"footnotes":""},"class_list":["post-40","page","type-page","status-publish","hentry"],"_links":{"self":[{"href":"https:\/\/blogs.ua.es\/cienciasplanetariasuaesp\/wp-json\/wp\/v2\/pages\/40","targetHints":{"allow":["GET"]}}],"collection":[{"href":"https:\/\/blogs.ua.es\/cienciasplanetariasuaesp\/wp-json\/wp\/v2\/pages"}],"about":[{"href":"https:\/\/blogs.ua.es\/cienciasplanetariasuaesp\/wp-json\/wp\/v2\/types\/page"}],"author":[{"embeddable":true,"href":"https:\/\/blogs.ua.es\/cienciasplanetariasuaesp\/wp-json\/wp\/v2\/users\/4446"}],"replies":[{"embeddable":true,"href":"https:\/\/blogs.ua.es\/cienciasplanetariasuaesp\/wp-json\/wp\/v2\/comments?post=40"}],"version-history":[{"count":10,"href":"https:\/\/blogs.ua.es\/cienciasplanetariasuaesp\/wp-json\/wp\/v2\/pages\/40\/revisions"}],"predecessor-version":[{"id":502,"href":"https:\/\/blogs.ua.es\/cienciasplanetariasuaesp\/wp-json\/wp\/v2\/pages\/40\/revisions\/502"}],"wp:attachment":[{"href":"https:\/\/blogs.ua.es\/cienciasplanetariasuaesp\/wp-json\/wp\/v2\/media?parent=40"}],"curies":[{"name":"wp","href":"https:\/\/api.w.org\/{rel}","templated":true}]}}