{"id":42,"date":"2020-09-08T16:47:09","date_gmt":"2020-09-08T16:47:09","guid":{"rendered":"https:\/\/blogs.ua.es\/cienciasplanetariasuaesp\/?page_id=42"},"modified":"2025-01-10T10:38:00","modified_gmt":"2025-01-10T10:38:00","slug":"articulos-recientes","status":"publish","type":"page","link":"https:\/\/blogs.ua.es\/cienciasplanetariasuaesp\/articulos-recientes\/","title":{"rendered":"Art\u00edculos recientes"},"content":{"rendered":"<h3><strong>2023<\/strong><\/h3>\n<ul data-spread=\"false\">\n<li><a href=\"https:\/\/www.sciencedirect.com\/science\/article\/pii\/S0019103523000982\/pdfft?crasolve=1&amp;r=8ffc05fe4be1e3cc&amp;ts=1736505359109&amp;rtype=https&amp;vrr=UKN&amp;redir=UKN&amp;redir_fr=UKN&amp;redir_arc=UKN&amp;vhash=UKN&amp;host=d3d3LnNjaWVuY2VkaXJlY3QuY29t&amp;tsoh=d3d3LnNjaWVuY2VkaXJlY3QuY29t&amp;rh=d3d3LnNjaWVuY2VkaXJlY3QuY29t&amp;re=X2JsYW5rXw%3D%3D&amp;ns_h=d3d3LnNjaWVuY2VkaXJlY3QuY29t&amp;ns_e=X2JsYW5rXw%3D%3D&amp;rh_fd=rrr)n%5Ed%60i%5E%60_dm%60%5Eo)%5Ejh&amp;tsoh_fd=rrr)n%5Ed%60i%5E%60_dm%60%5Eo)%5Ejh&amp;iv=b4685993ee1adb8f92075133c8091bc4&amp;token=66613833313931346162666162346662653761353638356330306164653833613933663132383264373563616662396264643432613633386663663361396131633265663439343637386138383662643266343330363731326239326664643737356565343466313934666430653731646530393366643335633938343832313a633961343631643161396330306537616333393836373637&amp;text=bbbb8874737cb2f071765bca9158439474406d162f58284f4dbbac261427f39619150431bc19275de61ccbb1e40d0073a9a23a152723167316533a767b67266eac16522e2cc3d847d8ae99b545a2cadd33f72de589ec5ded7db741d50414473fbf3bfc73b86be433fbdda5757b9f837920b1810101b15291bc479412e23956c43ecf661c1cd33bda02dc26757a0d477de4c3e11d6bfded78c3b781dc73d59f32d05880b96ca230a64a68487dee06250207316a0554dfa54a01f2eb138634db876dc4998a7aa720a89ff3450c1f2262e6d4863816c380dd61d6df83368f2b6dd5ec48d338ab9caae7459bae92a1e33e28d18dad4bd74cd7a505927fca0417080a8429c3aaa1dd4fdd7d343b0862e31f4a053fc20d63184cb88da67498b27416414948b85645be2f1fd8acf7dd40080b6d&amp;original=3f6d64353d3266393633366666333066653866376131316161353235343962323161393166267069643d312d73322e302d53303031393130333532333030303938322d6d61696e2e706466\"><strong>Tr\u00f3golo, Nair; Campo Bagatin, Adriano; Moreno, Fernando; Benavidez, Paula G.<\/strong><span style=\"color: #000080\"> &#8220;Lifted particles from the fast spinning primary of the Near-Earth Asteroid (65803) Didymos.&#8221; <em>Icarus<\/em>. DOI: 10.1016\/j.icarus.2023.115521.<\/span><\/a><\/li>\n<li><a href=\"https:\/\/www.nature.com\/articles\/s41561-023-01179-2\"><strong>Campo Bagatin, Adriano.<\/strong> <span style=\"color: #000080\">&#8220;DART&#8217;s asteroid bullseye.&#8221; <em>Nature Geoscience<\/em>. DOI: 10.1038\/s41561-023-01179-2.<\/span><\/a><\/li>\n<li><a href=\"https:\/\/www.nature.com\/articles\/s41586-023-05811-4#citeas\"><strong>Li, Jian-Yang; Hirabayashi, Masatoshi; Farnham, Tony L.; et al.<\/strong> <span style=\"color: #000080\">&#8220;Ejecta from the DART-produced active asteroid Dimorphos.&#8221; <em>Nature<\/em>. DOI: 10.1038\/s41586-023-05811-4.<\/span><\/a><\/li>\n<li><a href=\"https:\/\/iopscience.iop.org\/article\/10.3847\/PSJ\/ace827\/pdf\"><strong>Moreno, Fernando; Campo Bagatin, Adriano; Tancredi, Gonzalo; et al.<\/strong> <span style=\"color: #000080\">&#8220;Characterization of the Ejecta from the NASA\/DART Impact on Dimorphos: Observations and Monte Carlo Models.&#8221; <em>Planetary Science Journal<\/em>. DOI: 10.3847\/PSJ\/ace827.<\/span><\/a><\/li>\n<li><a href=\"https:\/\/arxiv.org\/pdf\/2302.06921\"><span style=\"font-weight: 400\">M\u00fcller, T. G. ; Micheli, M. ;\u00a0 <\/span><b>Santana-Ros, T. ;\u00a0 Bartczak, P.<\/b><span style=\"font-weight: 400\"> ; Oszkiewicz, D. ; Kruk, S. <span style=\"color: #000080\">\u201c<\/span><\/span><span style=\"color: #000080\"><span style=\"font-weight: 400\">Asteroids seen by JWST-MIRI: Radiometric size, distance, and orbit constraints\u201d <\/span><i><span style=\"font-weight: 400\">Astronomy &amp; Astrophysics, <\/span><\/i><span style=\"font-weight: 400\">Volume 670, id.A53, 16 pp.<\/span><\/span><\/a><\/li>\n<li><a href=\"https:\/\/www.researchgate.net\/publication\/375115178_The_Yarkovsky_effect_and_bulk_density_of_near-Earth_asteroids_from_Gaia_DR3\"><span style=\"font-weight: 400\">Dziadura,K.; Oszkiewicz,D.; Spoto,F. ; Carry,B.; Tanga,P. ; <\/span><b>Bartczak, P.<\/b><span style=\"font-weight: 400\">: <span style=\"color: #000080\">\u201dThe Yarkovsky effect and bulk density of near-Earth asteroids from Gaia DR3\u201d. <\/span><\/span><span style=\"color: #000080\"><i><span style=\"font-weight: 400\">Astronomy &amp; Astrophysics<\/span><\/i><span style=\"font-weight: 400\">, Volume 680, id.A77, 11 pp.<\/span><\/span><\/a><\/li>\n<li><a href=\"https:\/\/pdf.sciencedirectassets.com\/271843\/1-s2.0-S0191814123X00133\/1-s2.0-S0191814123002006\/main.pdf?X-Amz-Security-Token=IQoJb3JpZ2luX2VjELr%2F%2F%2F%2F%2F%2F%2F%2F%2F%2FwEaCXVzLWVhc3QtMSJGMEQCIAVjp5zaKzgOmHW78C%2BjMnRLHOpl06uGXnVq2vjkN3%2BBAiBBy4%2BE9bYrKxUk212w3XR3raYogo1Lw5rfjdnDj0jJnCq7BQij%2F%2F%2F%2F%2F%2F%2F%2F%2F%2F8BEAUaDDA1OTAwMzU0Njg2NSIM0s1DQRuXmbm0YoGFKo8F8245kDBrwhjn2gM83K0II7z5DrpbuNvbhVG9HT577tEWA70dmdtVDIrAzoLxcxIbXQM9ACqollt1BdHa7msNgzTNlJL7IRN6DKebtcSixSBK%2BYCVknmlrx82dlOhNaUTRrray3Eec7Tmck92%2Bs1Xeov4flhOSLXOpNKnB0hZbEOsIxANg7%2BI1gmf1fg7%2BT744tdCC0%2FKj2NuHmM3oha7XTGM6LWo0kcV3x7XNZCVi1Dar7QyHPu7fG5yTE%2FWRZtL4wELLbR4Py9Twb3xBT4ax%2BdIm6v8dusNxgZ0F%2F%2BGWoNH5gKtdELVtRez7bKr%2BWKUspu6qTXDyb0RRmEhgIv3BLJnEoJ32VkmciILu2V28xOmvOKWSYB3Kzw%2B3I4E9oy%2Bshmmcx%2BZaVv9X%2BFacupdVAz7DvFnUBwxytZOVg0tFUE4rWqmp1JR8cRrMjxOZhgyY7SFBXcCOSSYM1SFIZBkHRUU1EKUxmYatwrJ93CAeeFvM7MZXVzQ9MS80oXFEPQ%2FVOoCkCS7AXszqftKvNJn5bUemT9VIQ4Jxm6zIRYrHIXuUJp5bf0ZhMZzl2xCAcFiOm0S6OOjJMULzR%2FNZ6fETP4A1Yxo8Hw9UToPTtND2We33MaT8SVhur3cFyVxK2qmng2vK1%2BGh9sg%2FBDPJ%2FScqEBUX9koeAUZAwDSNrU%2BJmx4UUCVPw6t439zFbvPhwMrYwFyX45eeOclmsuTHV3FkmApL%2BC2SicssRbZ2OiIXSyyov21Dcypl%2F95LGqM5aZyqTxGvecqUcPFHNZa1NrdOGmgcTFuKoH54wuETcGmpR3yj807tFwiujZhrBPDjUetQyGoqlANR02OF0SH0GlG5rCjyZhLJQF%2FV4s5pqzFATCo1IO8BjqyAU0HY93ZdobpGOVY5wmp8buU0l4%2B5KPVLueaiRml%2FX6PPQa7YJeN%2FswRVSlE550tEVP0fE2hP0mj9naoyKrYT1XX4pRihOBDcehek4dTNK3Xg%2FzFWcMw7jBj5NYqer1AwdtdiqA3ORLWwkjLgWOMBXu%2FVt6uRq8FADNkkQXaccJ%2BQnS92IPn3VvTVXS%2FfKWOqPTbYjEKt269BRYQ2%2BVSbUuKvFSoAT%2FVnINXEcjUMKWRhmg%3D&amp;X-Amz-Algorithm=AWS4-HMAC-SHA256&amp;X-Amz-Date=20250110T103422Z&amp;X-Amz-SignedHeaders=host&amp;X-Amz-Expires=300&amp;X-Amz-Credential=ASIAQ3PHCVTYZLFJQR7A%2F20250110%2Fus-east-1%2Fs3%2Faws4_request&amp;X-Amz-Signature=659133a75016780cb67b49955f412bce9dca691d6fdfb15308698789e95c5ed1&amp;hash=b89750f91c9dd05950ea702a842e327c8cb612945c6000438569234d5075b257&amp;host=68042c943591013ac2b2430a89b270f6af2c76d8dfd086a07176afe7c76c2c61&amp;pii=S0191814123002006&amp;tid=spdf-1833ade1-1819-4bb1-8b81-5f94efeadec5&amp;sid=ff5950267a03f74ce759f3a6a514545c88d1gxrqb&amp;type=client&amp;tsoh=d3d3LnNjaWVuY2VkaXJlY3QuY29t&amp;ua=07165903040551545c&amp;rr=8ffc039f4c3be3cc&amp;cc=es\"><span style=\"font-weight: 400\">A. Herrero-Gil; I. Egea\u2010Gonz\u00e1lez; A. Jim\u00e9nez\u2010D\u00edaz; S. Rivas Dorado; <\/span><b>L.M. Parro<\/b><span style=\"font-weight: 400\">; C. Fern\u00e1ndez; J. Ruiz; I. Romeo.: <span style=\"color: #000080\">\u201cLithospheric contraction concentric to Tharsis: 3D structural modeling of large thrust faults between Thaumasia highlands and Aonia Terra, Mars\u201d. <\/span><\/span><span style=\"color: #000080\"><i><span style=\"font-weight: 400\">Journal of Structural Geology<\/span><\/i><span style=\"font-weight: 400\">, 177, 104983.<\/span><\/span><\/a><\/li>\n<\/ul>\n<h3><strong>2022<\/strong><\/h3>\n<ul data-spread=\"false\">\n<li><a href=\"https:\/\/ui.adsabs.harvard.edu\/abs\/2022A%26A...657A..80A\/abstract\"><strong>Alvarez-Candal, A.; Benavidez, P. G.; Campo Bagatin, A.; Santana-Ros, T.<\/strong> <span style=\"color: #000080\">&#8220;Phase curves of small bodies from the SLOAN Moving Objects Catalog.&#8221; <em>Astronomy and Astrophysics<\/em>, vol. 657, A80 (2022).<\/span><\/a><\/li>\n<li><a href=\"https:\/\/www.aanda.org\/articles\/aa\/full_html\/2022\/11\/aa43479-22\/aa43479-22.html\"><strong>Alvarez-Candal, A.; Jim\u00e9nez Corral, S.; Colazo, M.<\/strong> <span style=\"color: #000080\">&#8220;Absolute colors and phase coefficients of asteroids.&#8221; <em>Astronomy &amp; Astrophysics<\/em>, vol. 667, A81, November 2022.<\/span><\/a><\/li>\n<li><a href=\"https:\/\/ui.adsabs.harvard.edu\/abs\/2022MNRAS.514.4876B\/abstract\"><strong>Benavidez, Paula G.; Campo Bagatin, Adriano; Curry, Jacob; \u00c1lvarez-Candal, \u00c1lvaro; Vincent, Jean-Baptiste.<\/strong> <span style=\"color: #000080\">&#8220;Collisional evolution of the trans-Neptunian region in an early dynamical instability scenario.&#8221; <em>MNRAS<\/em>, vol. 514, Issue 4, pp.4876-4893, August 2022.<\/span><\/a><\/li>\n<li><a href=\"https:\/\/academic.oup.com\/mnras\/article\/510\/1\/1383\/6449374?login=true\"><strong>Buzzo, M. L., Cortesi, A., Forbes, D. A., Brodie, J. P., Couch, W. J., et al.<\/strong> <span style=\"color: #000080\">&#8220;A new method to detect globular clusters with the S-PLUS survey.&#8221; <em>Monthly Notices of the Royal Astronomical Society<\/em>, vol. 510, pp. 1383-1392, February 2022.<\/span><\/a><\/li>\n<li><a href=\"https:\/\/www.aanda.org\/articles\/aa\/full_html\/2022\/10\/aa43428-22\/aa43428-22.html\"><strong>Colazo, M.; Alvarez-Candal, A.; Duffard, R.<\/strong><span style=\"color: #000080\"> &#8220;Zero-phase angle asteroid taxonomy classification using unsupervised machine learning algorithms.&#8221; <em>Astronomy &amp; Astrophysics<\/em>, vol. 666, A77, October 2022.<\/span><\/a><\/li>\n<li><a href=\"https:\/\/iopscience.iop.org\/article\/10.3847\/PSJ\/ac7fa1\/meta\"><strong>Fahnestock, E. G.; Cheng, A. F.; Ivanovski, S.; Michel, P.; Raducan, S. D.; Rossi, A.; et al.<\/strong> <span style=\"color: #000080\">&#8220;Pre-encounter Predictions of DART Impact Ejecta Behavior and Observability.&#8221; <em>The Planetary Science Journal<\/em>, vol. 3, Issue 9, id.206, 21 pp., September 2022.<\/span><\/a><\/li>\n<li><a href=\"https:\/\/iopscience.iop.org\/article\/10.3847\/PSJ\/ac7224?fbclid=IwAR3TCDFJVnNCps8aMAu31lXlcUDwvOf1S5e6a8CoCWVwqGIpXnbnD-cb1y8\"><strong>Farnocchia, D.; Reddy, V.; Bauer, J. M.; et al.<\/strong><span style=\"color: #000080\"> &#8220;International Asteroid Warning Network Timing Campaign: 2019 XS.&#8221; <em>The Planetary Science Journal<\/em>, vol. 3, 13 pp., July 2022.<\/span><\/a><\/li>\n<li><a href=\"https:\/\/www.aanda.org\/articles\/aa\/abs\/2022\/06\/aa43200-22\/aa43200-22.html\"><strong>Ferrais, M.; Jorda, L.; Vernazza, P.; et al.<\/strong> <span style=\"color: #000080\">&#8220;M-type (22) Kalliope: A tiny Mercury.&#8221; <em>Astronomy &amp; Astrophysics<\/em>, vol. 662, A71, June 2022.<\/span><\/a><\/li>\n<li><a href=\"https:\/\/www.aanda.org\/articles\/aa\/full_html\/2022\/01\/aa41717-21\/aa41717-21.html\"><strong>Galarza, C. A.; Daflon, S.; Placco, V. M.; et al.<\/strong> <span style=\"color: #000080\">&#8220;J-PLUS: Searching for very metal-poor star candidates using the SPEEM pipeline.&#8221; <em>Astronomy &amp; Astrophysics<\/em>, vol. 657, id.A35, January 2022.<\/span><\/a><\/li>\n<li><a href=\"https:\/\/ui.adsabs.harvard.edu\/abs\/2022FrASS...9.5732H\/abstract\"><strong>Hoffmann, T.; Gehlen, M.; Plaggenborg, T.; et al.<\/strong> <span style=\"color: #000080\">&#8220;Robotic observation pipeline for small bodies in the solar system based on open-source software and commercially available telescope hardware.&#8221; <em>Frontiers in Astronomy and Space Sciences<\/em>, vol. 9, id. 895732, October 2022.<\/span><\/a><\/li>\n<li><a href=\"https:\/\/www.aanda.org\/articles\/aa\/abs\/2022\/09\/aa43931-22\/aa43931-22.html\"><strong>Iglesias-P\u00e1ramo, J.; Arroyo, A.; Kehrig, C.; et al.<\/strong> <span style=\"color: #000080\">&#8220;The miniJPAS survey: A search for extreme emission-line galaxies.&#8221; <em>Astronomy &amp; Astrophysics<\/em>, vol. 665, A95, September 2022.<\/span><\/a><\/li>\n<li><a href=\"https:\/\/iopscience.iop.org\/article\/10.3847\/PSJ\/ac6f52\"><strong>Michel, P.; K\u00fcpper, M.; Campo Bagatin, A.; et al.<\/strong> <span style=\"color: #000080\">&#8220;The ESA Hera Mission: Detailed Characterization of the DART Impact Outcome and of the Binary Asteroid (65803) Didymos.&#8221; <em>Planetary Science Journal<\/em>, vol. 3, Issue 7, id.160, July 2022.<\/span><\/a><\/li>\n<li><a href=\"https:\/\/academic.oup.com\/mnras\/article\/515\/2\/2178\/6634251?login=true\"><strong>Moreno, F.; Campo Bagatin, A.; Tancredi, G.; et al.<\/strong> <span style=\"color: #000080\">&#8220;Ground-based observability of Dimorphos DART impact ejecta: photometric predictions.&#8221; <em>MNRAS<\/em>, vol. 515, Issue 2, pp. 2178-2187, September 2022.<\/span><\/a><\/li>\n<li><a href=\"https:\/\/iopscience.iop.org\/article\/10.3847\/PSJ\/ac76c9\"><strong>Richardson, D. C.; Agrusa, H. F.; Barbee, B.; et al.<\/strong> <span style=\"color: #000080\">&#8220;Predictions for the Dynamical States of the Didymos System before and after the Planned DART Impact.&#8221; <em>The Planetary Science Journal<\/em>, vol. 3, Issue 7, id.157, 23 pp., July 2022.<\/span><\/a><\/li>\n<li><a href=\"https:\/\/www.nature.com\/articles\/s41467-022-27988-4\"><strong>Santana-Ros, T.; Micheli, M.; Faggioli, L.; et al.<\/strong> <span style=\"color: #000080\">&#8220;Orbital stability analysis and photometric characterization of the second Earth Trojan asteroid 2020 XL5.&#8221; <em>Nature Communications<\/em>, vol. 13, pp. 447, February 2022.<\/span><\/a><\/li>\n<li><a href=\"https:\/\/iopscience.iop.org\/article\/10.3847\/1538-3881\/ac8cff\"><strong>Sheppard, S. S.; Tholen, D. J.; Pokorn\u00fd, P.; et al.<\/strong><span style=\"color: #000080\"> &#8220;A Deep and Wide Twilight Survey for Asteroids Interior to Earth and Venus.&#8221; <em>The Astronomical Journal<\/em>, vol. 164, pp. 168, September 2022.<\/span><\/a><\/li>\n<li><a href=\"https:\/\/ui.adsabs.harvard.edu\/abs\/2022MNRAS.tmp.3047T\/abstract\"><strong>Tancredi, G.; Liu, P-Y.; Campo Bagatin, A.; et al.<\/strong><span style=\"color: #000080\"> &#8220;Lofting of low-speed ejecta produced in the DART experiment and production of a dust cloud.&#8221; <em>MNRAS<\/em>, November 2022.<\/span><\/a><\/li>\n<li><a href=\"https:\/\/watermark.silverchair.com\/stac3258.pdf?token=AQECAHi208BE49Ooan9kkhW_Ercy7Dm3ZL_9Cf3qfKAc485ysgAAA2cwggNjBgkqhkiG9w0BBwagggNUMIIDUAIBADCCA0kGCSqGSIb3DQEHATAeBglghkgBZQMEAS4wEQQMxPOlAwGx6LB4y-skAgEQgIIDGtabKnyi2tnFxA8_AC7AQTkL_xAD4iVQ5LgXcveRy0IPdF0VOSgjDWhvLQ8earAtM3Pfj4NzGpZie2MCf4gzaYpDbY802D1NINYW31zS6dNqVrgGBC-AKVKlbqxfLDjgW4SpKWPgWIcDPXxGMmxRbaxriFI5p7ViRen8OmzggEUSQdS1xnlGSdZz161NdrOqZcSNd3ntZ1EXqLZFzNok4E6VxB-fMeU53TdO8elbq0GFBcagi13DCWSDSYCZ8BqOEqWFzKhTQhYRSusHErstyPNGskzHxFEn9Hyvq4bYdH1io8UUBDAZDivM3CxdgXbiA-2ojqBk3lWZ4T3YnvrDE0yf6cFFof2KQLmpRSysXAU4QRPjAtKyCENHtPe0SmQYywagUxTFGbsnSl8igsH_nvs_MPbEroew8DUezTmRzxi0nPW_rK3Nfnnr38BuD-Udc2yCl4iAxST2nJ8CPAYGIkhL-v5POAkj-1gOa0G_2p8W2oMnNRgOMCOFC_7Yz5iG5fjz_RSDssnLbxOS0l7VzuZoEpUrcAQgzPtoA2QFcqJBTGot34SaQH7Q05-W0_tUfZ9PWmjRDZ7NrKZiVg24jTT7TVTja8ZopBd2tQDWVEdsE96a8UVFSEAfDLQZOcF5t-K3O8W0yTNEhiHd4i4okQP-I5cfEmNghBUwRmVs_SSbvw-gEFywdfd99ahP85ZyNo_RN9sOkgUS617aR0Ht5GYEmpygy5QhO-a-GzMLqF7gC6NTHqfXKWqWVGWB6Y66uRYxBwvv2WiHCQCPh_3kYhx3vD1jWaw4v7FWGFG25JgDqolz98gR6JyPIA6xh-E1yOh4ZnrlYPsRGrnBz04p-CoRPmoKCAkYrHleKVKaw0A_0QIMbxnKy8YYPeSGaLDvgbpdflpIzRquD-chA9PCbKA4gYcPOq9jycN9saqkNR_bTdy_YBU-oHql1pdFffBJrxavcW389UUf1BlFyzkxffRJ_1OxSIyF3hrDQK3sUIk-6OrNYcoJdP5SFfrUbQKLYxVG_i4saZZ7oIICzV1LoPSeoK032U5lKaKX\"><span style=\"font-weight: 400\">Tancredi, Gonzalo; LIU, PO-YEN; CAMPO-BAGATIN, ADRIANO; Moreno, Fernando; Dom\u00ednguez, Bruno. <span style=\"color: #000080\">\u201cLofting of low-speed ejecta produced in the DART experiment and production of a dust cloud\u201d. <\/span><\/span><span style=\"color: #000080\"><i><span style=\"font-weight: 400\">Monthly Notices of the Royal Astronomical Society<\/span><\/i><span style=\"font-weight: 400\">. DOI: 10.1093\/mnras\/stac3258<\/span><\/span><\/a><\/li>\n<li><a href=\"https:\/\/ui.adsabs.harvard.edu\/abs\/2022BAAA...63...27T\/abstract\"><strong>Tr\u00f3golo, N. E.; Campo Bagatin, A.; Moreno, F.<\/strong><span style=\"color: #000080\"> &#8220;Densidad de part\u00edculas en el entorno del asteroide (65803) Didymos debido a su r\u00e1pida rotaci\u00f3n.&#8221; <em>Bolet\u00edn de la Asociaci\u00f3n Argentina de Astronom\u00eda<\/em>, vol. 63, pp. 27-29, July 2022.<\/span><\/a><\/li>\n<\/ul>\n<h3><strong>2021<\/strong><\/h3>\n<ul>\n<li><a href=\"https:\/\/www.sciencedirect.com\/science\/article\/pii\/S0019103521003535\"><strong>Voelker, M., Ruiz, J., Parro, L. M., Hauber, E., Cardes\u00edn-Moinelo, A., Martin, P.<\/strong> &#8220;From hot to cold? \u2013 <span style=\"color: #000080\">Hydrothermal activities as a source for icy-debris flows on Dryas Mons, Terra Sirenum, Mars.&#8221; <em>Icarus<\/em>, vol. 372, January 2021.<\/span><\/a><\/li>\n<\/ul>\n<h3><strong>2020<\/strong><\/h3>\n<ul>\n<li><a href=\"https:\/\/www.sciencedirect.com\/science\/article\/abs\/pii\/S0019103519305809\"><strong>Campo Bagatin, A., Alema\u00f1, R. A., Gabriella Benavidez, P., P\u00e9rez-Molina, M., Richardson, D. C.<\/strong> <span style=\"color: #000080\">&#8220;Gravitational re-accumulation as the origin of most contact binaries and other small body shapes.&#8221; <em>Icarus<\/em>, vol. 339, March 2020.<\/span><\/a><\/li>\n<\/ul>\n","protected":false},"excerpt":{"rendered":"<p>2023 Tr\u00f3golo, Nair; Campo Bagatin, Adriano; Moreno, Fernando; Benavidez, Paula G. &#8220;Lifted particles from the fast spinning primary of the Near-Earth Asteroid (65803) Didymos.&#8221; Icarus. DOI: 10.1016\/j.icarus.2023.115521. Campo Bagatin, Adriano. &#8220;DART&#8217;s asteroid bullseye.&#8221; Nature Geoscience. DOI: 10.1038\/s41561-023-01179-2. Li, Jian-Yang; Hirabayashi, &hellip; <a href=\"https:\/\/blogs.ua.es\/cienciasplanetariasuaesp\/articulos-recientes\/\">Continue reading <span class=\"meta-nav\">&rarr;<\/span><\/a><\/p>\n","protected":false},"author":4446,"featured_media":0,"parent":0,"menu_order":0,"comment_status":"closed","ping_status":"closed","template":"","meta":{"footnotes":""},"class_list":["post-42","page","type-page","status-publish","hentry"],"_links":{"self":[{"href":"https:\/\/blogs.ua.es\/cienciasplanetariasuaesp\/wp-json\/wp\/v2\/pages\/42","targetHints":{"allow":["GET"]}}],"collection":[{"href":"https:\/\/blogs.ua.es\/cienciasplanetariasuaesp\/wp-json\/wp\/v2\/pages"}],"about":[{"href":"https:\/\/blogs.ua.es\/cienciasplanetariasuaesp\/wp-json\/wp\/v2\/types\/page"}],"author":[{"embeddable":true,"href":"https:\/\/blogs.ua.es\/cienciasplanetariasuaesp\/wp-json\/wp\/v2\/users\/4446"}],"replies":[{"embeddable":true,"href":"https:\/\/blogs.ua.es\/cienciasplanetariasuaesp\/wp-json\/wp\/v2\/comments?post=42"}],"version-history":[{"count":15,"href":"https:\/\/blogs.ua.es\/cienciasplanetariasuaesp\/wp-json\/wp\/v2\/pages\/42\/revisions"}],"predecessor-version":[{"id":490,"href":"https:\/\/blogs.ua.es\/cienciasplanetariasuaesp\/wp-json\/wp\/v2\/pages\/42\/revisions\/490"}],"wp:attachment":[{"href":"https:\/\/blogs.ua.es\/cienciasplanetariasuaesp\/wp-json\/wp\/v2\/media?parent=42"}],"curies":[{"name":"wp","href":"https:\/\/api.w.org\/{rel}","templated":true}]}}