{"id":44,"date":"2020-09-08T16:47:48","date_gmt":"2020-09-08T16:47:48","guid":{"rendered":"https:\/\/blogs.ua.es\/cienciasplanetariasuaesp\/?page_id=44"},"modified":"2020-09-10T20:20:14","modified_gmt":"2020-09-10T20:20:14","slug":"investigacion","status":"publish","type":"page","link":"https:\/\/blogs.ua.es\/cienciasplanetariasuaesp\/investigacion\/","title":{"rendered":"Investigaci\u00f3n"},"content":{"rendered":"<p><a href=\"https:\/\/blogs.ua.es\/cienciasplanetariasuaesp\/misiones-espaciales-hera-y-dart\/\">Misiones espaciales Hera y DART<\/a><\/p>\n<p><a href=\"https:\/\/blogs.ua.es\/cienciasplanetariasuaesp\/neo-mapp\/\">NEO-MAPP<\/a><\/p>\n<p><a href=\"https:\/\/blogs.ua.es\/cienciasplanetariasuaesp\/estructura-interna-de-cuerpos-pequenos\/\">Estructura interna de cuerpos peque\u00f1os<\/a><\/p>\n<p><a href=\"https:\/\/blogs.ua.es\/cienciasplanetariasuaesp\/evolucion-colisional\/\">Evoluci\u00f3n colisional<\/a><\/p>\n<p><a href=\"https:\/\/blogs.ua.es\/cienciasplanetariasuaesp\/observacion\/\">Observaci\u00f3n<\/a><\/p>\n<p><a href=\"https:\/\/blogs.ua.es\/cienciasplanetariasuaesp\/articulos-recientes\/\">Art\u00edculos recientes<\/a><\/p>\n<p><a href=\"https:\/\/blogs.ua.es\/cienciasplanetariasuaesp\/otras-investigaciones\/\">Otras investigaciones<\/a><\/p>\n","protected":false},"excerpt":{"rendered":"<p>Misiones espaciales Hera y DART NEO-MAPP Estructura interna de cuerpos peque\u00f1os Evoluci\u00f3n colisional Observaci\u00f3n Art\u00edculos recientes Otras investigaciones<\/p>\n","protected":false},"author":4446,"featured_media":0,"parent":0,"menu_order":0,"comment_status":"closed","ping_status":"closed","template":"","meta":{"footnotes":""},"class_list":["post-44","page","type-page","status-publish","hentry"],"_links":{"self":[{"href":"https:\/\/blogs.ua.es\/cienciasplanetariasuaesp\/wp-json\/wp\/v2\/pages\/44","targetHints":{"allow":["GET"]}}],"collection":[{"href":"https:\/\/blogs.ua.es\/cienciasplanetariasuaesp\/wp-json\/wp\/v2\/pages"}],"about":[{"href":"https:\/\/blogs.ua.es\/cienciasplanetariasuaesp\/wp-json\/wp\/v2\/types\/page"}],"author":[{"embeddable":true,"href":"https:\/\/blogs.ua.es\/cienciasplanetariasuaesp\/wp-json\/wp\/v2\/users\/4446"}],"replies":[{"embeddable":true,"href":"https:\/\/blogs.ua.es\/cienciasplanetariasuaesp\/wp-json\/wp\/v2\/comments?post=44"}],"version-history":[{"count":2,"href":"https:\/\/blogs.ua.es\/cienciasplanetariasuaesp\/wp-json\/wp\/v2\/pages\/44\/revisions"}],"predecessor-version":[{"id":78,"href":"https:\/\/blogs.ua.es\/cienciasplanetariasuaesp\/wp-json\/wp\/v2\/pages\/44\/revisions\/78"}],"wp:attachment":[{"href":"https:\/\/blogs.ua.es\/cienciasplanetariasuaesp\/wp-json\/wp\/v2\/media?parent=44"}],"curies":[{"name":"wp","href":"https:\/\/api.w.org\/{rel}","templated":true}]}}