{"id":46,"date":"2020-09-08T16:48:21","date_gmt":"2020-09-08T16:48:21","guid":{"rendered":"https:\/\/blogs.ua.es\/cienciasplanetariasuaesp\/?page_id=46"},"modified":"2024-10-22T22:14:28","modified_gmt":"2024-10-22T22:14:28","slug":"estructura-interna-de-cuerpos-pequenos","status":"publish","type":"page","link":"https:\/\/blogs.ua.es\/cienciasplanetariasuaesp\/estructura-interna-de-cuerpos-pequenos\/","title":{"rendered":"Estructura interna de cuerpos peque\u00f1os"},"content":{"rendered":"<p>&nbsp;<\/p>\n<p>La <strong>estructura interna de los asteroides<\/strong> sigue siendo uno de los mayores misterios en la exploraci\u00f3n espacial. Hasta la fecha, no contamos con observaciones directas, y solo podemos hacer <strong>estimaciones indirectas<\/strong> a trav\u00e9s de la densidad de estos cuerpos. Sin embargo, cada vez estamos m\u00e1s cerca de desvelar esos secretos ocultos bajo la superficie.<\/p>\n<p><strong>Experimentos de impacto en laboratorio<\/strong> y <strong>modelos num\u00e9ricos avanzados<\/strong> nos ofrecen valiosas pistas sobre c\u00f3mo los asteroides se fragmentan y se vuelven a unir, formando lo que conocemos como <strong>agregados gravitacionales<\/strong>. La forma en que estas estructuras se reorganizan tras una colisi\u00f3n est\u00e1 \u00edntimamente relacionada con el impacto original, abriendo una ventana hacia el pasado de estos objetos.<\/p>\n<p>Por un lado, el an\u00e1lisis de la <strong>macroporosidad<\/strong> de los asteroides, junto con las simulaciones, nos ayuda a comprender c\u00f3mo se producen las colisiones en diferentes tipos de asteroides. Por otro lado, las estad\u00edsticas sobre estos impactos en el <strong>cintur\u00f3n de asteroides<\/strong> proporcionan valiosa informaci\u00f3n sobre la composici\u00f3n interna de estos <strong>agregados gravitacionales<\/strong>.<\/p>\n<p>El futuro de la exploraci\u00f3n espacial pasa por las <strong>misiones dedicadas a sondear el interior de los asteroides<\/strong>. Solo estas misiones nos permitir\u00e1n obtener la tan esperada <strong>evidencia cuantitativa<\/strong> sobre los procesos de fragmentaci\u00f3n y reacumulaci\u00f3n, fundamentales para desentra\u00f1ar c\u00f3mo se forman y evolucionan estos cuerpos celestes.<\/p>\n<p>Mientras estas misiones a\u00fan se desarrollan, las <strong>simulaciones num\u00e9ricas<\/strong> son nuestra \u00fanica herramienta para desvelar los misterios de la formaci\u00f3n de los asteroides. Nuestro grupo est\u00e1 comprometido con este campo, liderando proyectos pioneros para entender estos fen\u00f3menos. Un primer modelo de baja resoluci\u00f3n ya ha logrado explicar la formaci\u00f3n de <strong>asteroides binarios de contacto<\/strong>, un paso crucial para comprender mejor la din\u00e1mica de estos cuerpos (ver \u201c<a href=\"https:\/\/blogs.ua.es\/cienciasplanetariasuaesp\/articulos-recientes\/\">Investigaci\u00f3n \/ Art\u00edculos recientes<\/a>\u201d).<\/p>\n<p><iframe loading=\"lazy\" title=\"Small bodies internal structure\" width=\"584\" height=\"329\" src=\"https:\/\/www.youtube.com\/embed\/kKz6i1idZgY?feature=oembed\" frameborder=\"0\" allow=\"accelerometer; autoplay; clipboard-write; encrypted-media; gyroscope; picture-in-picture; web-share\" referrerpolicy=\"strict-origin-when-cross-origin\" allowfullscreen><\/iframe><\/p>\n","protected":false},"excerpt":{"rendered":"<p>&nbsp; La estructura interna de los asteroides sigue siendo uno de los mayores misterios en la exploraci\u00f3n espacial. Hasta la fecha, no contamos con observaciones directas, y solo podemos hacer estimaciones indirectas a trav\u00e9s de la densidad de estos cuerpos. &hellip; <a href=\"https:\/\/blogs.ua.es\/cienciasplanetariasuaesp\/estructura-interna-de-cuerpos-pequenos\/\">Continue reading <span class=\"meta-nav\">&rarr;<\/span><\/a><\/p>\n","protected":false},"author":4446,"featured_media":0,"parent":0,"menu_order":0,"comment_status":"closed","ping_status":"closed","template":"","meta":{"footnotes":""},"class_list":["post-46","page","type-page","status-publish","hentry"],"_links":{"self":[{"href":"https:\/\/blogs.ua.es\/cienciasplanetariasuaesp\/wp-json\/wp\/v2\/pages\/46","targetHints":{"allow":["GET"]}}],"collection":[{"href":"https:\/\/blogs.ua.es\/cienciasplanetariasuaesp\/wp-json\/wp\/v2\/pages"}],"about":[{"href":"https:\/\/blogs.ua.es\/cienciasplanetariasuaesp\/wp-json\/wp\/v2\/types\/page"}],"author":[{"embeddable":true,"href":"https:\/\/blogs.ua.es\/cienciasplanetariasuaesp\/wp-json\/wp\/v2\/users\/4446"}],"replies":[{"embeddable":true,"href":"https:\/\/blogs.ua.es\/cienciasplanetariasuaesp\/wp-json\/wp\/v2\/comments?post=46"}],"version-history":[{"count":5,"href":"https:\/\/blogs.ua.es\/cienciasplanetariasuaesp\/wp-json\/wp\/v2\/pages\/46\/revisions"}],"predecessor-version":[{"id":435,"href":"https:\/\/blogs.ua.es\/cienciasplanetariasuaesp\/wp-json\/wp\/v2\/pages\/46\/revisions\/435"}],"wp:attachment":[{"href":"https:\/\/blogs.ua.es\/cienciasplanetariasuaesp\/wp-json\/wp\/v2\/media?parent=46"}],"curies":[{"name":"wp","href":"https:\/\/api.w.org\/{rel}","templated":true}]}}