{"id":29,"date":"2012-10-03T15:41:40","date_gmt":"2012-10-03T15:41:40","guid":{"rendered":"https:\/\/blogs.ua.es\/cienciaytecnologiadelxvi\/?page_id=29"},"modified":"2012-10-03T15:47:12","modified_gmt":"2012-10-03T15:47:12","slug":"29-2","status":"publish","type":"page","link":"https:\/\/blogs.ua.es\/cienciaytecnologiadelxvi\/29-2\/","title":{"rendered":"\u00a1Bienvenidos a mi blog!"},"content":{"rendered":"<h1><span style=\"color: #00ccff\"><strong>\u00a1Hola a todo el mundo!<\/strong><\/span><\/h1>\n<p>Mi nombre es <span style=\"color: #ff00ff\"><strong>Noelia<\/strong><\/span>, soy estudiante en la carrera de <strong>Humanidades<\/strong> de la Universidad de Alicante. Este blog ser\u00eda una parte de la evaluaci\u00f3n de la asignatura de <em>Historia Moderna de Espa\u00f1a<\/em> que imparte el profesor Antonio Carrasco.<\/p>\n<p>En este blog tengo la intenci\u00f3n de, al menos, daros una idea de los <strong>i<\/strong><span style=\"text-decoration: underline\"><strong>nstrumentos<\/strong> que se utilizaban durante el siglo XVI<\/span> en los \u00e1mbitos cient\u00edficos y\u00a0tecnol\u00f3gicos, as\u00ed como os har\u00e9 un repaso sobre las<span style=\"text-decoration: underline\"><strong> innovaciones<\/strong> que se llevaron a cabo en la navegaci\u00f3n, medicina, astrolog\u00eda, etc.\u00a0<\/span><\/p>\n<p>Tambi\u00e9n pretendo <span style=\"text-decoration: underline\">esclareceros los <strong>conocimientos<\/strong> que se ten\u00edan en esos siglos<\/span>. Al principio pod\u00e9is pensar que eran bastante \u00a0limitados, pero yo os mostrar\u00e9 lo contrario, ya que a falta de toda la investigaci\u00f3n y los experimentos que se han hecho en la actualidad, <span style=\"text-decoration: underline\"><strong><span style=\"color: #ff0000;text-decoration: underline\">los estudios que se llevaron a cabo en esta \u00a0\u00e9poca fueron la<\/span> <span style=\"color: #ff0000;text-decoration: underline\">base<\/span><span style=\"color: #ff0000;text-decoration: underline\"> en la que se fueron apoyando descubrimientos e investigaciones posteriores<\/span><\/strong><\/span>. Es decir, que todas las aportaciones cient\u00edficas y tecnol\u00f3gicas del siglo XVI forman una parte muy importante en el proceso del conocimiento de nosotros mismos y el mundo que nos rodea.<\/p>\n<p>Para ello, os ir\u00e9 subiendo un gran n\u00famero de entradas con informaci\u00f3n de distinta \u00edndole: los objetos que se inventaron en la \u00e9poca, innovaciones tecnol\u00f3gicas o cient\u00edficas del momento, personajes ilustres, etc.<\/p>\n<p>Espero que os guste mi blog y que os sea de gran ayuda en el futuro.<\/p>\n<h1><span style=\"color: #00ccff\"><strong>\u00a1Un Saludo!<\/strong><\/span><\/h1>\n","protected":false},"excerpt":{"rendered":"<p>\u00a1Hola a todo el mundo! Mi nombre es Noelia, soy estudiante en la carrera de Humanidades de la Universidad de Alicante. Este blog ser\u00eda una parte de la evaluaci\u00f3n de la asignatura de Historia Moderna de Espa\u00f1a que imparte el profesor Antonio Carrasco. En este blog tengo la intenci\u00f3n de, al menos, daros una idea [&hellip;]<\/p>\n","protected":false},"author":2734,"featured_media":0,"parent":0,"menu_order":0,"comment_status":"open","ping_status":"open","template":"","meta":{"footnotes":""},"class_list":["post-29","page","type-page","status-publish","hentry"],"_links":{"self":[{"href":"https:\/\/blogs.ua.es\/cienciaytecnologiadelxvi\/wp-json\/wp\/v2\/pages\/29","targetHints":{"allow":["GET"]}}],"collection":[{"href":"https:\/\/blogs.ua.es\/cienciaytecnologiadelxvi\/wp-json\/wp\/v2\/pages"}],"about":[{"href":"https:\/\/blogs.ua.es\/cienciaytecnologiadelxvi\/wp-json\/wp\/v2\/types\/page"}],"author":[{"embeddable":true,"href":"https:\/\/blogs.ua.es\/cienciaytecnologiadelxvi\/wp-json\/wp\/v2\/users\/2734"}],"replies":[{"embeddable":true,"href":"https:\/\/blogs.ua.es\/cienciaytecnologiadelxvi\/wp-json\/wp\/v2\/comments?post=29"}],"version-history":[{"count":5,"href":"https:\/\/blogs.ua.es\/cienciaytecnologiadelxvi\/wp-json\/wp\/v2\/pages\/29\/revisions"}],"predecessor-version":[{"id":34,"href":"https:\/\/blogs.ua.es\/cienciaytecnologiadelxvi\/wp-json\/wp\/v2\/pages\/29\/revisions\/34"}],"wp:attachment":[{"href":"https:\/\/blogs.ua.es\/cienciaytecnologiadelxvi\/wp-json\/wp\/v2\/media?parent=29"}],"curies":[{"name":"wp","href":"https:\/\/api.w.org\/{rel}","templated":true}]}}