{"id":42,"date":"2012-10-14T14:29:19","date_gmt":"2012-10-14T14:29:19","guid":{"rendered":"https:\/\/blogs.ua.es\/cienciaytecnologiadelxvi\/?page_id=42"},"modified":"2012-11-03T12:37:58","modified_gmt":"2012-11-03T12:37:58","slug":"contexto-cientifico-del-siglo-xv-xvi","status":"publish","type":"page","link":"https:\/\/blogs.ua.es\/cienciaytecnologiadelxvi\/contexto-cientifico-del-siglo-xv-xvi\/","title":{"rendered":"Contexto cient\u00edfico del siglo XV-XVI"},"content":{"rendered":"<p>El <strong>humanismo<\/strong> que surgi\u00f3 en el siglo XV en Italia y se extendi\u00f3 hacia el Norte, fue una <span style=\"text-decoration: underline\">interrupci\u00f3n en el desarrollo de la ciencia<\/span>, ya que el <em><strong>Renacimiento de las Letras<\/strong><\/em> distrajo la atenci\u00f3n por la materia en favor del estilo literario. Adem\u00e1s, al volverse hacia la Antig\u00fcedad cl\u00e1sica, condujo a que los humanistas despreciaran y desfiguraran a sus predecesores inmediatos (los medievales) por usar construcciones latinas desconocidas de Cicer\u00f3n. Todo esto afect\u00f3 a casi todos los grandes cient\u00edficos de los siglos XVI y XVII.<\/p>\n<p>Por otro lado, la <strong>invenci\u00f3n de la imprenta<\/strong> trajo consigo las<span style=\"text-decoration: underline\"> traducciones realizadas por los humanistas de los textos de la Antig\u00fcedad,<\/span> poniendo al alcance de la mano textos matem\u00e1ticos griegos de <strong>Euclides<\/strong> y <strong>Ptolomeo<\/strong>, textos sobre la concepci\u00f3n de la naturaleza de <strong>Lucrecio<\/strong>, etc., as\u00ed como permiti\u00f3 que se hicieran f\u00e1cilmente accesibles \u00a0obras o autores desconocidos hasta entonces, como <strong>Teofrasto<\/strong> o nuevas traducciones de <strong>Arist\u00f3teles<\/strong>, <strong>Galeno<\/strong> e <strong>Hip\u00f3crates<\/strong>. \u00a0Los nuevos textos actuaron como un estimulante del estudio de la Biolog\u00eda, porque quer\u00edan identificar los animales, plantas y minerales mencionados por los autores cl\u00e1sicos. Sin embargo, estos textos demostraron las limitaciones del saber cl\u00e1sico, ya que se descubrieron nuevas especies de fauna y flora como resultado de las exploraciones geogr\u00e1ficas.<\/p>\n<p>Por supuesto, el <span style=\"color: #000000\"><strong><em>Renacimiento cient\u00edfico<\/em><\/strong><\/span> <strong>debe mucho a la Edad Media<\/strong>, cuyas principales aportaciones fueron:<\/p>\n<ol>\n<li>La recuperaci\u00f3n de la idea griega de <strong>explicaci\u00f3n te\u00f3rica en la Ciencia<\/strong> y su empleo en la f\u00edsica matem\u00e1tica.<\/li>\n<li>La extensi\u00f3n de las <strong>Matem\u00e1ticas<\/strong> a todo el campo de la ciencia f\u00edsica (al contrario de lo que hizo Arist\u00f3teles).<\/li>\n<li>Dieron un nuevo enfoque de la<strong> cuesti\u00f3n del espacio y del movimiento.<\/strong><\/li>\n<li>Se hicieron progresos en el campo de la <strong>Tecnolog\u00eda<\/strong> como el aprovechamiento de la <span style=\"text-decoration: underline\">energ\u00eda animal, hidr\u00e1ulica y del viento<\/span>, se desarrollaron <span style=\"text-decoration: underline\">m\u00e1quinas para fines variados,<\/span> se empez\u00f3 a emplear la <span style=\"text-decoration: underline\">balanza<\/span> para analizar medidas exactas, se invent\u00f3 el<span style=\"text-decoration: underline\"> reloj mec\u00e1nico, las lentes de aumento y algunos instrumentos cient\u00edficos.<\/span><\/li>\n<li>Se escribieron obras importantes sobre <strong>Medicina y Cirug\u00eda<\/strong>.<\/li>\n<li>Se hicieron <strong>observaciones en geolog\u00eda<\/strong>.<\/li>\n<\/ol>\n<p>Algunos <strong>acontecimientos<\/strong> aceleraron este proceso, como la <span style=\"text-decoration: underline\">ca\u00edda de Constantinopla,<\/span> que llev\u00f3 a Italia a una muchedumbre de cient\u00edficos, acompa\u00f1ados de manuscritos cient\u00edficos bizantinos, as\u00ed como la<span style=\"text-decoration: underline\"> invenci\u00f3n de la imprenta y del libro<\/span>, que permiti\u00f3 una mayor difusi\u00f3n de los textos (como hemos aclarado anteriormente). Las mayores innovaciones se dieron fundamentalmente en<strong> cinco ciencias<\/strong>: matem\u00e1ticas, astronom\u00eda, f\u00edsica, qu\u00edmica y anatom\u00eda.<\/p>\n<p>En el terreno de las <span style=\"color: #ff0000\"><strong>MATEM\u00c1TICAS<\/strong><\/span>, la segunda mitad del siglo XV supuso el encuentro entre los conocimientos matem\u00e1ticos medievales y \u00e1rabes, as\u00ed como el descubrimiento de algunas fuentes griegas. Uno de los personajes m\u00e1s m\u00e1s ilustres fue <span style=\"color: #00ccff\"><strong>Nicol\u00e1s de Cusa<\/strong><\/span> (1401-1464), cosm\u00f3logo y fil\u00f3sofo, que despert\u00f3 los estudios matem\u00e1ticos, y aunque no descubri\u00f3 ninguna verdad cient\u00edfica, ejerci\u00f3 <span style=\"text-decoration: underline\">una gran i<\/span><span style=\"text-decoration: underline\">nfluencia sobre Leonardo da Vinci, Giordano Bruno, Cop\u00e9rnico y Kepler<\/span>. Asimismo, El progreso y la difusi\u00f3n de las\u00a0matem\u00e1ticas se debi\u00f3 a los <strong>manuales<\/strong> que se publicaron en estos momentos. Los m\u00e1s importantes fueron La &#8220;<strong><em>Aritm\u00e9tica de Treviso<\/em><\/strong>&#8221; (1478), el manual de Johann Widmann (1489), el &#8220;<strong><em>Triparty<\/em><\/strong>&#8221; de Nicol\u00e1s Chuquet y sobre todo, \u00a0el manual de Luca Pacioli la &#8220;<strong><em>Summa de arithmetica, geometr\u00eda, proportioni et proportionalit\u00e0<\/em><\/strong>&#8220;. Otro gran personaje de gran importancia fue fue <span style=\"color: #00ccff\"><strong>Simon Stevin<\/strong><\/span> (1548-1620).<\/p>\n<figure id=\"attachment_44\" aria-describedby=\"caption-attachment-44\" style=\"width: 172px\" class=\"wp-caption aligncenter\"><img loading=\"lazy\" decoding=\"async\" class=\"wp-image-44 \" src=\"https:\/\/blogs.ua.es\/cienciaytecnologiadelxvi\/files\/2012\/10\/493px-Nicholas_of_Cusa-246x300.jpg\" alt=\"\" width=\"172\" height=\"210\" srcset=\"https:\/\/blogs.ua.es\/cienciaytecnologiadelxvi\/files\/2012\/10\/493px-Nicholas_of_Cusa-246x300.jpg 246w, https:\/\/blogs.ua.es\/cienciaytecnologiadelxvi\/files\/2012\/10\/493px-Nicholas_of_Cusa.jpg 493w\" sizes=\"auto, (max-width: 172px) 100vw, 172px\" \/><figcaption id=\"caption-attachment-44\" class=\"wp-caption-text\">Nicol\u00e1s de Cusa (1401-1464)<\/figcaption><\/figure>\n<p style=\"text-align: center\"><strong>\u00a0 \u00a0 \u00a0 \u00a0 \u00a0 \u00a0 \u00a0 \u00a0 \u00a0 \u00a0 \u00a0 \u00a0 \u00a0 \u00a0 \u00a0 \u00a0 \u00a0 \u00a0 \u00a0 \u00a0 \u00a0 \u00a0 \u00a0 \u00a0 \u00a0 \u00a0 \u00a0\u00a0<\/strong><\/p>\n<p>Respecto a la <span style=\"color: #000000\"><strong>ASTRONOM\u00cdA<\/strong><\/span>, vivi\u00f3 un aut\u00e9ntico renacimiento. En su progreso influy\u00f3 mucho tambi\u00e9n <span style=\"color: #00ccff\"><strong>Nicol\u00e1s de Cusa<\/strong><\/span>. Gracias a \u00e9l, la concepci\u00f3n cl\u00e1sica del mundo fue sustituida por la de un\u00a0mundo abierto, ilimitado e indefinidamente extenso,\u00a0un mundo cuyo centro est\u00e1 en todas partes y la circunferencia en ninguna. Por otra parte,\u00a0<span style=\"color: #00ccff\"><strong>Nicol\u00e1s Cop\u00e9rnico<\/strong><\/span>\u00a0concibi\u00f3 y dio a conocer la idea central de su sistema, el\u00a0<strong>heliocentrismo<\/strong>. Sin embargo, ser\u00eda su seguidor Retico quien emprender\u00eda la redacci\u00f3n de un breve resumen de su obra, la &#8220;<em>Narrado prima<\/em>&#8220;. La pol\u00e9mica de Cop\u00e9rnico contra la astronom\u00eda y la cosmolog\u00eda tradicionales nos muestra que en el paso del geocentrismo al heliocentrismo se escond\u00eda una aut\u00e9ntica revoluci\u00f3n astron\u00f3mica.<\/p>\n<figure id=\"attachment_45\" aria-describedby=\"caption-attachment-45\" style=\"width: 150px\" class=\"wp-caption aligncenter\"><a href=\"https:\/\/blogs.ua.es\/cienciaytecnologiadelxvi\/files\/2012\/10\/Copernicus.jpg\"><img loading=\"lazy\" decoding=\"async\" class=\"size-thumbnail wp-image-45\" src=\"https:\/\/blogs.ua.es\/cienciaytecnologiadelxvi\/files\/2012\/10\/Copernicus-150x150.jpg\" alt=\"\" width=\"150\" height=\"150\" srcset=\"https:\/\/blogs.ua.es\/cienciaytecnologiadelxvi\/files\/2012\/10\/Copernicus-150x150.jpg 150w, https:\/\/blogs.ua.es\/cienciaytecnologiadelxvi\/files\/2012\/10\/Copernicus-200x200.jpg 200w\" sizes=\"auto, (max-width: 150px) 100vw, 150px\" \/><\/a><figcaption id=\"caption-attachment-45\" class=\"wp-caption-text\">Nicol\u00e1s Cop\u00e9rnico (1473-1543)<\/figcaption><\/figure>\n<p>&nbsp;<\/p>\n<p>En <span style=\"color: #ff0000\"><strong>F\u00cdSICA<\/strong><\/span> los <span style=\"text-decoration: underline\">progresos fueron escasos, dispersos, lentos y discontinuos<\/span>. La <span style=\"color: #00ccff\"><strong>f\u00edsica de Arist\u00f3teles<\/strong><\/span> se presentaba como una construcci\u00f3n te\u00f3rica equilibrada, capaz de ser \u00fatil a las actividades de los pr\u00e1cticos. De esta \u00e9poca la obra de<span style=\"color: #00ccff\"><strong> Leonardo da Vinci<\/strong><\/span> fue la m\u00e1s original, aunque no redactara trabajo te\u00f3rico alguno. Sus aportaciones se encuentran en el an\u00e1lisis de los casos concretos y en sus dibujos.<\/p>\n<p>La <span style=\"color: #ff0000\"><strong>QU\u00cdMICA<\/strong><\/span> tuvo un gran movimiento de investigaci\u00f3n y descubrimientos desde finales del siglo XV. Una de las causas de esta renovaci\u00f3n fue la proliferaci\u00f3n de los <strong>tratados qu\u00edmicos y alqu\u00edmicos de los compiladores medievales.<\/strong> <span style=\"color: #00ccff\"><strong>Paracelso<\/strong><\/span> (1493-1541) es el qu\u00edmico m\u00e1s ilustre del renacimiento. Era partidario de la experimentaci\u00f3n directa, de la observaci\u00f3n de la Naturaleza como m\u00e9todo seguro y de la introducci\u00f3n en la pr\u00e1ctica m\u00e9dica del uso de medicamentos obtenidos del reino mineral, logr\u00f3 dar la qu\u00edmica un impulso que no se detendr\u00eda.<\/p>\n<figure id=\"attachment_46\" aria-describedby=\"caption-attachment-46\" style=\"width: 150px\" class=\"wp-caption aligncenter\"><a href=\"https:\/\/blogs.ua.es\/cienciaytecnologiadelxvi\/files\/2012\/10\/200px-Paracelsus01.jpg\"><img loading=\"lazy\" decoding=\"async\" class=\"size-thumbnail wp-image-46\" src=\"https:\/\/blogs.ua.es\/cienciaytecnologiadelxvi\/files\/2012\/10\/200px-Paracelsus01-150x150.jpg\" alt=\"\" width=\"150\" height=\"150\" srcset=\"https:\/\/blogs.ua.es\/cienciaytecnologiadelxvi\/files\/2012\/10\/200px-Paracelsus01-150x150.jpg 150w, https:\/\/blogs.ua.es\/cienciaytecnologiadelxvi\/files\/2012\/10\/200px-Paracelsus01-200x200.jpg 200w\" sizes=\"auto, (max-width: 150px) 100vw, 150px\" \/><\/a><figcaption id=\"caption-attachment-46\" class=\"wp-caption-text\">Teofrasto Paracelso (1493-1541)<\/figcaption><\/figure>\n<p>&nbsp;<\/p>\n<p>Por \u00faltimo, dentro de \u00a0la <span style=\"color: #ff0000\"><strong>ANATOM\u00cdA<\/strong><\/span>\u00a0nos encontramos con <span style=\"color: #00ccff\"><strong>Andr\u00e9s Vesalio<\/strong><\/span>, quien public\u00f3 &#8220;<em>De humani corporis fabrica libri septem<\/em>&#8221; (1543), que revolucion\u00f3 los <span style=\"text-decoration: underline\">conocimientos sobre la estructura del cuerpo humano<\/span>. La anatom\u00eda ir\u00e1 aumentando un notable progreso. El preludio de esta renovaci\u00f3n anat\u00f3mica la llevar\u00e1 a cabo <span style=\"color: #000000\"><strong>Leonardo da Vinci<\/strong><\/span> gracias a sus investigaciones. Para ello, practic\u00f3 la <strong>disecci\u00f3n de cad\u00e1veres, fetos, adultos y ancianos<\/strong>, de los que realiz\u00f3 miles de croquis y tom\u00f3 multitud de notas. Durante los primeros decenios del siglo XVI la disecci\u00f3n did\u00e1ctica para la ense\u00f1anza pr\u00e1ctica de la anatom\u00eda humana y la autopsia judicial se difundieron y fueron ejecutadas en numerosas ciudades italianas. Otros personajes que tuvieron un papel preponderante fueron <span style=\"color: #00ccff\"><strong>Galeno<\/strong><\/span> o <span style=\"color: #00ccff\"><strong>Estienne de la Rivi\u00e8re<\/strong><\/span>.<\/p>\n<figure id=\"attachment_47\" aria-describedby=\"caption-attachment-47\" style=\"width: 150px\" class=\"wp-caption aligncenter\"><a href=\"https:\/\/blogs.ua.es\/cienciaytecnologiadelxvi\/files\/2012\/10\/da-vinci.jpg\"><img loading=\"lazy\" decoding=\"async\" class=\"size-thumbnail wp-image-47 \" src=\"https:\/\/blogs.ua.es\/cienciaytecnologiadelxvi\/files\/2012\/10\/da-vinci-150x150.jpg\" alt=\"\" width=\"150\" height=\"150\" srcset=\"https:\/\/blogs.ua.es\/cienciaytecnologiadelxvi\/files\/2012\/10\/da-vinci-150x150.jpg 150w, https:\/\/blogs.ua.es\/cienciaytecnologiadelxvi\/files\/2012\/10\/da-vinci-200x200.jpg 200w\" sizes=\"auto, (max-width: 150px) 100vw, 150px\" \/><\/a><figcaption id=\"caption-attachment-47\" class=\"wp-caption-text\">Leonardo Da Vinci (1452-1519)<\/figcaption><\/figure>\n<p>&nbsp;<\/p>\n<p>Algunos ejemplos del estudio anat\u00f3mico\u00a0de Leonardo Da Vinci:<\/p>\n<figure id=\"attachment_48\" aria-describedby=\"caption-attachment-48\" style=\"width: 150px\" class=\"wp-caption alignleft\"><a href=\"https:\/\/blogs.ua.es\/cienciaytecnologiadelxvi\/files\/2012\/10\/boceto-de-feto.jpg\"><img loading=\"lazy\" decoding=\"async\" class=\"size-thumbnail wp-image-48 \" src=\"https:\/\/blogs.ua.es\/cienciaytecnologiadelxvi\/files\/2012\/10\/boceto-de-feto-150x150.jpg\" alt=\"\" width=\"150\" height=\"150\" srcset=\"https:\/\/blogs.ua.es\/cienciaytecnologiadelxvi\/files\/2012\/10\/boceto-de-feto-150x150.jpg 150w, https:\/\/blogs.ua.es\/cienciaytecnologiadelxvi\/files\/2012\/10\/boceto-de-feto-200x200.jpg 200w\" sizes=\"auto, (max-width: 150px) 100vw, 150px\" \/><\/a><figcaption id=\"caption-attachment-48\" class=\"wp-caption-text\">Estudio del embri\u00f3n humano realizado entre 1510-1513<\/figcaption><\/figure>\n<figure id=\"attachment_49\" aria-describedby=\"caption-attachment-49\" style=\"width: 150px\" class=\"wp-caption alignleft\"><a href=\"https:\/\/blogs.ua.es\/cienciaytecnologiadelxvi\/files\/2012\/10\/anatomia-femenina.jpg\"><img loading=\"lazy\" decoding=\"async\" class=\"size-thumbnail wp-image-49 \" src=\"https:\/\/blogs.ua.es\/cienciaytecnologiadelxvi\/files\/2012\/10\/anatomia-femenina-150x150.jpg\" alt=\"\" width=\"150\" height=\"150\" srcset=\"https:\/\/blogs.ua.es\/cienciaytecnologiadelxvi\/files\/2012\/10\/anatomia-femenina-150x150.jpg 150w, https:\/\/blogs.ua.es\/cienciaytecnologiadelxvi\/files\/2012\/10\/anatomia-femenina-200x200.jpg 200w\" sizes=\"auto, (max-width: 150px) 100vw, 150px\" \/><\/a><figcaption id=\"caption-attachment-49\" class=\"wp-caption-text\">Estudio de los \u00f3rganos internos del cuerpo humano<\/figcaption><\/figure>\n<figure id=\"attachment_50\" aria-describedby=\"caption-attachment-50\" style=\"width: 150px\" class=\"wp-caption alignleft\"><a href=\"https:\/\/blogs.ua.es\/cienciaytecnologiadelxvi\/files\/2012\/10\/anatomia-humana-leonardo-davinci.jpg\"><img loading=\"lazy\" decoding=\"async\" class=\"size-thumbnail wp-image-50 \" src=\"https:\/\/blogs.ua.es\/cienciaytecnologiadelxvi\/files\/2012\/10\/anatomia-humana-leonardo-davinci-150x150.jpg\" alt=\"\" width=\"150\" height=\"150\" srcset=\"https:\/\/blogs.ua.es\/cienciaytecnologiadelxvi\/files\/2012\/10\/anatomia-humana-leonardo-davinci-150x150.jpg 150w, https:\/\/blogs.ua.es\/cienciaytecnologiadelxvi\/files\/2012\/10\/anatomia-humana-leonardo-davinci-200x200.jpg 200w\" sizes=\"auto, (max-width: 150px) 100vw, 150px\" \/><\/a><figcaption id=\"caption-attachment-50\" class=\"wp-caption-text\">Estudios sobre el cr\u00e1neo y su capacidad<\/figcaption><\/figure>\n<p>&nbsp;<\/p>\n","protected":false},"excerpt":{"rendered":"<p>El humanismo que surgi\u00f3 en el siglo XV en Italia y se extendi\u00f3 hacia el Norte, fue una interrupci\u00f3n en el desarrollo de la ciencia, ya que el Renacimiento de las Letras distrajo la atenci\u00f3n por la materia en favor del estilo literario. Adem\u00e1s, al volverse hacia la Antig\u00fcedad cl\u00e1sica, condujo a que los humanistas [&hellip;]<\/p>\n","protected":false},"author":2734,"featured_media":0,"parent":0,"menu_order":0,"comment_status":"open","ping_status":"open","template":"","meta":{"footnotes":""},"class_list":["post-42","page","type-page","status-publish","hentry"],"_links":{"self":[{"href":"https:\/\/blogs.ua.es\/cienciaytecnologiadelxvi\/wp-json\/wp\/v2\/pages\/42","targetHints":{"allow":["GET"]}}],"collection":[{"href":"https:\/\/blogs.ua.es\/cienciaytecnologiadelxvi\/wp-json\/wp\/v2\/pages"}],"about":[{"href":"https:\/\/blogs.ua.es\/cienciaytecnologiadelxvi\/wp-json\/wp\/v2\/types\/page"}],"author":[{"embeddable":true,"href":"https:\/\/blogs.ua.es\/cienciaytecnologiadelxvi\/wp-json\/wp\/v2\/users\/2734"}],"replies":[{"embeddable":true,"href":"https:\/\/blogs.ua.es\/cienciaytecnologiadelxvi\/wp-json\/wp\/v2\/comments?post=42"}],"version-history":[{"count":7,"href":"https:\/\/blogs.ua.es\/cienciaytecnologiadelxvi\/wp-json\/wp\/v2\/pages\/42\/revisions"}],"predecessor-version":[{"id":60,"href":"https:\/\/blogs.ua.es\/cienciaytecnologiadelxvi\/wp-json\/wp\/v2\/pages\/42\/revisions\/60"}],"wp:attachment":[{"href":"https:\/\/blogs.ua.es\/cienciaytecnologiadelxvi\/wp-json\/wp\/v2\/media?parent=42"}],"curies":[{"name":"wp","href":"https:\/\/api.w.org\/{rel}","templated":true}]}}