{"id":55,"date":"2012-10-14T17:27:50","date_gmt":"2012-10-14T17:27:50","guid":{"rendered":"https:\/\/blogs.ua.es\/cienciaytecnologiadelxvi\/?page_id=55"},"modified":"2013-01-11T09:43:04","modified_gmt":"2013-01-11T09:43:04","slug":"bibliografia","status":"publish","type":"page","link":"https:\/\/blogs.ua.es\/cienciaytecnologiadelxvi\/bibliografia\/","title":{"rendered":"Bibliograf\u00eda"},"content":{"rendered":"<p>\u00a1Hola!<\/p>\n<p>Aqu\u00ed os dejo la bibliograf\u00eda que he consultado y utilizado para hacer este blog. Ir\u00e9 ampli\u00e1ndolo conforme vaya haciendo las diferentes entradas del blog.<\/p>\n<p>\u00a1Un Saludo!<\/p>\n<h1><strong><span style=\"color: #800080\">BIBLIOGRAF\u00cdA<\/span>:<\/strong><\/h1>\n<p>&#8211; CROMBIE A.C. <em>Historia de la Ciencia: De San Agust\u00edn a Galileo\/2. Siglos XIII-XVII<\/em>. Alianza Universidad. Madrid 1980.<\/p>\n<p>&#8211; DAMPIER, WILLIAM CECIL. <em>Historia de la ciencia y sus relaciones con la filosof\u00eda y la religi\u00f3n<\/em>. Ed Tecnos. Madrid 1997.<\/p>\n<p>-SOL\u00cdS, CARLOS y SELL\u00c9S, MANUEL. <em>Gu\u00eda para el estudio de la Historia de la Ciencia<\/em>. Ed Uned. Madrid 1996.<\/p>\n<p>&#8211; <em>Dise\u00f1os Anat\u00f3micos de Leonardo da Vinci<\/em>. Ed Bencard.<\/p>\n<p>&#8211; KOYR\u00c9, ALEXANDRE. <em>Estudios Galileanos<\/em>. Siglos XXI Editores S. A. Madrid. 1980.<\/p>\n<p>&#8211;<a href=\"http:\/\/www.artehistoria.jcyl.es\/\" target=\"_blank\">www.artehistoria.com<\/a><\/p>\n","protected":false},"excerpt":{"rendered":"<p>\u00a1Hola! Aqu\u00ed os dejo la bibliograf\u00eda que he consultado y utilizado para hacer este blog. Ir\u00e9 ampli\u00e1ndolo conforme vaya haciendo las diferentes entradas del blog. \u00a1Un Saludo! BIBLIOGRAF\u00cdA: &#8211; CROMBIE A.C. Historia de la Ciencia: De San Agust\u00edn a Galileo\/2. Siglos XIII-XVII. Alianza Universidad. Madrid 1980. &#8211; DAMPIER, WILLIAM CECIL. Historia de la ciencia y [&hellip;]<\/p>\n","protected":false},"author":2734,"featured_media":0,"parent":0,"menu_order":0,"comment_status":"open","ping_status":"open","template":"","meta":{"footnotes":""},"class_list":["post-55","page","type-page","status-publish","hentry"],"_links":{"self":[{"href":"https:\/\/blogs.ua.es\/cienciaytecnologiadelxvi\/wp-json\/wp\/v2\/pages\/55","targetHints":{"allow":["GET"]}}],"collection":[{"href":"https:\/\/blogs.ua.es\/cienciaytecnologiadelxvi\/wp-json\/wp\/v2\/pages"}],"about":[{"href":"https:\/\/blogs.ua.es\/cienciaytecnologiadelxvi\/wp-json\/wp\/v2\/types\/page"}],"author":[{"embeddable":true,"href":"https:\/\/blogs.ua.es\/cienciaytecnologiadelxvi\/wp-json\/wp\/v2\/users\/2734"}],"replies":[{"embeddable":true,"href":"https:\/\/blogs.ua.es\/cienciaytecnologiadelxvi\/wp-json\/wp\/v2\/comments?post=55"}],"version-history":[{"count":6,"href":"https:\/\/blogs.ua.es\/cienciaytecnologiadelxvi\/wp-json\/wp\/v2\/pages\/55\/revisions"}],"predecessor-version":[{"id":112,"href":"https:\/\/blogs.ua.es\/cienciaytecnologiadelxvi\/wp-json\/wp\/v2\/pages\/55\/revisions\/112"}],"wp:attachment":[{"href":"https:\/\/blogs.ua.es\/cienciaytecnologiadelxvi\/wp-json\/wp\/v2\/media?parent=55"}],"curies":[{"name":"wp","href":"https:\/\/api.w.org\/{rel}","templated":true}]}}