{"id":2,"date":"-0001-11-30T00:00:00","date_gmt":"2012-10-01T16:43:46","guid":{"rendered":"https:\/\/blogs.ua.es\/cienciaytecnologiasigloxvi\/?page_id=2"},"modified":"2013-01-19T00:38:28","modified_gmt":"2013-01-19T00:38:28","slug":"pagina-ejemplo","status":"publish","type":"page","link":"https:\/\/blogs.ua.es\/cienciaytecnologiasigloxvi\/pagina-ejemplo\/","title":{"rendered":"Presentaci\u00f3n"},"content":{"rendered":"<p>Hola todos!<\/p>\n<p>Bienvenidos a este blog de la asignatura de\u00a0<strong>Historia Moderna\u00a0de Espa\u00f1a<\/strong>\u00a0.<\/p>\n<p>Soy Peiqi, Wang. \u00a0Estudiante de intercambio de la UA. \u00a0Soy estudiante de la Universidad de Estudios Extranjeros de Guangdong. Estudiaba filolog\u00eda hisp\u00e1nica en China.<\/p>\n<p>Pensaba que muchos paises hablan espa\u00f1ol, y hemos estudiado ingl\u00e9s desde la escuela primaria. Entonces si puedo dominar espa\u00f1ol podr\u00eda comunicarme con todo el mundo. \u00a0Por eso he elegido espa\u00f1ol como mi carrera. Adem\u00e1s, me interesa much\u00edsima la cultura. Pienso que la asignatura que he elegido sobre la historia me ayuda mucho para conocer m\u00e1s el pa\u00eds y toda Europa. ( Lo que m\u00e1s me influy\u00f3 es la historia de una autora china, San Mao, que se cas\u00f3 con un espa\u00f1ol y tuvieron una vida muy feliz.)<\/p>\n<p>Mi blog trata del tema de <strong>Ciencia y tecnolog\u00eda del siglo XVI<\/strong>. \u00bfOs interesa los inventos novedosos? \u00bfQu\u00e9 es un astrolabio? Quereis saber la historia de un telescopio? Pues entramos en el mundo de ciencia y tecnolog\u00eda! Aqu\u00ed aprenderemos mucho!<\/p>\n<p>Atrav\u00e9s de este blog, no s\u00f3lo conocemos la ciencia y tecnolog\u00eda en el siglo XVI, sino tambi\u00e9n la historia y esp\u00edritu de estudiar y explorar en nuevo campo los cient\u00edficos.<\/p>\n<p>\u00a1Espero que este blog os ayude en ampliar el conocimiento!<\/p>\n<p>&nbsp;<\/p>\n","protected":false},"excerpt":{"rendered":"<p>Hola todos! Bienvenidos a este blog de la asignatura de\u00a0Historia Moderna\u00a0de Espa\u00f1a\u00a0. Soy Peiqi, Wang. \u00a0Estudiante de intercambio de la UA. \u00a0Soy estudiante de la Universidad de Estudios Extranjeros de Guangdong. Estudiaba filolog\u00eda hisp\u00e1nica en China. Pensaba que muchos paises hablan espa\u00f1ol, y hemos estudiado ingl\u00e9s desde la escuela primaria. Entonces si puedo dominar espa\u00f1ol [&hellip;]<\/p>\n","protected":false},"author":2741,"featured_media":0,"parent":0,"menu_order":0,"comment_status":"open","ping_status":"open","template":"","meta":{"footnotes":""},"class_list":["post-2","page","type-page","status-publish","hentry"],"_links":{"self":[{"href":"https:\/\/blogs.ua.es\/cienciaytecnologiasigloxvi\/wp-json\/wp\/v2\/pages\/2","targetHints":{"allow":["GET"]}}],"collection":[{"href":"https:\/\/blogs.ua.es\/cienciaytecnologiasigloxvi\/wp-json\/wp\/v2\/pages"}],"about":[{"href":"https:\/\/blogs.ua.es\/cienciaytecnologiasigloxvi\/wp-json\/wp\/v2\/types\/page"}],"author":[{"embeddable":true,"href":"https:\/\/blogs.ua.es\/cienciaytecnologiasigloxvi\/wp-json\/wp\/v2\/users\/2741"}],"replies":[{"embeddable":true,"href":"https:\/\/blogs.ua.es\/cienciaytecnologiasigloxvi\/wp-json\/wp\/v2\/comments?post=2"}],"version-history":[{"count":11,"href":"https:\/\/blogs.ua.es\/cienciaytecnologiasigloxvi\/wp-json\/wp\/v2\/pages\/2\/revisions"}],"predecessor-version":[{"id":298,"href":"https:\/\/blogs.ua.es\/cienciaytecnologiasigloxvi\/wp-json\/wp\/v2\/pages\/2\/revisions\/298"}],"wp:attachment":[{"href":"https:\/\/blogs.ua.es\/cienciaytecnologiasigloxvi\/wp-json\/wp\/v2\/media?parent=2"}],"curies":[{"name":"wp","href":"https:\/\/api.w.org\/{rel}","templated":true}]}}