{"id":31,"date":"2012-12-12T16:14:21","date_gmt":"2012-12-12T16:14:21","guid":{"rendered":"https:\/\/blogs.ua.es\/cienciaytecnologiasigloxvi\/?page_id=31"},"modified":"2013-01-19T00:36:49","modified_gmt":"2013-01-19T00:36:49","slug":"botanica","status":"publish","type":"page","link":"https:\/\/blogs.ua.es\/cienciaytecnologiasigloxvi\/botanica\/","title":{"rendered":"Indroducci\u00f3n general"},"content":{"rendered":"<p>Entre el siglo XVI numerosos\u00a0cient\u00edficos\u00a0e intelectuales mantuvieron una visi\u00f3n optimista del futuro de la humanidad.\u00a0Pensaban que el desarrollo econ\u00f3mico y social que produc\u00eda la tecnociencia, podr\u00eda mejorar las condiciones de vida en todo el mundo.<\/p>\n<p>C\u00f3mo las ciencias y tecnolog\u00eda est\u00e1n en un proceso, no existan en s\u00f3lo un siglo ni siguiera se trata de s\u00f3lo un pa\u00eds, as\u00ed que tenemos que conocer m\u00e1s. \u00a0Entonces este blog \u00a0incluye cosas de tiempo m\u00e1s amplio.\u00a0Sobre todo los inventos geniales de esta \u00e9poca, son m\u00e1s mencionados y m\u00e1s interesantes en este blog.<\/p>\n<p>Lo que he hecho es sobre estos campos<\/p>\n<ul>\n<li><a title=\"Ver todas las entradas archivadas en Astronom\u00eda\" href=\"https:\/\/blogs.ua.es\/cienciaytecnologiasigloxvi\/category\/astronomia\/\">Astronom\u00eda<\/a><\/li>\n<li><a title=\"Ver todas las entradas archivadas en Bot\u00e1nica\" href=\"https:\/\/blogs.ua.es\/cienciaytecnologiasigloxvi\/category\/sociedad\/\">Bot\u00e1nica<\/a><\/li>\n<li><a title=\"Ver todas las entradas archivadas en Biolog\u00eda\" href=\"https:\/\/blogs.ua.es\/cienciaytecnologiasigloxvi\/category\/botanica\/\">Biolog\u00eda<\/a><\/li>\n<li><a title=\"Ver todas las entradas archivadas en Cient\u00edficos\" href=\"https:\/\/blogs.ua.es\/cienciaytecnologiasigloxvi\/category\/cientificos-2\/\">Cient\u00edficos<\/a><\/li>\n<li><a title=\"Ver todas las entradas archivadas en Filosof\u00eda cient\u00edfica\" href=\"https:\/\/blogs.ua.es\/cienciaytecnologiasigloxvi\/category\/filosofia-cientifica\/\">Filosof\u00eda cient\u00edfica<\/a><\/li>\n<li><a title=\"Ver todas las entradas archivadas en Mec\u00e1nica\" href=\"https:\/\/blogs.ua.es\/cienciaytecnologiasigloxvi\/category\/mecanica\/\">Mec\u00e1nica<\/a><\/li>\n<li><a title=\"Ver todas las entradas archivadas en Medicina\" href=\"https:\/\/blogs.ua.es\/cienciaytecnologiasigloxvi\/category\/medicina\/\">Medicina<\/a><\/li>\n<li><a title=\"Ver todas las entradas archivadas en T\u00e9cnica\" href=\"https:\/\/blogs.ua.es\/cienciaytecnologiasigloxvi\/category\/tecnica\/\">T\u00e9cnica<\/a><\/li>\n<\/ul>\n","protected":false},"excerpt":{"rendered":"<p>Entre el siglo XVI numerosos\u00a0cient\u00edficos\u00a0e intelectuales mantuvieron una visi\u00f3n optimista del futuro de la humanidad.\u00a0Pensaban que el desarrollo econ\u00f3mico y social que produc\u00eda la tecnociencia, podr\u00eda mejorar las condiciones de vida en todo el mundo. C\u00f3mo las ciencias y tecnolog\u00eda est\u00e1n en un proceso, no existan en s\u00f3lo un siglo ni siguiera se trata de [&hellip;]<\/p>\n","protected":false},"author":2741,"featured_media":0,"parent":0,"menu_order":0,"comment_status":"open","ping_status":"open","template":"","meta":{"footnotes":""},"class_list":["post-31","page","type-page","status-publish","hentry"],"_links":{"self":[{"href":"https:\/\/blogs.ua.es\/cienciaytecnologiasigloxvi\/wp-json\/wp\/v2\/pages\/31","targetHints":{"allow":["GET"]}}],"collection":[{"href":"https:\/\/blogs.ua.es\/cienciaytecnologiasigloxvi\/wp-json\/wp\/v2\/pages"}],"about":[{"href":"https:\/\/blogs.ua.es\/cienciaytecnologiasigloxvi\/wp-json\/wp\/v2\/types\/page"}],"author":[{"embeddable":true,"href":"https:\/\/blogs.ua.es\/cienciaytecnologiasigloxvi\/wp-json\/wp\/v2\/users\/2741"}],"replies":[{"embeddable":true,"href":"https:\/\/blogs.ua.es\/cienciaytecnologiasigloxvi\/wp-json\/wp\/v2\/comments?post=31"}],"version-history":[{"count":9,"href":"https:\/\/blogs.ua.es\/cienciaytecnologiasigloxvi\/wp-json\/wp\/v2\/pages\/31\/revisions"}],"predecessor-version":[{"id":295,"href":"https:\/\/blogs.ua.es\/cienciaytecnologiasigloxvi\/wp-json\/wp\/v2\/pages\/31\/revisions\/295"}],"wp:attachment":[{"href":"https:\/\/blogs.ua.es\/cienciaytecnologiasigloxvi\/wp-json\/wp\/v2\/media?parent=31"}],"curies":[{"name":"wp","href":"https:\/\/api.w.org\/{rel}","templated":true}]}}