{"id":49,"date":"2012-12-12T16:47:15","date_gmt":"2012-12-12T16:47:15","guid":{"rendered":"https:\/\/blogs.ua.es\/cienciaytecnologiasigloxvi\/?page_id=49"},"modified":"2013-01-18T13:45:05","modified_gmt":"2013-01-18T13:45:05","slug":"cronologia","status":"publish","type":"page","link":"https:\/\/blogs.ua.es\/cienciaytecnologiasigloxvi\/cronologia\/","title":{"rendered":"Cronolog\u00eda"},"content":{"rendered":"<p>En 1543, la obra maestra de Cop\u00e9rnico, <em>Sobre las revoluciones de las esferas celestes<\/em>, fue publicada p\u00f3stumamente por\u00a0Andreas Osiander.<\/p>\n<p>En 1570, Abraham Ortelius public\u00f3\u00a0<em>Theatrum Orbis Terrarum<\/em><strong>, <\/strong>su obra de cartograf\u00eda.<\/p>\n<p>En 1590, Juan Roget\u00a0invent\u00f3 el Telescopio.<\/p>\n<p>En 1590, Jansen invent\u00f3 el microscopio.<\/p>\n<p>En 1592, Galileo Galilei, invent\u00f3 el term\u00f3metro.<\/p>\n<p>En 1609 Galileo construy\u00f3 su telescopio de nueve aumentos.<\/p>\n<p>Hacia 1610, Galileo construy\u00f3 su microscopio.<\/p>\n<p>En 1612, Santorre Santorio introdujo una graduaci\u00f3n num\u00e9rica al term\u00f3metro de Galileo y le dio un uso medicinal<\/p>\n<p>En 1628,\u00a0el peque\u00f1o tratado de Harvey\u00a0<em>Sobre el Movimiento del Coraz\u00f3n<\/em>\u00a0y la Sangre publicado.<\/p>\n<p>En 1641, Galileo dise\u00f1\u00f3 el reloj de p\u00e9ndulo.<\/p>\n<p>En 1660 y 1665, las primeras publicaciones importantes en el campo de la microscopia aparecen.<\/p>\n<p>En 1714, Gabriel Fahrenheit, crea el primer term\u00f3metro a base de mercurio.<\/p>\n<p>&nbsp;<\/p>\n<p>A mediados del siglo XVII,\u00a0<a href=\"http:\/\/personales.mundivia.es\/mggalvez\/antony.htm\">Leenwenhoek<\/a>, utilizando microscopios simples de fabricaci\u00f3n propia describi\u00f3 por primera vez protozoos.<\/p>\n","protected":false},"excerpt":{"rendered":"<p>En 1543, la obra maestra de Cop\u00e9rnico, Sobre las revoluciones de las esferas celestes, fue publicada p\u00f3stumamente por\u00a0Andreas Osiander. En 1570, Abraham Ortelius public\u00f3\u00a0Theatrum Orbis Terrarum, su obra de cartograf\u00eda. En 1590, Juan Roget\u00a0invent\u00f3 el Telescopio. En 1590, Jansen invent\u00f3 el microscopio. En 1592, Galileo Galilei, invent\u00f3 el term\u00f3metro. En 1609 Galileo construy\u00f3 su telescopio [&hellip;]<\/p>\n","protected":false},"author":2741,"featured_media":0,"parent":0,"menu_order":0,"comment_status":"open","ping_status":"open","template":"","meta":{"footnotes":""},"class_list":["post-49","page","type-page","status-publish","hentry"],"_links":{"self":[{"href":"https:\/\/blogs.ua.es\/cienciaytecnologiasigloxvi\/wp-json\/wp\/v2\/pages\/49","targetHints":{"allow":["GET"]}}],"collection":[{"href":"https:\/\/blogs.ua.es\/cienciaytecnologiasigloxvi\/wp-json\/wp\/v2\/pages"}],"about":[{"href":"https:\/\/blogs.ua.es\/cienciaytecnologiasigloxvi\/wp-json\/wp\/v2\/types\/page"}],"author":[{"embeddable":true,"href":"https:\/\/blogs.ua.es\/cienciaytecnologiasigloxvi\/wp-json\/wp\/v2\/users\/2741"}],"replies":[{"embeddable":true,"href":"https:\/\/blogs.ua.es\/cienciaytecnologiasigloxvi\/wp-json\/wp\/v2\/comments?post=49"}],"version-history":[{"count":3,"href":"https:\/\/blogs.ua.es\/cienciaytecnologiasigloxvi\/wp-json\/wp\/v2\/pages\/49\/revisions"}],"predecessor-version":[{"id":195,"href":"https:\/\/blogs.ua.es\/cienciaytecnologiasigloxvi\/wp-json\/wp\/v2\/pages\/49\/revisions\/195"}],"wp:attachment":[{"href":"https:\/\/blogs.ua.es\/cienciaytecnologiasigloxvi\/wp-json\/wp\/v2\/media?parent=49"}],"curies":[{"name":"wp","href":"https:\/\/api.w.org\/{rel}","templated":true}]}}