{"id":149,"date":"2014-05-26T12:27:44","date_gmt":"2014-05-26T12:27:44","guid":{"rendered":"https:\/\/blogs.ua.es\/cinealicante\/?page_id=149"},"modified":"2014-05-26T16:16:23","modified_gmt":"2014-05-26T16:16:23","slug":"presentacion-3","status":"publish","type":"page","link":"https:\/\/blogs.ua.es\/cinealicante\/presentacion-3","title":{"rendered":"1 Presentacion"},"content":{"rendered":"<p>Soy Daniel Aniorte Ba\u00f1os, alumno en la Universidad de Alicante,curso 2\u00bagrado de historia en la asignatura Archivos y documentos:tradici\u00f3n escrita y renovaci\u00f3n.<\/p>\n<p>Usar\u00e9 este blog, ya utilizado en primero para otra materia, esta vez con el fin de crear una serie de entradas para explicar lo acontecido en las actas de Agost durante los a\u00f1os 1939 y 1940, y as\u00ed intentar vislumbrar el gran cambio que se efectu\u00f3 de la segunda rep\u00fablica a la dictadura Franquista.<\/p>\n<p>En este trabajo se intenta, sobre todo, apreciar el gran cambio que sufrieron los archivos de los pueblos espa\u00f1oles , evidentemente este cambio fue mucho m\u00e1s significativo en pueblos grandes como San Vicente, y en ciudades como Alicante o Elche, por el contrario, en municipios peque\u00f1os como Agost, del cual me encargo yo, existe un n\u00famero de actas bastante menor obviamente, y de m\u00e1s dif\u00edcil acceso, por lo que a pesar de las trabas intentare realizar una buena s\u00edntesis de lo acontecido durante estos a\u00f1os.<\/p>\n","protected":false},"excerpt":{"rendered":"<p>Soy Daniel Aniorte Ba\u00f1os, alumno en la Universidad de Alicante,curso 2\u00bagrado de historia en la asignatura Archivos y documentos:tradici\u00f3n escrita y renovaci\u00f3n. Usar\u00e9 este blog, ya utilizado en primero para otra materia, esta vez con el fin de crear una serie de entradas para explicar lo acontecido en las actas de Agost durante los a\u00f1os [&hellip;]<\/p>\n","protected":false},"author":2394,"featured_media":0,"parent":0,"menu_order":0,"comment_status":"open","ping_status":"open","template":"","meta":{"footnotes":""},"class_list":["post-149","page","type-page","status-publish","hentry"],"_links":{"self":[{"href":"https:\/\/blogs.ua.es\/cinealicante\/wp-json\/wp\/v2\/pages\/149","targetHints":{"allow":["GET"]}}],"collection":[{"href":"https:\/\/blogs.ua.es\/cinealicante\/wp-json\/wp\/v2\/pages"}],"about":[{"href":"https:\/\/blogs.ua.es\/cinealicante\/wp-json\/wp\/v2\/types\/page"}],"author":[{"embeddable":true,"href":"https:\/\/blogs.ua.es\/cinealicante\/wp-json\/wp\/v2\/users\/2394"}],"replies":[{"embeddable":true,"href":"https:\/\/blogs.ua.es\/cinealicante\/wp-json\/wp\/v2\/comments?post=149"}],"version-history":[{"count":3,"href":"https:\/\/blogs.ua.es\/cinealicante\/wp-json\/wp\/v2\/pages\/149\/revisions"}],"predecessor-version":[{"id":169,"href":"https:\/\/blogs.ua.es\/cinealicante\/wp-json\/wp\/v2\/pages\/149\/revisions\/169"}],"wp:attachment":[{"href":"https:\/\/blogs.ua.es\/cinealicante\/wp-json\/wp\/v2\/media?parent=149"}],"curies":[{"name":"wp","href":"https:\/\/api.w.org\/{rel}","templated":true}]}}