{"id":157,"date":"2014-05-26T16:07:01","date_gmt":"2014-05-26T16:07:01","guid":{"rendered":"https:\/\/blogs.ua.es\/cinealicante\/?page_id=157"},"modified":"2014-05-26T16:48:49","modified_gmt":"2014-05-26T16:48:49","slug":"metodologia-2","status":"publish","type":"page","link":"https:\/\/blogs.ua.es\/cinealicante\/metodologia-2","title":{"rendered":"2 Historia"},"content":{"rendered":"<p>Agost, debido a su reducido tama\u00f1o y a que nunca ha albergado acontecimientos de importancia, es un municipio que no posee demasiada bibliograf\u00eda especializada, por eso debo recurrir a la p\u00e1gina del ayuntamiento, la fuente m\u00e1s fiable sobre el tema y as\u00ed evitar embarcarme en un trabajo de investigaci\u00f3n arduo.<\/p>\n<p>Aun as\u00ed, Agost es uno de los pueblos m\u00e1s antiguos de toda la zona, ya que se tienen pruebas de que fue habitado durante la \u00e9poca \u00edbera (parece ser que su nombre era Icosia) y esta demostrado que durante la \u00e9poca romana era un lugar habitual de paso para los que iban a urbes m\u00e1s grandes como Illice o Lucentum (Elche y Alicante)<\/p>\n<p>Para no entrar demasiado en materia, paso a hablar de la edad Contempor\u00e1nea en el pueblo, durante la primera mitad del siglo XIX, Espa\u00f1a vivi\u00f3 \u00a0una \u00e9poca de represi\u00f3n total, la mayor\u00eda de los liberales reconocidos estaban fuera de Espa\u00f1a, por lo que, para intentar encontrar a otras personas con las mismas ideas, los hermanos Fern\u00e1ndez Baz\u00e1n, liberales en secreto, iniciaron una b\u00fasqueda por todos los pueblos de Alicante con el objetivo de encontrar peque\u00f1os n\u00facleos liberales para unirlos a su causa. Cuando esto fue descubierto por los realistas, les persiguieron por las monta\u00f1as que rodean a la poblaci\u00f3n de Agost hasta que fueron capturados y fusilados, poniendo fin a esta iniciativa.<\/p>\n<p>Seg\u00fan datos, durante esta \u00e9poca, en Agost exist\u00edan 2425 habitantes, la mayor\u00eda de ellos dedicados especialmente a la alfarer\u00eda o a la fabricaci\u00f3n de elemenos utilizados para la construcci\u00f3n tales como ladrillos. Tambi\u00e9n es reconocido por su importancia en el cultivo de la vid desde muchos siglos atr\u00e1s.<\/p>\n<p>En el siglo XX la poblaci\u00f3n era ya de 3152 habitantes, a pesar de esta evoluci\u00f3n, la industria sigue siendo la de anta\u00f1o, ladrillos, botijos, c\u00e1ntaros, todo lo que pueda fabricarse con arcilla que, si no lo he mencionado lo hago ahora, es la gran riqueza de este pueblo, ya que a su alrededor existieron grandes yacimientos de este material, utilizado desde hace muchos siglos, es m\u00e1s, se cree que fue la raz\u00f3n principal por la cual los musulmanes dieron cierta importancia a Agost durante el periodo de dominio isl\u00e1mico en la pen\u00ednsula.<\/p>\n<p>Quiero destacar que he realizado una peque\u00f1a b\u00fasqueda, y adem\u00e1s de la persecuci\u00f3n liberal, parece no haber ocurrido nada m\u00e1s rese\u00f1able en el \u00e1mbito pol\u00edtico, en todas las p\u00e1ginas visitadas he encontrado un resumen de lo visto en la perteneciente al ayuntamiento de Agost, en donde se habla de poblaci\u00f3n e industria alfarera, por lo que considero que he puesto informaci\u00f3n suficiente en este apartado.<\/p>\n<p>&nbsp;<\/p>\n<p><em>Ajuntament d\u00b4Agost: Resumen hist\u00f3rico de Agost<\/em>[en linea]<em>.\u00a0<\/em>Ayuntamiento de Agost. 2003 [consulta: 20 de Mayo 2014] Disponible en:\u00a0http:\/\/www.agost.es\/historia.asp?lng=0&amp;op=1<\/p>\n","protected":false},"excerpt":{"rendered":"<p>Agost, debido a su reducido tama\u00f1o y a que nunca ha albergado acontecimientos de importancia, es un municipio que no posee demasiada bibliograf\u00eda especializada, por eso debo recurrir a la p\u00e1gina del ayuntamiento, la fuente m\u00e1s fiable sobre el tema y as\u00ed evitar embarcarme en un trabajo de investigaci\u00f3n arduo. Aun as\u00ed, Agost es uno [&hellip;]<\/p>\n","protected":false},"author":2394,"featured_media":0,"parent":0,"menu_order":0,"comment_status":"open","ping_status":"open","template":"","meta":{"footnotes":""},"class_list":["post-157","page","type-page","status-publish","hentry"],"_links":{"self":[{"href":"https:\/\/blogs.ua.es\/cinealicante\/wp-json\/wp\/v2\/pages\/157","targetHints":{"allow":["GET"]}}],"collection":[{"href":"https:\/\/blogs.ua.es\/cinealicante\/wp-json\/wp\/v2\/pages"}],"about":[{"href":"https:\/\/blogs.ua.es\/cinealicante\/wp-json\/wp\/v2\/types\/page"}],"author":[{"embeddable":true,"href":"https:\/\/blogs.ua.es\/cinealicante\/wp-json\/wp\/v2\/users\/2394"}],"replies":[{"embeddable":true,"href":"https:\/\/blogs.ua.es\/cinealicante\/wp-json\/wp\/v2\/comments?post=157"}],"version-history":[{"count":6,"href":"https:\/\/blogs.ua.es\/cinealicante\/wp-json\/wp\/v2\/pages\/157\/revisions"}],"predecessor-version":[{"id":172,"href":"https:\/\/blogs.ua.es\/cinealicante\/wp-json\/wp\/v2\/pages\/157\/revisions\/172"}],"wp:attachment":[{"href":"https:\/\/blogs.ua.es\/cinealicante\/wp-json\/wp\/v2\/media?parent=157"}],"curies":[{"name":"wp","href":"https:\/\/api.w.org\/{rel}","templated":true}]}}