{"id":159,"date":"2014-05-26T16:07:10","date_gmt":"2014-05-26T16:07:10","guid":{"rendered":"https:\/\/blogs.ua.es\/cinealicante\/?page_id=159"},"modified":"2014-06-02T09:59:27","modified_gmt":"2014-06-02T09:59:27","slug":"valoracion","status":"publish","type":"page","link":"https:\/\/blogs.ua.es\/cinealicante\/valoracion","title":{"rendered":"4 Valoraci\u00f3n"},"content":{"rendered":"<p>El trabajo en general me parece un poco laborioso, aunque f\u00e1cil de realizar, por un lado, evidentemente todos querr\u00edamos un trabajo que se haga en una ma\u00f1ana, y se acab\u00f3, pero este trabajo exige dedicaci\u00f3n, hacerlo desde varios d\u00edas atr\u00e1s, tenerlo todo preparado, y adem\u00e1s un esfuerzo extra ya que se trata de un blog que puede ser visionado por cualquier persona, no s\u00f3lo por el profesor, lo que exige poner m\u00e1s atenci\u00f3n en lo que se hace.<\/p>\n<p>En suma me ha gustado el planteamiento de la actividad ya que hemos tenido que aprender a movernos por los archivos, a preguntar y a saber que buscamos, en especial los municipios peque\u00f1os con alguna dificultad para tener a mano siempre los documentos de archivo. Por lo que me ha gustado, es un trabajo accesible para todos, pero \u00a0que necesita dedicaci\u00f3n, no se puede realizar en un d\u00eda.<\/p>\n<p>Como parte negativa del trabajo, el excesivo esfuerzo, se de algunas personas que han tenido que irse a pueblos bastante alejados ya que les han tocado esas localidades, en otros casos, gente con m\u00e1s de 100 p\u00e1ginas de actas, en su mayor\u00eda de datos irrelevantes en el objetivo del trabajo, la transici\u00f3n archiv\u00edstica con la implantaci\u00f3n de la dictadura en Espa\u00f1a. En mi caso he tenido poca informaci\u00f3n del 1940 esencialmente por razones desconocidas para los que llevan el tema archiv\u00edstico en Agost. En este pueblo, las actas est\u00e1n recogidas de manera bastante somera, repitiendo los datos y reiter\u00e1ndose mucho en cada peque\u00f1o detalle, en cambio, parece que tengan pocos detalles ya que hay apenas una sesi\u00f3n por mes, a veces dos, y en muchos casos asiste poca gente a estas. Finalmente del a\u00f1o 1940 \u00fanicamente exist\u00edan actas hasta Febrero, mis intentos de b\u00fasqueda fueron infructuosos ya que el siguiente libro de actas pasaba a Agosto del a\u00f1o 1942, adem\u00e1s de que en los libros de actas de 1939-40 faltaban muchas actas (o eso, o estaba muy espaciado en el tiempo, ya que pasa de junio a octubre), adem\u00e1s del mal estado de las p\u00e1ginas y la falta de informaci\u00f3n general respecto a Agost, todo esto ha contribuido a complicarme bastante el trabajo que, aunque corto en cuanto al n\u00famero de p\u00e1ginas (alrededor de 30) se me ha hecho muy cuesta arriba.<\/p>\n<p>&nbsp;<\/p>\n","protected":false},"excerpt":{"rendered":"<p>El trabajo en general me parece un poco laborioso, aunque f\u00e1cil de realizar, por un lado, evidentemente todos querr\u00edamos un trabajo que se haga en una ma\u00f1ana, y se acab\u00f3, pero este trabajo exige dedicaci\u00f3n, hacerlo desde varios d\u00edas atr\u00e1s, tenerlo todo preparado, y adem\u00e1s un esfuerzo extra ya que se trata de un blog [&hellip;]<\/p>\n","protected":false},"author":2394,"featured_media":0,"parent":0,"menu_order":0,"comment_status":"open","ping_status":"open","template":"","meta":{"footnotes":""},"class_list":["post-159","page","type-page","status-publish","hentry"],"_links":{"self":[{"href":"https:\/\/blogs.ua.es\/cinealicante\/wp-json\/wp\/v2\/pages\/159","targetHints":{"allow":["GET"]}}],"collection":[{"href":"https:\/\/blogs.ua.es\/cinealicante\/wp-json\/wp\/v2\/pages"}],"about":[{"href":"https:\/\/blogs.ua.es\/cinealicante\/wp-json\/wp\/v2\/types\/page"}],"author":[{"embeddable":true,"href":"https:\/\/blogs.ua.es\/cinealicante\/wp-json\/wp\/v2\/users\/2394"}],"replies":[{"embeddable":true,"href":"https:\/\/blogs.ua.es\/cinealicante\/wp-json\/wp\/v2\/comments?post=159"}],"version-history":[{"count":6,"href":"https:\/\/blogs.ua.es\/cinealicante\/wp-json\/wp\/v2\/pages\/159\/revisions"}],"predecessor-version":[{"id":249,"href":"https:\/\/blogs.ua.es\/cinealicante\/wp-json\/wp\/v2\/pages\/159\/revisions\/249"}],"wp:attachment":[{"href":"https:\/\/blogs.ua.es\/cinealicante\/wp-json\/wp\/v2\/media?parent=159"}],"curies":[{"name":"wp","href":"https:\/\/api.w.org\/{rel}","templated":true}]}}