{"id":60,"date":"2013-01-26T17:36:22","date_gmt":"2013-01-26T17:36:22","guid":{"rendered":"https:\/\/blogs.ua.es\/ciriloamoros\/?page_id=60"},"modified":"2013-01-26T22:52:33","modified_gmt":"2013-01-26T22:52:33","slug":"valoracion","status":"publish","type":"page","link":"https:\/\/blogs.ua.es\/ciriloamoros\/valoracion\/","title":{"rendered":"Valoraci\u00f3n"},"content":{"rendered":"<p>Pese a los problemas obtenidos por la poca variedad de informaci\u00f3n que se nos presenta, hemos podido hacer correctamente el blog.<\/p>\n<p>En cuanto el profesor nos expuso nuestro tema ninguna de nosotras ten\u00eda idea de qui\u00e9n se trataba, pues no es que sea muy conocido por la juventud. Aunque seg\u00fan hemos ido trat\u00e1ndolo, hemos comprendido que fue una persona verdaderamente importante para la ciudad de Valencia, pues esta lo mantiene en su recuerdo.<\/p>\n<p>A ambas componentes del grupo nos ha agradado trabajarlo pues nos gusta bastante la \u00e9poca en la que vivi\u00f3 por los enormes cambios en la sociedad. Adem\u00e1s hemos aprendido que fue importante en cuanto al famoso ensanche de la ciudad, tema que hemos estudiado en la asignatura de Geograf\u00eda Humana.<\/p>\n<p>En general es un tema representativo el cual lo hemos representado de la mejor forma posible con alg\u00fan v\u00eddeo que muestra lo importante que es esta persona para la ciudad de Valencia.<\/p>\n<p>Esperamos que haya sido de vuestro agrado.<\/p>\n","protected":false},"excerpt":{"rendered":"<p>Pese a los problemas obtenidos por la poca variedad de informaci\u00f3n que se nos presenta, hemos podido hacer correctamente el blog. En cuanto el profesor nos expuso nuestro tema ninguna de nosotras ten\u00eda idea de qui\u00e9n se trataba, pues no &hellip; <a href=\"https:\/\/blogs.ua.es\/ciriloamoros\/valoracion\/\">Continue reading <span class=\"meta-nav\">&rarr;<\/span><\/a><\/p>\n","protected":false},"author":3007,"featured_media":0,"parent":0,"menu_order":0,"comment_status":"open","ping_status":"open","template":"","meta":{"footnotes":""},"class_list":["post-60","page","type-page","status-publish","hentry"],"_links":{"self":[{"href":"https:\/\/blogs.ua.es\/ciriloamoros\/wp-json\/wp\/v2\/pages\/60","targetHints":{"allow":["GET"]}}],"collection":[{"href":"https:\/\/blogs.ua.es\/ciriloamoros\/wp-json\/wp\/v2\/pages"}],"about":[{"href":"https:\/\/blogs.ua.es\/ciriloamoros\/wp-json\/wp\/v2\/types\/page"}],"author":[{"embeddable":true,"href":"https:\/\/blogs.ua.es\/ciriloamoros\/wp-json\/wp\/v2\/users\/3007"}],"replies":[{"embeddable":true,"href":"https:\/\/blogs.ua.es\/ciriloamoros\/wp-json\/wp\/v2\/comments?post=60"}],"version-history":[{"count":5,"href":"https:\/\/blogs.ua.es\/ciriloamoros\/wp-json\/wp\/v2\/pages\/60\/revisions"}],"predecessor-version":[{"id":85,"href":"https:\/\/blogs.ua.es\/ciriloamoros\/wp-json\/wp\/v2\/pages\/60\/revisions\/85"}],"wp:attachment":[{"href":"https:\/\/blogs.ua.es\/ciriloamoros\/wp-json\/wp\/v2\/media?parent=60"}],"curies":[{"name":"wp","href":"https:\/\/api.w.org\/{rel}","templated":true}]}}