{"id":62,"date":"2013-01-26T17:36:35","date_gmt":"2013-01-26T17:36:35","guid":{"rendered":"https:\/\/blogs.ua.es\/ciriloamoros\/?page_id=62"},"modified":"2013-01-26T18:25:19","modified_gmt":"2013-01-26T18:25:19","slug":"fuentes","status":"publish","type":"page","link":"https:\/\/blogs.ua.es\/ciriloamoros\/fuentes\/","title":{"rendered":"Metodolog\u00eda"},"content":{"rendered":"<p>Toda investigaci\u00f3n seria ha de servirse de una metodolog\u00eda determinada. \u00a0En consecuencia, aqu\u00ed desglosamos la nuestra:<\/p>\n<p>Por una parte, hemos buscado informaci\u00f3n en internet sobre nuestro tema, con el fin de documentarnos y conocer qui\u00e9n era y a que se dedicaba nuestro protagonista. Aqu\u00ed hemos encontramos \u00a0un blog de otra persona muy interesante, que muestra un alto contenido de informaci\u00f3n muy detallada sobre el tema .Tras esto, hemos procedido a buscar documentos mediante buscadores en la web. Adem\u00e1s hemos encontrado varia informaci\u00f3n en la biblioteca de la Universidad de Alicante. Una vez toda informaci\u00f3n recopilada nos hemos dispuesto a redactarla lo m\u00e1s compresible posible en el blog.<\/p>\n<p>En cuanto a las referencias seguimos la norma ISO. Los pasos a seguir en las referencias han sido los apuntes \u00a0de la asignatura, que nos han servido de gran ayuda para ralizarlas correctamente.<\/p>\n<p>&nbsp;<\/p>\n","protected":false},"excerpt":{"rendered":"<p>Toda investigaci\u00f3n seria ha de servirse de una metodolog\u00eda determinada. \u00a0En consecuencia, aqu\u00ed desglosamos la nuestra: Por una parte, hemos buscado informaci\u00f3n en internet sobre nuestro tema, con el fin de documentarnos y conocer qui\u00e9n era y a que se &hellip; <a href=\"https:\/\/blogs.ua.es\/ciriloamoros\/fuentes\/\">Continue reading <span class=\"meta-nav\">&rarr;<\/span><\/a><\/p>\n","protected":false},"author":3007,"featured_media":0,"parent":0,"menu_order":0,"comment_status":"open","ping_status":"open","template":"","meta":{"footnotes":""},"class_list":["post-62","page","type-page","status-publish","hentry"],"_links":{"self":[{"href":"https:\/\/blogs.ua.es\/ciriloamoros\/wp-json\/wp\/v2\/pages\/62","targetHints":{"allow":["GET"]}}],"collection":[{"href":"https:\/\/blogs.ua.es\/ciriloamoros\/wp-json\/wp\/v2\/pages"}],"about":[{"href":"https:\/\/blogs.ua.es\/ciriloamoros\/wp-json\/wp\/v2\/types\/page"}],"author":[{"embeddable":true,"href":"https:\/\/blogs.ua.es\/ciriloamoros\/wp-json\/wp\/v2\/users\/3007"}],"replies":[{"embeddable":true,"href":"https:\/\/blogs.ua.es\/ciriloamoros\/wp-json\/wp\/v2\/comments?post=62"}],"version-history":[{"count":5,"href":"https:\/\/blogs.ua.es\/ciriloamoros\/wp-json\/wp\/v2\/pages\/62\/revisions"}],"predecessor-version":[{"id":83,"href":"https:\/\/blogs.ua.es\/ciriloamoros\/wp-json\/wp\/v2\/pages\/62\/revisions\/83"}],"wp:attachment":[{"href":"https:\/\/blogs.ua.es\/ciriloamoros\/wp-json\/wp\/v2\/media?parent=62"}],"curies":[{"name":"wp","href":"https:\/\/api.w.org\/{rel}","templated":true}]}}