{"id":66,"date":"2013-01-26T17:37:10","date_gmt":"2013-01-26T17:37:10","guid":{"rendered":"https:\/\/blogs.ua.es\/ciriloamoros\/?page_id=66"},"modified":"2013-01-26T18:27:57","modified_gmt":"2013-01-26T18:27:57","slug":"metodologia-2","status":"publish","type":"page","link":"https:\/\/blogs.ua.es\/ciriloamoros\/metodologia-2\/","title":{"rendered":"Explicaci\u00f3n"},"content":{"rendered":"<p>Este blog como bien hemos explicado en la presentaci\u00f3n, trata sobre un conocido abogado valenciano como es Cirilo Amor\u00f3s Pastor.<\/p>\n<p>Cirilo naci\u00f3 en Valencia, el d\u00eda 3 de Julio de 1830. Una vez completada su formaci\u00f3n colegial, estudi\u00f3 Derecho en la Universidad de Valencia, gradu\u00e1ndose en la misma en el a\u00f1o 1852. Comienza su actividad laboral como abogado, donde alcanz\u00f3 gran prestigio, compaginando estas actividades con la pol\u00edtica, siendo militante activo del Partido Moderado y llegando a ser Presidente de su Consejo Provincial.<\/p>\n<p>Se involucr\u00f3 bastante con la sociedad valenciana, interviniendo en varios proyectos empresariales y en colaboraciones con la compa\u00f1\u00eda naviera o la del Ferrocarril de Almansa-Valencia. Tambi\u00e9n apoy\u00f3 los nuevos \u00a0proyectos urban\u00edsticos, como la creaci\u00f3n del\u00a0<em>Ensanche<\/em>\u00a0de la ciudad y el asfaltado de las calles de Valencia.<\/p>\n<p>El 27 de febrero de 1887\u00a0fallece en su domicilio del n\u00famero cuarenta y seis de la calle que hoy lleva su nombre en su honor.<\/p>\n<p><img loading=\"lazy\" decoding=\"async\" class=\"alignright\" src=\"http:\/\/fotos.subefotos.com\/1eb0e8a025e3df64f7bf449dd6de500ao.jpg\" alt=\"\" width=\"302\" height=\"194\" \/><\/p>\n<p>&nbsp;<\/p>\n<p><img loading=\"lazy\" decoding=\"async\" class=\"alignleft\" src=\"http:\/\/fotos.subefotos.com\/c34c3421f6318cec0bc7f8e26ab68c0bo.jpg\" alt=\"\" width=\"323\" height=\"205\" \/><\/p>\n","protected":false},"excerpt":{"rendered":"<p>Este blog como bien hemos explicado en la presentaci\u00f3n, trata sobre un conocido abogado valenciano como es Cirilo Amor\u00f3s Pastor. Cirilo naci\u00f3 en Valencia, el d\u00eda 3 de Julio de 1830. Una vez completada su formaci\u00f3n colegial, estudi\u00f3 Derecho en &hellip; <a href=\"https:\/\/blogs.ua.es\/ciriloamoros\/metodologia-2\/\">Continue reading <span class=\"meta-nav\">&rarr;<\/span><\/a><\/p>\n","protected":false},"author":3007,"featured_media":0,"parent":0,"menu_order":0,"comment_status":"open","ping_status":"open","template":"","meta":{"footnotes":""},"class_list":["post-66","page","type-page","status-publish","hentry"],"_links":{"self":[{"href":"https:\/\/blogs.ua.es\/ciriloamoros\/wp-json\/wp\/v2\/pages\/66","targetHints":{"allow":["GET"]}}],"collection":[{"href":"https:\/\/blogs.ua.es\/ciriloamoros\/wp-json\/wp\/v2\/pages"}],"about":[{"href":"https:\/\/blogs.ua.es\/ciriloamoros\/wp-json\/wp\/v2\/types\/page"}],"author":[{"embeddable":true,"href":"https:\/\/blogs.ua.es\/ciriloamoros\/wp-json\/wp\/v2\/users\/3007"}],"replies":[{"embeddable":true,"href":"https:\/\/blogs.ua.es\/ciriloamoros\/wp-json\/wp\/v2\/comments?post=66"}],"version-history":[{"count":9,"href":"https:\/\/blogs.ua.es\/ciriloamoros\/wp-json\/wp\/v2\/pages\/66\/revisions"}],"predecessor-version":[{"id":81,"href":"https:\/\/blogs.ua.es\/ciriloamoros\/wp-json\/wp\/v2\/pages\/66\/revisions\/81"}],"wp:attachment":[{"href":"https:\/\/blogs.ua.es\/ciriloamoros\/wp-json\/wp\/v2\/media?parent=66"}],"curies":[{"name":"wp","href":"https:\/\/api.w.org\/{rel}","templated":true}]}}