{"id":15,"date":"2012-09-26T16:07:25","date_gmt":"2012-09-26T16:07:25","guid":{"rendered":"https:\/\/blogs.ua.es\/ciudadescastellanassigloxvi\/?page_id=15"},"modified":"2013-01-14T09:27:37","modified_gmt":"2013-01-14T09:27:37","slug":"introduccion","status":"publish","type":"page","link":"https:\/\/blogs.ua.es\/ciudadescastellanassigloxvi\/introduccion\/","title":{"rendered":"Introducci\u00f3n"},"content":{"rendered":"<p style=\"text-align: justify\"><span style=\"color: #000000\">La uni\u00f3n din\u00e1stica de los Reyes Cat\u00f3licos fue importante en la historia de Espa\u00f1a. Formaron un estado pol\u00edticamente fuerte. En 1492 Castilla conquista Granada, lo que finaliza la etapa musulmana de la pen\u00ednsula. Este mismo a\u00f1o los jud\u00edos no bautizados fueron expulsados por la ideolog\u00eda de la Inquisici\u00f3n. El siglo XVI, heredero de esta uni\u00f3n, es un siglo en el que \u201cEspa\u00f1a\u201d tiene mucha potencia en Europa y en todo el mundo gracias a los descubrimientos, apogeo cultural y econ\u00f3mico. Carlos V, hijo de Juana la Loca y Felipe el Hermoso, sigue gobernando todo el territorio aunque cuando llega a Castilla es un extranjero (resistencia de los castellanos al principio ya que entre otras cosas no sabe el idioma). Har\u00e1 de Castilla el coraz\u00f3n de su imperio. En 1556, Felipe II hereda del trono por su padre Carlos V.<\/span><\/p>\n<p style=\"text-align: justify\"><span style=\"color: #000000\">En cuanto a la cultura, la literatura, artes y arquitectura fueron importantes. Los lazos familiares de Carlos V, al ser al mismo tiempo rey de Espa\u00f1a y emperador, abren las fronteras hacia Europa. El Renacimiento que viene de Italia tiene mucha importancia durante la primera mitad del siglo, Renacimiento espa\u00f1ol.<\/span><\/p>\n<p style=\"text-align: justify\"><span style=\"color: #000000\">Las ciudades m\u00e1s importantes de este siglo fueron: Sevilla, punto comercial importante en Europa, Toledo, Salamanca y Alcal\u00e1 de Henares por sus universidades\u2026<\/span><\/p>\n<p style=\"text-align: justify\"><a href=\"https:\/\/blogs.ua.es\/ciudadescastellanassigloxvi\/files\/2012\/09\/Ciudades-castellanas-en-el-siglo-XVI.jpg\"><img loading=\"lazy\" decoding=\"async\" class=\"aligncenter size-full wp-image-200\" src=\"https:\/\/blogs.ua.es\/ciudadescastellanassigloxvi\/files\/2012\/09\/Ciudades-castellanas-en-el-siglo-XVI.jpg\" alt=\"\" width=\"1788\" height=\"1192\" srcset=\"https:\/\/blogs.ua.es\/ciudadescastellanassigloxvi\/files\/2012\/09\/Ciudades-castellanas-en-el-siglo-XVI.jpg 1788w, https:\/\/blogs.ua.es\/ciudadescastellanassigloxvi\/files\/2012\/09\/Ciudades-castellanas-en-el-siglo-XVI-300x200.jpg 300w, https:\/\/blogs.ua.es\/ciudadescastellanassigloxvi\/files\/2012\/09\/Ciudades-castellanas-en-el-siglo-XVI-1024x682.jpg 1024w, https:\/\/blogs.ua.es\/ciudadescastellanassigloxvi\/files\/2012\/09\/Ciudades-castellanas-en-el-siglo-XVI-450x300.jpg 450w\" sizes=\"auto, (max-width: 1788px) 100vw, 1788px\" \/><\/a><\/p>\n<p style=\"text-align: justify\"><span style=\"color: #000000\">En este blog hablar\u00e9 de las ciudades que podemos ver en azul en el mapa. No he preparado ruta tur\u00edstica pero ya podemos ver f\u00e1cilmente dos zonas distintas en la Castilla del siglo XVI. En el sur destacar\u00e9 Sevilla, C\u00f3rdoba y Granada muy influidas las tres por la invasi\u00f3n \u00e1rabe. M\u00e1s al centro, se puede empezar el viaje desde Toledo que fue capital en este siglo, pasar por Madrid capital actual de Espa\u00f1a, subir hasta Segovia, volver por \u00c1vila y Salamanca, direcci\u00f3n el norte con Valladolid y Burgos y acabando al oeste con la ciudad aislada y peregrina de Santiago de Compostela (que he a\u00f1adido porque no\u00a0\u00a0ten\u00eda\u00a0representaci\u00f3n en las cortes).<\/span><\/p>\n","protected":false},"excerpt":{"rendered":"<p>La uni\u00f3n din\u00e1stica de los Reyes Cat\u00f3licos fue importante en la historia de Espa\u00f1a. Formaron un estado pol\u00edticamente fuerte. En 1492 Castilla conquista Granada, lo que finaliza la etapa musulmana de la pen\u00ednsula. Este mismo a\u00f1o los jud\u00edos no bautizados &hellip; <a href=\"https:\/\/blogs.ua.es\/ciudadescastellanassigloxvi\/introduccion\/\">Continue reading <span class=\"meta-nav\">&rarr;<\/span><\/a><\/p>\n","protected":false},"author":2762,"featured_media":0,"parent":0,"menu_order":2,"comment_status":"open","ping_status":"closed","template":"","meta":{"footnotes":""},"class_list":["post-15","page","type-page","status-publish","hentry"],"_links":{"self":[{"href":"https:\/\/blogs.ua.es\/ciudadescastellanassigloxvi\/wp-json\/wp\/v2\/pages\/15","targetHints":{"allow":["GET"]}}],"collection":[{"href":"https:\/\/blogs.ua.es\/ciudadescastellanassigloxvi\/wp-json\/wp\/v2\/pages"}],"about":[{"href":"https:\/\/blogs.ua.es\/ciudadescastellanassigloxvi\/wp-json\/wp\/v2\/types\/page"}],"author":[{"embeddable":true,"href":"https:\/\/blogs.ua.es\/ciudadescastellanassigloxvi\/wp-json\/wp\/v2\/users\/2762"}],"replies":[{"embeddable":true,"href":"https:\/\/blogs.ua.es\/ciudadescastellanassigloxvi\/wp-json\/wp\/v2\/comments?post=15"}],"version-history":[{"count":7,"href":"https:\/\/blogs.ua.es\/ciudadescastellanassigloxvi\/wp-json\/wp\/v2\/pages\/15\/revisions"}],"predecessor-version":[{"id":223,"href":"https:\/\/blogs.ua.es\/ciudadescastellanassigloxvi\/wp-json\/wp\/v2\/pages\/15\/revisions\/223"}],"wp:attachment":[{"href":"https:\/\/blogs.ua.es\/ciudadescastellanassigloxvi\/wp-json\/wp\/v2\/media?parent=15"}],"curies":[{"name":"wp","href":"https:\/\/api.w.org\/{rel}","templated":true}]}}