{"id":17,"date":"2012-09-26T16:07:53","date_gmt":"2012-09-26T16:07:53","guid":{"rendered":"https:\/\/blogs.ua.es\/ciudadescastellanassigloxvi\/?page_id=17"},"modified":"2013-01-14T08:37:34","modified_gmt":"2013-01-14T08:37:34","slug":"bibliografia","status":"publish","type":"page","link":"https:\/\/blogs.ua.es\/ciudadescastellanassigloxvi\/bibliografia\/","title":{"rendered":"Bibliograf\u00eda"},"content":{"rendered":"<p><strong><span style=\"color: #000000\">\u00c1vila<\/span><\/strong><\/p>\n<p><span style=\"color: #000000\">Murallas de \u00c1vila. Disponible en &lt;http:\/\/www.arteguias.com\/murallasavila.htm&gt;<strong><\/strong><\/span><\/p>\n<p><strong><span style=\"color: #000000\">Burgos<\/span><\/strong><\/p>\n<p><span style=\"color: #000000\">(2009). La actividad comercial en el siglo XVI. Disponible en &lt;http:\/\/www.elergonomista.com\/historia\/comercial.htm&gt;<\/span><\/p>\n<p><strong><span style=\"color: #000000\">C\u00f3rdoba<\/span><\/strong><\/p>\n<p><span style=\"color: #000000\">Morales Farf\u00e1n, Lourdes. C\u00f3rdoba (VII): siglo XVI, la llegada de los Austrias y la Rebeli\u00f3n de las Alpujarras. Disponible en &lt;http:\/\/www.unaventanadesdemadrid.com\/otras-comunidades\/cordoba-vii.html&gt;<\/span><\/p>\n<p><strong><span style=\"color: #000000\">Granada<\/span><\/strong><\/p>\n<p><span style=\"color: #000000\">(8\/01\/2013). Granada. Disponible en &lt;http:\/\/es.wikipedia.org\/wiki\/Granada&gt;<\/span><\/p>\n<p><span style=\"color: #000000\">(23\/09\/2012). Hospital Real de Granada. Disponible en &lt;http:\/\/es.wikipedia.org\/wiki\/Hospital_Real_de_Granada&gt;<\/span><\/p>\n<p><span style=\"color: #000000\">(10\/12\/2008). Palacio de Carlos V, Granada (Mapa interactivo). Disponible en &lt;http:\/\/www.youtube.com\/watch?v=TK5y8MmaY8w&gt;<\/span><\/p>\n<p><span style=\"color: #000000\">Historia de Cartuja de Granada. Disponible en &lt;http:\/\/www.alhambra.info\/alhambra_guia_granada\/guia_granada_monumental_historia.asp?monumento=Cartuja&gt;<\/span><\/p>\n<p><span style=\"color: #000000\">(11\/12\/2008). Cartuja, Granada (Mapa interactivo). Disponible en &lt;http:\/\/www.youtube.com\/watch?v=y5-c8ac7cHU&gt;<\/span><\/p>\n<p><span style=\"color: #000000\">(12\/12\/2012) Catedral de Granada. Disponible en &lt;http:\/\/es.wikipedia.org\/wiki\/Catedral_de_Granada&gt;<\/span><\/p>\n<p><strong><span style=\"color: #000000\">Madrid<\/span><\/strong><\/p>\n<p><span style=\"color: #000000\">Madrid en el siglo XVI. Disponible en &lt;http:\/\/www.artehistoria.jcyl.es\/v2\/contextos\/6614.htm&gt;<\/span><\/p>\n<p><strong><span style=\"color: #000000\">Poblaci\u00f3n y actividades econ\u00f3micas en Castilla.<\/span><\/strong><\/p>\n<p><span style=\"color: #000000\">(25\/04\/2008). Poblaci\u00f3n y econom\u00eda en los siglos XVI y XVII. Disponible en &lt;http:\/\/www.youtube.com\/watch?v=itbYMtpev2Q&gt;<\/span><\/p>\n<p><strong><span style=\"color: #000000\">Salamanca<\/span><\/strong><\/p>\n<p><span style=\"color: #000000\">(5\/12\/2012). Salamanca. Disponible en &lt;http:\/\/es.wikipedia.org\/wiki\/Salamanca&gt;<\/span><\/p>\n<p><strong><span style=\"color: #000000\">Santiago de Compostela<\/span><\/strong><\/p>\n<p><span style=\"color: #000000\">(13\/01\/2013). Santiago de Compostela. Disponible en &lt;http:\/\/es.wikipedia.org\/wiki\/Santiago_de_Compostela#Edad_Moderna&gt;<\/span><\/p>\n<p><strong><span style=\"color: #000000\">Segovia<\/span><\/strong><\/p>\n<p><span style=\"color: #000000\">Historia de Segovia. Disponible en &lt;http:\/\/www.segovia.es\/pe\/002ai%20memorias\/historia%20y%20arqueolog%C3%ADa\/HISTORIA%20DE%20SEGOVIA.pdf&gt;<\/span><\/p>\n<p><strong><span style=\"color: #000000\">Sevilla<\/span><\/strong><\/p>\n<p><span style=\"color: #000000\">Pozo Ruiz, Alfonso. Historia de Sevilla en el siglo XVI. Disponible en &lt;http:\/\/personal.us.es\/alporu\/histsevilla\/index.htm&gt;<\/span><\/p>\n<p><span style=\"color: #000000\">(13\/11\/2012). Casa de contrataci\u00f3n. Disponible en &lt;http:\/\/es.wikipedia.org\/wiki\/Casa_de_Contrataci%C3%B3n&gt;<strong><\/strong><\/span><\/p>\n<p><strong><span style=\"color: #000000\">Toledo<\/span><\/strong><\/p>\n<p><span style=\"color: #000000\">Toledo (VI): siglo XVI, La Ciudad Imperial. Disponible en &lt;http:\/\/www.unaventanadesdemadrid.com\/toledo-vi.html&gt;<\/span><\/p>\n<p><span style=\"color: #000000\">(25\/12\/2012) Monasterio de El Escorial. Disponible en &lt;http:\/\/es.wikipedia.org\/wiki\/Monasterio_de_El_Escorial&gt;<\/span><\/p>\n<p><span style=\"color: #000000\">El Greco y Toledo. Disponible en &lt;http:\/\/www.toledoturismo.com\/turismo\/contenido\/mas-toledo\/culturarte\/toledo-arte.aspx&gt;<\/span><\/p>\n<p><span style=\"color: #000000\"><strong>Tordesillas<\/strong><\/span><\/p>\n<p><span style=\"color: #000000\">(06\/2012). Gu\u00eda monumental (arte e historia) de Tordesillas, Valladolid. Disponible en &lt;http:\/\/www.arteguias.com\/valladolid\/tordesillas.htm&gt;<\/span><\/p>\n<p><strong><span style=\"color: #000000\">Valladolid<\/span><\/strong><\/p>\n<p><span style=\"color: #000000\">(10\/12\/2012). Valladolid. Disponible en &lt;http:\/\/es.wikipedia.org\/wiki\/Valladolid&gt;<\/span><\/p>\n<p><span style=\"color: #000000\">(22\/06\/2012). Plaza mayor de Valladolid. Disponible en &lt;http:\/\/es.wikipedia.org\/wiki\/Plaza_Mayor_de_Valladolid&gt;<\/span><\/p>\n","protected":false},"excerpt":{"rendered":"<p>\u00c1vila Murallas de \u00c1vila. Disponible en &lt;http:\/\/www.arteguias.com\/murallasavila.htm&gt; Burgos (2009). La actividad comercial en el siglo XVI. Disponible en &lt;http:\/\/www.elergonomista.com\/historia\/comercial.htm&gt; C\u00f3rdoba Morales Farf\u00e1n, Lourdes. C\u00f3rdoba (VII): siglo XVI, la llegada de los Austrias y la Rebeli\u00f3n de las Alpujarras. Disponible en &hellip; <a href=\"https:\/\/blogs.ua.es\/ciudadescastellanassigloxvi\/bibliografia\/\">Continue reading <span class=\"meta-nav\">&rarr;<\/span><\/a><\/p>\n","protected":false},"author":2762,"featured_media":0,"parent":0,"menu_order":4,"comment_status":"open","ping_status":"closed","template":"","meta":{"footnotes":""},"class_list":["post-17","page","type-page","status-publish","hentry"],"_links":{"self":[{"href":"https:\/\/blogs.ua.es\/ciudadescastellanassigloxvi\/wp-json\/wp\/v2\/pages\/17","targetHints":{"allow":["GET"]}}],"collection":[{"href":"https:\/\/blogs.ua.es\/ciudadescastellanassigloxvi\/wp-json\/wp\/v2\/pages"}],"about":[{"href":"https:\/\/blogs.ua.es\/ciudadescastellanassigloxvi\/wp-json\/wp\/v2\/types\/page"}],"author":[{"embeddable":true,"href":"https:\/\/blogs.ua.es\/ciudadescastellanassigloxvi\/wp-json\/wp\/v2\/users\/2762"}],"replies":[{"embeddable":true,"href":"https:\/\/blogs.ua.es\/ciudadescastellanassigloxvi\/wp-json\/wp\/v2\/comments?post=17"}],"version-history":[{"count":11,"href":"https:\/\/blogs.ua.es\/ciudadescastellanassigloxvi\/wp-json\/wp\/v2\/pages\/17\/revisions"}],"predecessor-version":[{"id":185,"href":"https:\/\/blogs.ua.es\/ciudadescastellanassigloxvi\/wp-json\/wp\/v2\/pages\/17\/revisions\/185"}],"wp:attachment":[{"href":"https:\/\/blogs.ua.es\/ciudadescastellanassigloxvi\/wp-json\/wp\/v2\/media?parent=17"}],"curies":[{"name":"wp","href":"https:\/\/api.w.org\/{rel}","templated":true}]}}