{"id":19,"date":"2012-09-26T16:08:10","date_gmt":"2012-09-26T16:08:10","guid":{"rendered":"https:\/\/blogs.ua.es\/ciudadescastellanassigloxvi\/?page_id=19"},"modified":"2013-01-14T09:36:14","modified_gmt":"2013-01-14T09:36:14","slug":"glosario","status":"publish","type":"page","link":"https:\/\/blogs.ua.es\/ciudadescastellanassigloxvi\/glosario\/","title":{"rendered":"Glosario"},"content":{"rendered":"<p style=\"text-align: justify\">&#8211; <span style=\"color: #3366ff\"><strong>Arco apuntado<\/strong><\/span>: <span style=\"color: #000000\">el que consta de dos porciones de curva que forman \u00e1ngulo en la clave.<\/span><\/p>\n<p style=\"text-align: justify\"><a href=\"https:\/\/blogs.ua.es\/ciudadescastellanassigloxvi\/files\/2012\/09\/Arco-apuntado.png\"><img loading=\"lazy\" decoding=\"async\" class=\"aligncenter size-full wp-image-203\" src=\"https:\/\/blogs.ua.es\/ciudadescastellanassigloxvi\/files\/2012\/09\/Arco-apuntado.png\" alt=\"\" width=\"220\" height=\"354\" srcset=\"https:\/\/blogs.ua.es\/ciudadescastellanassigloxvi\/files\/2012\/09\/Arco-apuntado.png 220w, https:\/\/blogs.ua.es\/ciudadescastellanassigloxvi\/files\/2012\/09\/Arco-apuntado-186x300.png 186w\" sizes=\"auto, (max-width: 220px) 100vw, 220px\" \/><\/a><\/p>\n<p style=\"text-align: justify\">&#8211;\u00a0<span style=\"color: #3366ff\"><strong>Arco de herradura:<\/strong><\/span>\u00a0el arco que tiene m\u00e1s de media circunferencia y cuyos arranques vuelan tanto como la imposta.<\/p>\n<p style=\"text-align: justify\"><a href=\"https:\/\/blogs.ua.es\/ciudadescastellanassigloxvi\/files\/2012\/09\/Arco-herradura.gif\"><img loading=\"lazy\" decoding=\"async\" class=\"aligncenter size-full wp-image-177\" src=\"https:\/\/blogs.ua.es\/ciudadescastellanassigloxvi\/files\/2012\/09\/Arco-herradura.gif\" alt=\"\" width=\"271\" height=\"333\" srcset=\"https:\/\/blogs.ua.es\/ciudadescastellanassigloxvi\/files\/2012\/09\/Arco-herradura.gif 271w, https:\/\/blogs.ua.es\/ciudadescastellanassigloxvi\/files\/2012\/09\/Arco-herradura-244x300.gif 244w\" sizes=\"auto, (max-width: 271px) 100vw, 271px\" \/><\/a>&#8211; <span style=\"color: #3366ff\"><strong>Arco lobulado<\/strong><\/span>: se abre sobre un arco apuntado, los l\u00f3bulos son de herradura e impares, para que uno corresponda a la clave y puede presentar desde tres a siete l\u00f3bulos.<\/p>\n<p style=\"text-align: justify\"><a href=\"https:\/\/blogs.ua.es\/ciudadescastellanassigloxvi\/files\/2012\/09\/Arco-lobulado.png\"><img loading=\"lazy\" decoding=\"async\" class=\"aligncenter size-full wp-image-204\" src=\"https:\/\/blogs.ua.es\/ciudadescastellanassigloxvi\/files\/2012\/09\/Arco-lobulado.png\" alt=\"\" width=\"344\" height=\"373\" srcset=\"https:\/\/blogs.ua.es\/ciudadescastellanassigloxvi\/files\/2012\/09\/Arco-lobulado.png 344w, https:\/\/blogs.ua.es\/ciudadescastellanassigloxvi\/files\/2012\/09\/Arco-lobulado-276x300.png 276w\" sizes=\"auto, (max-width: 344px) 100vw, 344px\" \/><\/a><\/p>\n<p style=\"text-align: justify\">&#8211;\u00a0<span style=\"color: #3366ff\"><strong>Arco medio punto:<\/strong><\/span>\u00a0el arco que consta de una semicircunferencia.<\/p>\n<p style=\"text-align: justify\"><a href=\"https:\/\/blogs.ua.es\/ciudadescastellanassigloxvi\/files\/2012\/09\/medio-punto.jpg\"><img loading=\"lazy\" decoding=\"async\" class=\"aligncenter size-full wp-image-178\" src=\"https:\/\/blogs.ua.es\/ciudadescastellanassigloxvi\/files\/2012\/09\/medio-punto.jpg\" alt=\"\" width=\"300\" height=\"338\" srcset=\"https:\/\/blogs.ua.es\/ciudadescastellanassigloxvi\/files\/2012\/09\/medio-punto.jpg 300w, https:\/\/blogs.ua.es\/ciudadescastellanassigloxvi\/files\/2012\/09\/medio-punto-266x300.jpg 266w\" sizes=\"auto, (max-width: 300px) 100vw, 300px\" \/><\/a><\/p>\n<p style=\"text-align: justify\">&#8211;\u00a0<span style=\"color: #3366ff\"><strong>B\u00f3veda de ca\u00f1\u00f3n:<\/strong><\/span>\u00a0b\u00f3veda de superficie generalmente semicil\u00edndrica que cubre el espacio comprendido entre dos muros paralelos.<\/p>\n<p style=\"text-align: justify\"><span style=\"color: #000000\">&#8211; <span style=\"color: #3366ff\"><strong>B\u00f3veda de crucer\u00eda:<\/strong><\/span> es un tipo de b\u00f3veda caracter\u00edstico de la arquitectura g\u00f3tica que recibe este nombre porque est\u00e1 conformada por el cruce, o intersecci\u00f3n, de dos b\u00f3vedas de ca\u00f1\u00f3n apuntado.<\/span><\/p>\n<p><a href=\"https:\/\/blogs.ua.es\/ciudadescastellanassigloxvi\/files\/2012\/09\/boveda-de-cruceria.jpg\"><img loading=\"lazy\" decoding=\"async\" class=\"aligncenter size-full wp-image-205\" src=\"https:\/\/blogs.ua.es\/ciudadescastellanassigloxvi\/files\/2012\/09\/boveda-de-cruceria.jpg\" alt=\"\" width=\"305\" height=\"320\" srcset=\"https:\/\/blogs.ua.es\/ciudadescastellanassigloxvi\/files\/2012\/09\/boveda-de-cruceria.jpg 305w, https:\/\/blogs.ua.es\/ciudadescastellanassigloxvi\/files\/2012\/09\/boveda-de-cruceria-285x300.jpg 285w\" sizes=\"auto, (max-width: 305px) 100vw, 305px\" \/><\/a><\/p>\n<p style=\"text-align: justify\">&#8211;\u00a0<span style=\"color: #3366ff\"><strong>Estilo mud\u00e9jar:<\/strong><\/span>\u00a0se dice del estilo arquitect\u00f3nico que floreci\u00f3 en Espa\u00f1a desde el siglo XIII hasta el XVI, caracterizado por la conservaci\u00f3n de elementos del arte cristiano y el empleo de la ornamentaci\u00f3n \u00e1rabe.<\/p>\n<p style=\"text-align: justify\">&#8211;<strong>\u00a0<span style=\"color: #3366ff\">Fiscal:<\/span><\/strong>\u00a0es la persona que representa y ejerce el ministerio p\u00fablico\u00a0en los tribunales.<\/p>\n<p style=\"text-align: justify\">&#8211;\u00a0<span style=\"color: #3366ff\"><strong>Herreriano:<\/strong><\/span>\u00a0caracter\u00edstico al arquitecto espa\u00f1ol Juan de Herrera.<\/p>\n<p style=\"text-align: justify\">&#8211; <strong><span style=\"color: #3366ff\">Movimiento de Comunero:<\/span><\/strong> o la Guerra de las Comunidades de Castilla fue el levantamiento armado de los denominados comuneros de la Corona de Castilla desde el a\u00f1o 1520 hasta 1522, es decir, a comienzos del reinado de Carlos I. Las ciudades protagonistas fueron las del interior castellano. Los comuneros reprocharon a Carlos I su autoproclamaci\u00f3n, su falta de saber sobre la cultura y la lengua castellana, la llevada de numerosos nobles y cl\u00e9rigos flamencos como Corte y sus demandas fiscales para su nombramiento de emperador. Las tropas imperiales ganaron en la batalla de Villalar, el 23 de abril de 1521. All\u00ed mismo, al d\u00eda siguiente, se decapit\u00f3 a los l\u00edderes comuneros. El ej\u00e9rcito comunero se qued\u00f3 descompuesto. Solo quedaba Toledo hasta su rendici\u00f3n en febrero de 1522.<\/p>\n<p style=\"text-align: justify\"><span style=\"color: #000000;font-size: 15.454545021057129px;font-style: normal;line-height: 21.81818199157715px\">&#8211;\u00a0<\/span><strong><span style=\"color: #3366ff\">Oidores:<\/span><\/strong><span style=\"color: #000000;font-size: 15.454545021057129px;font-style: normal;line-height: 21.81818199157715px\">\u00a0se llamaban as\u00ed los jueces miembros de las Reales Audiencias. El nombre proviene de su obligaci\u00f3n de escuchar a las partes en un proceso judicial.<\/span><\/p>\n<p style=\"text-align: justify\"><span style=\"color: #000000;font-size: 15.454545021057129px;font-style: normal;line-height: 21.81818199157715px\">&#8211;\u00a0<\/span><strong><span style=\"color: #3366ff\">Plateresco:<\/span><\/strong><span style=\"color: #000000;font-size: 15.454545021057129px;font-style: normal;line-height: 21.81818199157715px\">\u00a0se dice del estilo espa\u00f1ol de ornamentaci\u00f3n empleado por los plateros del siglo XVI, aprovechando elementos de las arquitecturas cl\u00e1sica y ojival.\u00a0<\/span><\/p>\n<p style=\"text-align: justify\">&#8211;\u00a0<span style=\"color: #3366ff\"><strong>Purismo:<\/strong><\/span>\u00a0movimiento art\u00edstico definido por la recuperaci\u00f3n de la supuesta pureza (cultural, moral, profesional o est\u00e9tica), es decir lo m\u00e1s sencillo.<\/p>\n<p style=\"text-align: justify\"><span style=\"color: #000000\">&#8211; <strong><span style=\"color: #3366ff\">Real audiencia:<\/span><\/strong> creado por Enrique II en 1369 fue el m\u00e1ximo \u00f3rgano de justicia de Castilla.<\/span><\/p>\n<p style=\"text-align: justify\"><span style=\"color: #000000\">&#8211; <strong><span style=\"color: #3366ff\">Renacimiento:<\/span><\/strong> \u00e9poca que comienza a mediados del siglo XV, en que se despert\u00f3 en Occidente vivo entusiasmo por el estudio de la Antig\u00fcedad cl\u00e1sica griega y latina. En la literatura, el arte o la arquitectura, se encuentra en una estrecha relaci\u00f3n con la Naturaleza.<\/span><\/p>\n","protected":false},"excerpt":{"rendered":"<p>&#8211; Arco apuntado: el que consta de dos porciones de curva que forman \u00e1ngulo en la clave. &#8211;\u00a0Arco de herradura:\u00a0el arco que tiene m\u00e1s de media circunferencia y cuyos arranques vuelan tanto como la imposta. &#8211; Arco lobulado: se abre &hellip; <a href=\"https:\/\/blogs.ua.es\/ciudadescastellanassigloxvi\/glosario\/\">Continue reading <span class=\"meta-nav\">&rarr;<\/span><\/a><\/p>\n","protected":false},"author":2762,"featured_media":0,"parent":0,"menu_order":3,"comment_status":"open","ping_status":"closed","template":"","meta":{"footnotes":""},"class_list":["post-19","page","type-page","status-publish","hentry"],"_links":{"self":[{"href":"https:\/\/blogs.ua.es\/ciudadescastellanassigloxvi\/wp-json\/wp\/v2\/pages\/19","targetHints":{"allow":["GET"]}}],"collection":[{"href":"https:\/\/blogs.ua.es\/ciudadescastellanassigloxvi\/wp-json\/wp\/v2\/pages"}],"about":[{"href":"https:\/\/blogs.ua.es\/ciudadescastellanassigloxvi\/wp-json\/wp\/v2\/types\/page"}],"author":[{"embeddable":true,"href":"https:\/\/blogs.ua.es\/ciudadescastellanassigloxvi\/wp-json\/wp\/v2\/users\/2762"}],"replies":[{"embeddable":true,"href":"https:\/\/blogs.ua.es\/ciudadescastellanassigloxvi\/wp-json\/wp\/v2\/comments?post=19"}],"version-history":[{"count":11,"href":"https:\/\/blogs.ua.es\/ciudadescastellanassigloxvi\/wp-json\/wp\/v2\/pages\/19\/revisions"}],"predecessor-version":[{"id":176,"href":"https:\/\/blogs.ua.es\/ciudadescastellanassigloxvi\/wp-json\/wp\/v2\/pages\/19\/revisions\/176"}],"wp:attachment":[{"href":"https:\/\/blogs.ua.es\/ciudadescastellanassigloxvi\/wp-json\/wp\/v2\/media?parent=19"}],"curies":[{"name":"wp","href":"https:\/\/api.w.org\/{rel}","templated":true}]}}